{"id":14,"date":"2024-11-13T02:07:32","date_gmt":"2024-11-13T02:07:32","guid":{"rendered":"https:\/\/eclipseearn.pro\/?page_id=14"},"modified":"2025-06-03T10:43:54","modified_gmt":"2025-06-03T10:43:54","slug":"uber-uns","status":"publish","type":"page","link":"https:\/\/eclipseearn.pro\/de\/about-us\/","title":{"rendered":"\u00dcber uns"},"content":{"rendered":"<div data-elementor-type=\"wp-page\" data-elementor-id=\"14\" class=\"elementor elementor-14\" data-elementor-post-type=\"page\">\n\t\t\t\t<div class=\"elementor-element elementor-element-f53791e e-flex e-con-boxed e-con e-parent\" data-id=\"f53791e\" data-element_type=\"container\" data-e-type=\"container\">\n\t\t\t\t\t<div class=\"e-con-inner\">\n\t\t<div class=\"elementor-element elementor-element-dd44607 e-con-full e-flex e-con e-child\" data-id=\"dd44607\" data-element_type=\"container\" data-e-type=\"container\">\n\t\t\t\t<div class=\"elementor-element elementor-element-0a2c9c4 elementor-widget elementor-widget-heading\" data-id=\"0a2c9c4\" data-element_type=\"widget\" data-e-type=\"widget\" data-widget_type=\"heading.default\">\n\t\t\t\t\t<h1 class=\"elementor-heading-title elementor-size-default\">\u00dcber uns<\/h1>\t\t\t\t<\/div>\n\t\t\t\t<div class=\"elementor-element elementor-element-a4192ee elementor-widget elementor-widget-text-editor\" data-id=\"a4192ee\" data-element_type=\"widget\" data-e-type=\"widget\" data-widget_type=\"text-editor.default\">\n\t\t\t\t\t\t\t\t\t<p>Bei Eclipse Earn haben wir uns schon immer als Innovatoren auf dem Kryptomarkt gesehen und unser Team bietet Ihnen eine Plattform, die Dinge anders macht als alle anderen. Wir begannen mit dem Aufbau unserer Plattform, als wir eine Marktl\u00fccke sahen, in der wir den Krypto-Handel f\u00fcr jedermann zug\u00e4nglich machen wollten. Neben der Entwicklung von Eclipse Earn sind wir eingefleischte Krypto-Enthusiasten und glauben an den Wert der Blockchain-Technologie. Eines Tages wird es die Welt wirklich revolutionieren, und wir hoffen, dazu beitragen zu k\u00f6nnen. Nachdem wir den Markt und seine Ver\u00e4nderungen gesehen haben, glauben wir, dass die Zukunft des Kryptohandels im Internet stattfinden wird. Wir arbeiten hart daran, sicherzustellen, dass Krypto w\u00e4chst und f\u00fcr alle zu einem Wert wird.<\/p>\t\t\t\t\t\t\t\t<\/div>\n\t\t\t\t<\/div>\n\t\t\t\t\t<\/div>\n\t\t\t\t<\/div>\n\t\t<div class=\"elementor-element elementor-element-bae02c9 e-flex e-con-boxed e-con e-parent\" data-id=\"bae02c9\" data-element_type=\"container\" data-e-type=\"container\">\n\t\t\t\t\t<div class=\"e-con-inner\">\n\t\t<div class=\"elementor-element elementor-element-b12e63d e-con-full elementor-hidden-mobile e-flex e-con e-child\" data-id=\"b12e63d\" data-element_type=\"container\" data-e-type=\"container\">\n\t\t\t\t<div class=\"elementor-element elementor-element-f7ec361 elementor-widget-mobile__width-initial elementor-widget elementor-widget-image\" data-id=\"f7ec361\" data-element_type=\"widget\" data-e-type=\"widget\" data-widget_type=\"image.default\">\n\t\t\t\t\t\t\t\t\t\t\t\t\t\t\t<img fetchpriority=\"high\" decoding=\"async\" width=\"550\" height=\"365\" src=\"https:\/\/eclipseearn.pro\/wp-content\/uploads\/2025\/01\/bright-future.webp\" class=\"attachment-full size-full wp-image-869\" alt=\"Eclipse sichert sich eine strahlende Zukunft\" srcset=\"https:\/\/eclipseearn.pro\/wp-content\/uploads\/2025\/01\/bright-future.webp 550w, https:\/\/eclipseearn.pro\/wp-content\/uploads\/2025\/01\/bright-future-300x199.webp 300w, https:\/\/eclipseearn.pro\/wp-content\/uploads\/2025\/01\/bright-future-18x12.webp 18w\" sizes=\"(max-width: 550px) 100vw, 550px\" \/>\t\t\t\t\t\t\t\t\t\t\t\t\t\t\t<\/div>\n\t\t\t\t<\/div>\n\t\t<div class=\"elementor-element elementor-element-8e6f6b0 e-con-full e-flex e-con e-child\" data-id=\"8e6f6b0\" data-element_type=\"container\" data-e-type=\"container\">\n\t\t\t\t<div class=\"elementor-element elementor-element-afc7b55 elementor-widget elementor-widget-heading\" data-id=\"afc7b55\" data-element_type=\"widget\" data-e-type=\"widget\" data-widget_type=\"heading.default\">\n\t\t\t\t\t<h2 class=\"elementor-heading-title elementor-size-default\">Die Zukunft sieht rosig aus<\/h2>\t\t\t\t<\/div>\n\t\t\t\t<div class=\"elementor-element elementor-element-cce01e8 elementor-widget elementor-widget-text-editor\" data-id=\"cce01e8\" data-element_type=\"widget\" data-e-type=\"widget\" data-widget_type=\"text-editor.default\">\n\t\t\t\t\t\t\t\t\t<p>Bei Eclipse Earn haben wir jetzt einen Punkt erreicht, an dem die Zukunft rosig aussieht. Wir k\u00f6nnen mit Stolz sagen, dass sich unsere harte Arbeit ausgezahlt hat, und wir sehen, dass viele Menschen die von uns entwickelte Plattform lieben. Unser Team kann es kaum erwarten, zu sehen, was als N\u00e4chstes passieren wird.<\/p><p>Eines unserer Ziele ist es, das Wissen \u00fcber Kryptow\u00e4hrungen zu erweitern, damit die Menschen mit besserem Wissen handeln k\u00f6nnen. Dies gilt vor allem f\u00fcr Anf\u00e4nger, da wir ihnen gerne dabei helfen m\u00f6chten, in der Kryptow\u00e4hrung erfolgreich zu sein.<\/p>\t\t\t\t\t\t\t\t<\/div>\n\t\t\t\t<\/div>\n\t\t\t\t\t<\/div>\n\t\t\t\t<\/div>\n\t\t<div class=\"elementor-element elementor-element-1399e9a elementor-hidden-desktop elementor-hidden-tablet e-flex e-con-boxed e-con e-parent\" data-id=\"1399e9a\" data-element_type=\"container\" data-e-type=\"container\">\n\t\t\t\t\t<div class=\"e-con-inner\">\n\t\t<div class=\"elementor-element elementor-element-f0f2d8d e-con-full e-flex e-con e-child\" data-id=\"f0f2d8d\" data-element_type=\"container\" data-e-type=\"container\">\n\t\t\t\t<div class=\"elementor-element elementor-element-ceb7ec5 elementor-widget-mobile__width-initial elementor-widget elementor-widget-image\" data-id=\"ceb7ec5\" data-element_type=\"widget\" data-e-type=\"widget\" data-widget_type=\"image.default\">\n\t\t\t\t\t\t\t\t\t\t\t\t\t\t\t<img fetchpriority=\"high\" decoding=\"async\" width=\"550\" height=\"365\" src=\"https:\/\/eclipseearn.pro\/wp-content\/uploads\/2025\/01\/bright-future.webp\" class=\"attachment-full size-full wp-image-869\" alt=\"Eclipse sichert sich eine strahlende Zukunft\" srcset=\"https:\/\/eclipseearn.pro\/wp-content\/uploads\/2025\/01\/bright-future.webp 550w, https:\/\/eclipseearn.pro\/wp-content\/uploads\/2025\/01\/bright-future-300x199.webp 300w, https:\/\/eclipseearn.pro\/wp-content\/uploads\/2025\/01\/bright-future-18x12.webp 18w\" sizes=\"(max-width: 550px) 100vw, 550px\" \/>\t\t\t\t\t\t\t\t\t\t\t\t\t\t\t<\/div>\n\t\t\t\t<\/div>\n\t\t<div class=\"elementor-element elementor-element-586566c e-con-full elementor-hidden-mobile e-flex e-con e-child\" data-id=\"586566c\" data-element_type=\"container\" data-e-type=\"container\">\n\t\t\t\t<div class=\"elementor-element elementor-element-e47ef6e elementor-widget elementor-widget-heading\" data-id=\"e47ef6e\" data-element_type=\"widget\" data-e-type=\"widget\" data-widget_type=\"heading.default\">\n\t\t\t\t\t<h2 class=\"elementor-heading-title elementor-size-default\">Die Zukunft sieht rosig aus<\/h2>\t\t\t\t<\/div>\n\t\t\t\t<div class=\"elementor-element elementor-element-4dbcede elementor-widget elementor-widget-text-editor\" data-id=\"4dbcede\" data-element_type=\"widget\" data-e-type=\"widget\" data-widget_type=\"text-editor.default\">\n\t\t\t\t\t\t\t\t\t<div class=\"block__col\"><p class=\"txt\">Bei Eclipse Earn haben wir jetzt einen Punkt erreicht, an dem die Zukunft rosig aussieht. Wir k\u00f6nnen mit Stolz sagen, dass sich unsere harte Arbeit ausgezahlt hat, und wir sehen, dass viele Menschen die von uns entwickelte Plattform lieben. Unser Team kann es kaum erwarten, zu sehen, was als N\u00e4chstes passieren wird.<\/p><p>Eines unserer Ziele ist es, das Wissen \u00fcber Kryptow\u00e4hrungen zu erweitern, damit die Menschen mit besserem Wissen handeln k\u00f6nnen. Dies gilt vor allem f\u00fcr Anf\u00e4nger, da wir ihnen gerne dabei helfen m\u00f6chten, in der Kryptow\u00e4hrung erfolgreich zu sein.<\/p><\/div>\t\t\t\t\t\t\t\t<\/div>\n\t\t\t\t<\/div>\n\t\t\t\t\t<\/div>\n\t\t\t\t<\/div>\n\t\t<div class=\"elementor-element elementor-element-7fbffba e-flex e-con-boxed e-con e-parent\" data-id=\"7fbffba\" data-element_type=\"container\" data-e-type=\"container\">\n\t\t\t\t\t<div class=\"e-con-inner\">\n\t\t<div class=\"elementor-element elementor-element-c888f3f e-con-full e-flex e-con e-child\" data-id=\"c888f3f\" data-element_type=\"container\" data-e-type=\"container\">\n\t\t\t\t<div class=\"elementor-element elementor-element-607c6e2 elementor-widget elementor-widget-heading\" data-id=\"607c6e2\" data-element_type=\"widget\" data-e-type=\"widget\" data-widget_type=\"heading.default\">\n\t\t\t\t\t<h2 class=\"elementor-heading-title elementor-size-default\">Eine Welt voller M\u00f6glichkeiten erwartet Sie<\/h2>\t\t\t\t<\/div>\n\t\t\t\t<div class=\"elementor-element elementor-element-955d5f6 elementor-widget elementor-widget-text-editor\" data-id=\"955d5f6\" data-element_type=\"widget\" data-e-type=\"widget\" data-widget_type=\"text-editor.default\">\n\t\t\t\t\t\t\t\t\t<p>Eines unserer Ziele mit der Plattform ist es, die Menschen \u00fcber ihre Investitionen aufzukl\u00e4ren. Wir wollen, dass die Menschen Erfolg haben, und das tun wir, indem wir sie \u00fcber ihre M\u00f6glichkeiten mit Kryptow\u00e4hrungen und deren Funktionsweise aufkl\u00e4ren. W\u00e4hrend wir die Menschen aufkl\u00e4ren, versuchen wir, an der Spitze unserer Branche zu bleiben.<\/p><p>Bitcoin erfreut sich weltweit immer gr\u00f6\u00dferer Beliebtheit, und wir w\u00fcrden gerne zu den Unternehmen geh\u00f6ren, die zu dieser Revolution beitragen. Wir hoffen, die Plattform zu werden, die jeder sucht, um die Bewegung zu beobachten und profitable Trades zu machen.<\/p>\t\t\t\t\t\t\t\t<\/div>\n\t\t\t\t<\/div>\n\t\t<div class=\"elementor-element elementor-element-0288b96 e-con-full e-flex e-con e-child\" data-id=\"0288b96\" data-element_type=\"container\" data-e-type=\"container\">\n\t\t\t\t<div class=\"elementor-element elementor-element-494c610 elementor-widget elementor-widget-image\" data-id=\"494c610\" data-element_type=\"widget\" data-e-type=\"widget\" data-widget_type=\"image.default\">\n\t\t\t\t\t\t\t\t\t\t\t\t\t\t\t<img decoding=\"async\" width=\"550\" height=\"307\" src=\"https:\/\/eclipseearn.pro\/wp-content\/uploads\/2025\/01\/a-world-.webp\" class=\"attachment-full size-full wp-image-870\" alt=\"World of Opportunities Awaits\" srcset=\"https:\/\/eclipseearn.pro\/wp-content\/uploads\/2025\/01\/a-world-.webp 550w, https:\/\/eclipseearn.pro\/wp-content\/uploads\/2025\/01\/a-world--300x167.webp 300w, https:\/\/eclipseearn.pro\/wp-content\/uploads\/2025\/01\/a-world--18x10.webp 18w\" sizes=\"(max-width: 550px) 100vw, 550px\" \/>\t\t\t\t\t\t\t\t\t\t\t\t\t\t\t<\/div>\n\t\t\t\t<\/div>\n\t\t\t\t\t<\/div>\n\t\t\t\t<\/div>\n\t\t\t\t<\/div>","protected":false},"excerpt":{"rendered":"<p>About Us At Eclipse Earn, we\u2019ve always seen ourselves as innovators in the crypto market, and our team brings you a platform that does things differently from all the others. We first started building our platform when we saw a gap in the market where we wanted to make crypto trading accessible to everyone. Along [&hellip;]<\/p>\n","protected":false},"author":1,"featured_media":0,"parent":0,"menu_order":0,"comment_status":"closed","ping_status":"closed","template":"elementor_header_footer","meta":{"footnotes":""},"class_list":["post-14","page","type-page","status-publish","hentry"],"_links":{"self":[{"href":"https:\/\/eclipseearn.pro\/de\/wp-json\/wp\/v2\/pages\/14","targetHints":{"allow":["GET"]}}],"collection":[{"href":"https:\/\/eclipseearn.pro\/de\/wp-json\/wp\/v2\/pages"}],"about":[{"href":"https:\/\/eclipseearn.pro\/de\/wp-json\/wp\/v2\/types\/page"}],"author":[{"embeddable":true,"href":"https:\/\/eclipseearn.pro\/de\/wp-json\/wp\/v2\/users\/1"}],"replies":[{"embeddable":true,"href":"https:\/\/eclipseearn.pro\/de\/wp-json\/wp\/v2\/comments?post=14"}],"version-history":[{"count":37,"href":"https:\/\/eclipseearn.pro\/de\/wp-json\/wp\/v2\/pages\/14\/revisions"}],"predecessor-version":[{"id":1380,"href":"https:\/\/eclipseearn.pro\/de\/wp-json\/wp\/v2\/pages\/14\/revisions\/1380"}],"wp:attachment":[{"href":"https:\/\/eclipseearn.pro\/de\/wp-json\/wp\/v2\/media?parent=14"}],"curies":[{"name":"wp","href":"https:\/\/api.w.org\/{rel}","templated":true}]}}