{"id":18,"date":"2024-11-13T02:08:27","date_gmt":"2024-11-13T02:08:27","guid":{"rendered":"https:\/\/eclipseearn.pro\/?page_id=18"},"modified":"2025-06-04T10:37:24","modified_gmt":"2025-06-04T10:37:24","slug":"datenschutzrichtlinie","status":"publish","type":"page","link":"https:\/\/eclipseearn.pro\/de\/privacy-policy\/","title":{"rendered":"Datenschutzbestimmungen"},"content":{"rendered":"<div data-elementor-type=\"wp-page\" data-elementor-id=\"18\" class=\"elementor elementor-18\" data-elementor-post-type=\"page\">\n\t\t\t\t\t\t<section class=\"elementor-section elementor-top-section elementor-element elementor-element-211691d elementor-section-boxed elementor-section-height-default elementor-section-height-default\" data-id=\"211691d\" data-element_type=\"section\" data-e-type=\"section\" data-settings=\"{&quot;background_background&quot;:&quot;classic&quot;}\">\n\t\t\t\t\t\t<div class=\"elementor-container elementor-column-gap-default\">\n\t\t\t\t\t<div class=\"elementor-column elementor-col-100 elementor-top-column elementor-element elementor-element-70f33ca\" data-id=\"70f33ca\" data-element_type=\"column\" data-e-type=\"column\">\n\t\t\t<div class=\"elementor-widget-wrap elementor-element-populated\">\n\t\t\t\t\t\t<div class=\"elementor-element elementor-element-a72415e elementor-widget elementor-widget-heading\" data-id=\"a72415e\" data-element_type=\"widget\" data-e-type=\"widget\" data-widget_type=\"heading.default\">\n\t\t\t\t\t<h1 class=\"elementor-heading-title elementor-size-default\">Datenschutzbestimmungen<\/h1>\t\t\t\t<\/div>\n\t\t\t\t\t<\/div>\n\t\t<\/div>\n\t\t\t\t\t<\/div>\n\t\t<\/section>\n\t\t\t\t<section class=\"elementor-section elementor-top-section elementor-element elementor-element-6657479 elementor-section-boxed elementor-section-height-default elementor-section-height-default\" data-id=\"6657479\" data-element_type=\"section\" data-e-type=\"section\">\n\t\t\t\t\t\t<div class=\"elementor-container elementor-column-gap-default\">\n\t\t\t\t\t<div class=\"elementor-column elementor-col-100 elementor-top-column elementor-element elementor-element-a60d826\" data-id=\"a60d826\" data-element_type=\"column\" data-e-type=\"column\">\n\t\t\t<div class=\"elementor-widget-wrap elementor-element-populated\">\n\t\t\t\t\t\t<div class=\"elementor-element elementor-element-6841ca6 elementor-widget elementor-widget-text-editor\" data-id=\"6841ca6\" data-element_type=\"widget\" data-e-type=\"widget\" data-widget_type=\"text-editor.default\">\n\t\t\t\t\t\t\t\t\t<p class=\"translation-block\">Bei <strong>Eclipse Earn<\/strong>, erreichbar unter <a href=\"https:\/\/eclipseearn.pro\/de\/\" target=\"_self\">https:\/\/eclipseearn.pro\/<\/a>, ist uns der Schutz Ihrer Daten besonders wichtig. Diese Datenschutzerkl\u00e4rung beschreibt, welche Informationen von <strong>Eclipse Earn<\/strong> erfasst und gespeichert werden und wie wir diese nutzen.<\/p><p>Wenn Sie weitere Fragen haben oder weitere Informationen zu unserer Datenschutzrichtlinie ben\u00f6tigen, z\u00f6gern Sie nicht, uns zu kontaktieren.<\/p><p class=\"translation-block\">Diese Datenschutzrichtlinie gilt ausschlie\u00dflich f\u00fcr unsere Online-Aktivit\u00e4ten und ist f\u00fcr Besucher unserer Website hinsichtlich der Informationen g\u00fcltig, die sie in <strong>Eclipse Earn<\/strong> teilen und\/oder die dort erfasst werden. Diese Richtlinie gilt nicht f\u00fcr Informationen, die offline oder \u00fcber andere Kan\u00e4le als diese Website erfasst werden.<\/p>\t\t\t\t\t\t\t\t<\/div>\n\t\t\t\t<div class=\"elementor-element elementor-element-667f3e0 elementor-widget elementor-widget-heading\" data-id=\"667f3e0\" data-element_type=\"widget\" data-e-type=\"widget\" data-widget_type=\"heading.default\">\n\t\t\t\t\t<h2 class=\"elementor-heading-title elementor-size-default\">Zustimmung<\/h2>\t\t\t\t<\/div>\n\t\t\t\t<div class=\"elementor-element elementor-element-8cd4ad1 elementor-widget elementor-widget-text-editor\" data-id=\"8cd4ad1\" data-element_type=\"widget\" data-e-type=\"widget\" data-widget_type=\"text-editor.default\">\n\t\t\t\t\t\t\t\t\t<p>Durch die Nutzung unserer Website stimmen Sie hiermit unserer Datenschutzrichtlinie zu und stimmen deren Bedingungen zu.<\/p>\t\t\t\t\t\t\t\t<\/div>\n\t\t\t\t<div class=\"elementor-element elementor-element-560f5d6 elementor-widget elementor-widget-heading\" data-id=\"560f5d6\" data-element_type=\"widget\" data-e-type=\"widget\" data-widget_type=\"heading.default\">\n\t\t\t\t\t<h2 class=\"elementor-heading-title elementor-size-default\">Informationen, die wir sammeln<\/h2>\t\t\t\t<\/div>\n\t\t\t\t<div class=\"elementor-element elementor-element-d0e0e8e elementor-widget elementor-widget-text-editor\" data-id=\"d0e0e8e\" data-element_type=\"widget\" data-e-type=\"widget\" data-widget_type=\"text-editor.default\">\n\t\t\t\t\t\t\t\t\t<p>Die personenbezogenen Daten, um deren Bereitstellung Sie gebeten werden, und die Gr\u00fcnde, warum Sie zur Bereitstellung dieser Daten aufgefordert werden, werden Ihnen an dem Punkt mitgeteilt, an dem wir Sie um die Angabe Ihrer personenbezogenen Daten bitten.<\/p><p>Wenn Sie uns direkt kontaktieren, erhalten wir m\u00f6glicherweise zus\u00e4tzliche Informationen \u00fcber Sie, wie Ihren Namen, Ihre E-Mail-Adresse, Ihre Telefonnummer, den Inhalt der Nachricht und\/oder der Anh\u00e4nge, die Sie uns senden, sowie alle anderen Informationen, die Sie uns zur Verf\u00fcgung stellen.<\/p><p>Wenn Sie sich f\u00fcr ein Konto registrieren, fragen wir Sie m\u00f6glicherweise nach Ihren Kontaktinformationen, einschlie\u00dflich Angaben wie Name, Firmenname, Adresse, E-Mail-Adresse und Telefonnummer.<\/p><p>Bitte lesen Sie unsere Datenschutzrichtlinie und stimmen Sie deren Bedingungen zu.<\/p>\t\t\t\t\t\t\t\t<\/div>\n\t\t\t\t<div class=\"elementor-element elementor-element-856892b elementor-widget elementor-widget-heading\" data-id=\"856892b\" data-element_type=\"widget\" data-e-type=\"widget\" data-widget_type=\"heading.default\">\n\t\t\t\t\t<h2 class=\"elementor-heading-title elementor-size-default\">Wie wir Ihre Informationen verwenden<\/h2>\t\t\t\t<\/div>\n\t\t\t\t<div class=\"elementor-element elementor-element-0dd5be0 elementor-widget elementor-widget-text-editor\" data-id=\"0dd5be0\" data-element_type=\"widget\" data-e-type=\"widget\" data-widget_type=\"text-editor.default\">\n\t\t\t\t\t\t\t\t\t<p>Wir verwenden die von uns erfassten Informationen auf verschiedene Weise, unter anderem um:<\/p><ul><li>Bereitstellung, Betrieb und Wartung unserer Website<\/li><li>Verbessern, personalisieren und erweitern Sie unsere Website<\/li><li>Verstehen und analysieren Sie, wie Sie unsere Website nutzen<\/li><li>Entwickeln Sie neue Produkte, Dienste, Features und Funktionen<\/li><li>Zur Kommunikation mit Ihnen, entweder direkt oder \u00fcber einen unserer Partner, einschlie\u00dflich f\u00fcr den Kundenservice, um Ihnen Aktualisierungen und andere Informationen im Zusammenhang mit der Website bereitzustellen sowie f\u00fcr Marketing- und Werbezwecke<\/li><li>Senden Sie Ihnen E-Mails<\/li><li>Betrug erkennen und verhindern<\/li><\/ul>\t\t\t\t\t\t\t\t<\/div>\n\t\t\t\t<div class=\"elementor-element elementor-element-897c66f elementor-widget elementor-widget-heading\" data-id=\"897c66f\" data-element_type=\"widget\" data-e-type=\"widget\" data-widget_type=\"heading.default\">\n\t\t\t\t\t<h2 class=\"elementor-heading-title elementor-size-default\">Erhebung und Nutzung von Telefonnummern<\/h2>\t\t\t\t<\/div>\n\t\t\t\t<div class=\"elementor-element elementor-element-6c23ca2 elementor-widget elementor-widget-text-editor\" data-id=\"6c23ca2\" data-element_type=\"widget\" data-e-type=\"widget\" data-widget_type=\"text-editor.default\">\n\t\t\t\t\t\t\t\t\t<p class=\"translation-block\">Bei <strong>Eclipse Earn<\/strong> erfassen wir Telefonnummern unserer Nutzer \u00fcber unser Registrierungsformular. Diese Erfassung dient mehreren wichtigen Zwecken:<\/p><ul><li><strong>Kommunikation:<\/strong>\u00a0Die Telefonnummern dienen in erster Linie dazu, die direkte Kommunikation mit den Nutzern zu erm\u00f6glichen. Dies kann die Bereitstellung von Support, die Beantwortung von Fragen und das Anbieten von Updates im Zusammenhang mit unseren Diensten oder Benutzerkonten umfassen.<\/li><li class=\"translation-block\"><strong>Kontoverwaltung:<\/strong>\u00a0 Telefonnummern werden zur \u00dcberpr\u00fcfung der Benutzeridentit\u00e4t und zur Unterst\u00fctzung bei der Verwaltung von Benutzerkonten verwendet. Dies tr\u00e4gt dazu bei, die Sicherheit zu erh\u00f6hen und sicherzustellen, dass der Zugriff auf Benutzerkonten ordnungsgem\u00e4\u00df gesch\u00fctzt ist.<\/li><li class=\"translation-block\"><strong>Marketing und Werbeaktionen:<\/strong>\u00a0Mit Zustimmung des Nutzers k\u00f6nnen Telefonnummern auch zum Versenden von Informationen \u00fcber neue Produkte, Updates und Werbeangebote verwendet werden, die f\u00fcr unsere Nutzer von Interesse sein k\u00f6nnten<\/li><\/ul>\t\t\t\t\t\t\t\t<\/div>\n\t\t\t\t<div class=\"elementor-element elementor-element-b94826c elementor-widget elementor-widget-heading\" data-id=\"b94826c\" data-element_type=\"widget\" data-e-type=\"widget\" data-widget_type=\"heading.default\">\n\t\t\t\t\t<h2 class=\"elementor-heading-title elementor-size-default\">Protokolldateien<\/h2>\t\t\t\t<\/div>\n\t\t\t\t<div class=\"elementor-element elementor-element-32e2686 elementor-widget elementor-widget-text-editor\" data-id=\"32e2686\" data-element_type=\"widget\" data-e-type=\"widget\" data-widget_type=\"text-editor.default\">\n\t\t\t\t\t\t\t\t\t<p class=\"translation-block\">Eclipse Earn folgt einem Standardverfahren zur Verwendung von Protokolldateien. Diese Dateien protokollieren Besucher, wenn sie Websites besuchen. Alle Hosting-Unternehmen f\u00fchren dies und einen Teil der Analysen der Hosting-Dienste durch. Zu den durch Protokolldateien gesammelten Informationen geh\u00f6ren Internetprotokolladressen (IP-Adressen), Browsertyp, Internetdienstanbieter (ISP), Datums- und Zeitstempel, Verweis-\/Ausstiegsseiten und m\u00f6glicherweise die Anzahl der Klicks. Diese werden nicht mit personenbezogenen Daten verkn\u00fcpft. Der Zweck der Informationen besteht darin, Trends zu analysieren, die Website zu verwalten, die Bewegungen der Benutzer auf der Website zu verfolgen und demografische Informationen zu sammeln<\/p>\t\t\t\t\t\t\t\t<\/div>\n\t\t\t\t<div class=\"elementor-element elementor-element-6421870 elementor-widget elementor-widget-heading\" data-id=\"6421870\" data-element_type=\"widget\" data-e-type=\"widget\" data-widget_type=\"heading.default\">\n\t\t\t\t\t<h2 class=\"elementor-heading-title elementor-size-default\">Cookies und Web-Beacons<\/h2>\t\t\t\t<\/div>\n\t\t\t\t<div class=\"elementor-element elementor-element-5b964c0 elementor-widget elementor-widget-text-editor\" data-id=\"5b964c0\" data-element_type=\"widget\" data-e-type=\"widget\" data-widget_type=\"text-editor.default\">\n\t\t\t\t\t\t\t\t\t<p class=\"translation-block\">Wie jede andere Website verwendet auch <strong>Eclipse Earn<\/strong> Cookies. Diese Cookies speichern Informationen wie die Pr\u00e4ferenzen der Besucher und die von ihnen aufgerufenen Seiten. Anhand dieser Informationen optimieren wir die Nutzererfahrung, indem wir die Inhalte unserer Webseite an den Browsertyp und\/oder andere Informationen der Besucher anpassen.<\/p>\t\t\t\t\t\t\t\t<\/div>\n\t\t\t\t<div class=\"elementor-element elementor-element-1a9c1dc elementor-widget elementor-widget-heading\" data-id=\"1a9c1dc\" data-element_type=\"widget\" data-e-type=\"widget\" data-widget_type=\"heading.default\">\n\t\t\t\t\t<h2 class=\"elementor-heading-title elementor-size-default\">Datenschutzrichtlinien f\u00fcr Werbepartner<\/h2>\t\t\t\t<\/div>\n\t\t\t\t<div class=\"elementor-element elementor-element-4426d6f elementor-widget elementor-widget-text-editor\" data-id=\"4426d6f\" data-element_type=\"widget\" data-e-type=\"widget\" data-widget_type=\"text-editor.default\">\n\t\t\t\t\t\t\t\t\t<p class=\"translation-block\">Drittanbieter-Werbeserver oder -Werbenetzwerke verwenden Technologien wie Cookies, JavaScript oder Web Beacons in ihren jeweiligen Anzeigen und Links, die auf <strong>Eclipse Earn<\/strong> erscheinen und direkt an den Browser der Nutzer gesendet werden. Dabei wird automatisch Ihre IP-Adresse erfasst. Diese Technologien dienen dazu, die Effektivit\u00e4t ihrer Werbekampagnen zu messen und\/oder die Werbeinhalte, die Sie auf besuchten Websites sehen, zu personalisieren.<\/p><p class=\"translation-block\">Bitte beachten Sie, dass <strong>Eclipse Earn<\/strong> keinen Zugriff auf oder keine Kontrolle \u00fcber diese Cookies hat, die von Drittanbietern verwendet werden.<\/p>\t\t\t\t\t\t\t\t<\/div>\n\t\t\t\t<div class=\"elementor-element elementor-element-969e542 elementor-widget elementor-widget-heading\" data-id=\"969e542\" data-element_type=\"widget\" data-e-type=\"widget\" data-widget_type=\"heading.default\">\n\t\t\t\t\t<h2 class=\"elementor-heading-title elementor-size-default\">Datenschutzrichtlinien Dritter<\/h2>\t\t\t\t<\/div>\n\t\t\t\t<div class=\"elementor-element elementor-element-1cd9bbe elementor-widget elementor-widget-text-editor\" data-id=\"1cd9bbe\" data-element_type=\"widget\" data-e-type=\"widget\" data-widget_type=\"text-editor.default\">\n\t\t\t\t\t\t\t\t\t<p class=\"translation-block\">Die Datenschutzrichtlinie von Eclipse Earn gilt nicht f\u00fcr andere Werbetreibende oder Websites. Wir empfehlen Ihnen daher, die jeweiligen Datenschutzrichtlinien dieser Drittanbieter-Werbeserver f\u00fcr detailliertere Informationen einzusehen. Diese enthalten m\u00f6glicherweise Informationen zu deren Praktiken und Anweisungen zum Deaktivieren bestimmter Optionen.<\/p><p>Sie k\u00f6nnen Cookies \u00fcber Ihre individuellen Browseroptionen deaktivieren. Ausf\u00fchrlichere Informationen zur Cookie-Verwaltung mit bestimmten Webbrowsern finden Sie auf den jeweiligen Websites der Browser.<\/p>\t\t\t\t\t\t\t\t<\/div>\n\t\t\t\t<div class=\"elementor-element elementor-element-a442f3e elementor-widget elementor-widget-heading\" data-id=\"a442f3e\" data-element_type=\"widget\" data-e-type=\"widget\" data-widget_type=\"heading.default\">\n\t\t\t\t\t<h2 class=\"elementor-heading-title elementor-size-default\">CCPA-Datenschutzrechte (meine Daten nicht verkaufen)<\/h2>\t\t\t\t<\/div>\n\t\t\t\t<div class=\"elementor-element elementor-element-51005c1 elementor-widget elementor-widget-text-editor\" data-id=\"51005c1\" data-element_type=\"widget\" data-e-type=\"widget\" data-widget_type=\"text-editor.default\">\n\t\t\t\t\t\t\t\t\t<p>Nach dem CCPA haben kalifornische Verbraucher neben anderen Rechten das Recht auf:<\/p><p>Fordern Sie ein Unternehmen, das personenbezogene Daten eines Verbrauchers erfasst, auf, die Kategorien und spezifischen personenbezogenen Daten offenzulegen, die ein Unternehmen \u00fcber Verbraucher erfasst hat.<\/p><p>Fordern Sie ein Unternehmen auf, alle personenbezogenen Daten \u00fcber den Verbraucher zu l\u00f6schen, die ein Unternehmen gesammelt hat.<\/p><p>Fordern Sie ein Unternehmen, das personenbezogene Daten eines Verbrauchers verkauft, auf, die personenbezogenen Daten des Verbrauchers nicht zu verkaufen.<\/p><p>Wenn Sie eine Anfrage stellen, haben wir einen Monat Zeit, um Ihnen zu antworten. Wenn Sie eines dieser Rechte aus\u00fcben m\u00f6chten, kontaktieren Sie uns bitte.<\/p>\t\t\t\t\t\t\t\t<\/div>\n\t\t\t\t<div class=\"elementor-element elementor-element-5e984e0 elementor-widget elementor-widget-heading\" data-id=\"5e984e0\" data-element_type=\"widget\" data-e-type=\"widget\" data-widget_type=\"heading.default\">\n\t\t\t\t\t<h2 class=\"elementor-heading-title elementor-size-default\">DSGVO-Datenschutzrechte<\/h2>\t\t\t\t<\/div>\n\t\t\t\t<div class=\"elementor-element elementor-element-ab3ebe6 elementor-widget elementor-widget-text-editor\" data-id=\"ab3ebe6\" data-element_type=\"widget\" data-e-type=\"widget\" data-widget_type=\"text-editor.default\">\n\t\t\t\t\t\t\t\t\t<p>Wir m\u00f6chten sicherstellen, dass Sie alle Ihre Datenschutzrechte vollst\u00e4ndig kennen. Jeder Nutzer hat Anspruch auf Folgendes:<\/p><p>Das Recht auf Zugriff \u2013 Sie haben das Recht, Kopien Ihrer personenbezogenen Daten anzufordern. F\u00fcr diesen Service erheben wir m\u00f6glicherweise eine geringe Geb\u00fchr.<\/p><p>Das Recht auf Berichtigung \u2013 Sie haben das Recht, von uns die Berichtigung von Informationen zu verlangen, die Ihrer Meinung nach unrichtig sind. Sie haben au\u00dferdem das Recht, von uns die Vervollst\u00e4ndigung der Informationen zu verlangen, die Sie f\u00fcr unvollst\u00e4ndig halten.<\/p><p>Das Recht auf L\u00f6schung \u2013 Sie haben das Recht, unter bestimmten Bedingungen zu verlangen, dass wir Ihre personenbezogenen Daten l\u00f6schen.<\/p><p class=\"translation-block\">Recht auf Einschr\u00e4nkung der Verarbeitung \u2013 Sie haben unter bestimmten Voraussetzungen das Recht, die Einschr\u00e4nkung der Verarbeitung Ihrer personenbezogenen Daten zu verlangen.<br>Widerspruchsrecht \u2013 Sie haben unter bestimmten Voraussetzungen das Recht, der Verarbeitung Ihrer personenbezogenen Daten zu widersprechen.<br>Recht auf Daten\u00fcbertragbarkeit \u2013 Sie haben unter bestimmten Voraussetzungen das Recht, die \u00dcbertragung Ihrer von uns erhobenen Daten an eine andere Organisation oder direkt an Sie zu verlangen.<br>Nach Eingang Ihrer Anfrage haben wir einen Monat Zeit, Ihnen zu antworten. Wenn Sie eines dieser Rechte aus\u00fcben m\u00f6chten, kontaktieren Sie uns bitte unter <a href=\"mailto:support@eclipseearn.pro\" target=\"_self\">support@eclipseearn.pro<\/a><\/p>\t\t\t\t\t\t\t\t<\/div>\n\t\t\t\t\t<\/div>\n\t\t<\/div>\n\t\t\t\t\t<\/div>\n\t\t<\/section>\n\t\t\t\t<\/div>","protected":false},"excerpt":{"rendered":"<p>Privacy Policy At Eclipse Earn, accessible from https:\/\/eclipseearn.pro\/, one of our main priorities is the privacy of our visitors. This Privacy Policy document contains types of information that is collected and recorded by Eclipse Earn and how we use it. If you have additional questions or require more information about our Privacy Policy, do not [&hellip;]<\/p>\n","protected":false},"author":1,"featured_media":0,"parent":0,"menu_order":0,"comment_status":"closed","ping_status":"closed","template":"elementor_header_footer","meta":{"footnotes":""},"class_list":["post-18","page","type-page","status-publish","hentry"],"_links":{"self":[{"href":"https:\/\/eclipseearn.pro\/de\/wp-json\/wp\/v2\/pages\/18","targetHints":{"allow":["GET"]}}],"collection":[{"href":"https:\/\/eclipseearn.pro\/de\/wp-json\/wp\/v2\/pages"}],"about":[{"href":"https:\/\/eclipseearn.pro\/de\/wp-json\/wp\/v2\/types\/page"}],"author":[{"embeddable":true,"href":"https:\/\/eclipseearn.pro\/de\/wp-json\/wp\/v2\/users\/1"}],"replies":[{"embeddable":true,"href":"https:\/\/eclipseearn.pro\/de\/wp-json\/wp\/v2\/comments?post=18"}],"version-history":[{"count":28,"href":"https:\/\/eclipseearn.pro\/de\/wp-json\/wp\/v2\/pages\/18\/revisions"}],"predecessor-version":[{"id":1496,"href":"https:\/\/eclipseearn.pro\/de\/wp-json\/wp\/v2\/pages\/18\/revisions\/1496"}],"wp:attachment":[{"href":"https:\/\/eclipseearn.pro\/de\/wp-json\/wp\/v2\/media?parent=18"}],"curies":[{"name":"wp","href":"https:\/\/api.w.org\/{rel}","templated":true}]}}