{"id":20,"date":"2024-11-13T02:08:54","date_gmt":"2024-11-13T02:08:54","guid":{"rendered":"https:\/\/eclipseearn.pro\/?page_id=20"},"modified":"2025-06-03T12:58:21","modified_gmt":"2025-06-03T12:58:21","slug":"geschaftsbedingungen","status":"publish","type":"page","link":"https:\/\/eclipseearn.pro\/de\/terms-and-conditions\/","title":{"rendered":"Bedingungen und Konditionen"},"content":{"rendered":"<div data-elementor-type=\"wp-page\" data-elementor-id=\"20\" class=\"elementor elementor-20\" data-elementor-post-type=\"page\">\n\t\t\t\t\t\t<section class=\"elementor-section elementor-top-section elementor-element elementor-element-b2bf326 elementor-section-boxed elementor-section-height-default elementor-section-height-default\" data-id=\"b2bf326\" data-element_type=\"section\" data-e-type=\"section\" data-settings=\"{&quot;background_background&quot;:&quot;classic&quot;}\">\n\t\t\t\t\t\t<div class=\"elementor-container elementor-column-gap-default\">\n\t\t\t\t\t<div class=\"elementor-column elementor-col-100 elementor-top-column elementor-element elementor-element-4981f77\" data-id=\"4981f77\" data-element_type=\"column\" data-e-type=\"column\">\n\t\t\t<div class=\"elementor-widget-wrap elementor-element-populated\">\n\t\t\t\t\t\t<div class=\"elementor-element elementor-element-8f41932 elementor-widget elementor-widget-heading\" data-id=\"8f41932\" data-element_type=\"widget\" data-e-type=\"widget\" data-widget_type=\"heading.default\">\n\t\t\t\t\t<h1 class=\"elementor-heading-title elementor-size-default\">Bedingungen und Konditionen<\/h1>\t\t\t\t<\/div>\n\t\t\t\t\t<\/div>\n\t\t<\/div>\n\t\t\t\t\t<\/div>\n\t\t<\/section>\n\t\t\t\t<section class=\"elementor-section elementor-top-section elementor-element elementor-element-367c5e7 elementor-section-boxed elementor-section-height-default elementor-section-height-default\" data-id=\"367c5e7\" data-element_type=\"section\" data-e-type=\"section\">\n\t\t\t\t\t\t<div class=\"elementor-container elementor-column-gap-default\">\n\t\t\t\t\t<div class=\"elementor-column elementor-col-100 elementor-top-column elementor-element elementor-element-1d8c118\" data-id=\"1d8c118\" data-element_type=\"column\" data-e-type=\"column\">\n\t\t\t<div class=\"elementor-widget-wrap elementor-element-populated\">\n\t\t\t\t\t\t<div class=\"elementor-element elementor-element-917d5f2 elementor-widget elementor-widget-heading\" data-id=\"917d5f2\" data-element_type=\"widget\" data-e-type=\"widget\" data-widget_type=\"heading.default\">\n\t\t\t\t\t<h2 class=\"elementor-heading-title elementor-size-default\">1. Allgemeines<\/h2>\t\t\t\t<\/div>\n\t\t\t\t<div class=\"elementor-element elementor-element-2a21206 elementor-widget elementor-widget-text-editor\" data-id=\"2a21206\" data-element_type=\"widget\" data-e-type=\"widget\" data-widget_type=\"text-editor.default\">\n\t\t\t\t\t\t\t\t\t<p class=\"translation-block\">1.1. Willkommen auf <a href=\"https:\/\/eclipseearn.pro\/de\/\" target=\"_self\">https:\/\/eclipseearn.pro\/<\/a>(der \u201eWebsite\u201c).<\/p><p class=\"translation-block\">1.2. Die Website enth\u00e4lt Informationen \u00fcber Drittanbieterplattformen (die \u201eDrittanbieterplattformen\u201c), insbesondere Bildungsangebote zu allgemeinen Anlagetechniken und Marktforschung. Eclipse Earn fungiert als Vermittler und verbindet Nutzer mit diesen Drittanbieterplattformen (den \u201eDiensten\u201c).<\/p><p class=\"translation-block\">1.3. Diese Nutzungsbedingungen (die\u00a0<b>\u201eBedingungen\u201c<\/b>) gelten f\u00fcr Sie (<b>\u201eSie\u201c<\/b>,\u00a0<b>\u201eIhr\u201c<\/b>\u00a0oder\u00a0<b>\u201eBenutzer\u201c<\/b>). b&gt;) Nutzung der Website und der Dienste. Diese Bedingungen sollten von Ihnen sorgf\u00e4ltig vollst\u00e4ndig gelesen werden, bevor Sie die Dienste nutzen. Bitte beachten Sie, dass diese Bedingungen eine rechtsverbindliche Vereinbarung zwischen Ihnen und dem Betreiber der Website, Eclipse Earn Support, darstellen. Wenn Sie mit einer Bestimmung dieser Bedingungen nicht einverstanden sind, m\u00fcssen Sie die Nutzung der Website unverz\u00fcglich einstellen. Durch die Nutzung der Website stimmen Sie den Bedingungen in der jeweils g\u00fcltigen Fassung zu.<\/p>\t\t\t\t\t\t\t\t<\/div>\n\t\t\t\t<div class=\"elementor-element elementor-element-2f92812 elementor-widget elementor-widget-heading\" data-id=\"2f92812\" data-element_type=\"widget\" data-e-type=\"widget\" data-widget_type=\"heading.default\">\n\t\t\t\t\t<h2 class=\"elementor-heading-title elementor-size-default\">2. Beschreibung der Dienste<\/h2>\t\t\t\t<\/div>\n\t\t\t\t<div class=\"elementor-element elementor-element-77f656e elementor-widget elementor-widget-text-editor\" data-id=\"77f656e\" data-element_type=\"widget\" data-e-type=\"widget\" data-widget_type=\"text-editor.default\">\n\t\t\t\t\t\t\t\t\t<p>2.1. Wir sind keine Handelsplattform und bringen Sie auch nicht mit solchen Handelsplattformen in Kontakt, es sei denn, diese Handelsplattform verpflichtet sich, Ihnen lediglich Bildungsdienstleistungen oder Marktforschung anzubieten.<\/p><p>2.2. Wir fungieren als Vermittler, um Sie mit einem Dienstleister zu verbinden, der in der Lage ist, Bildungsinhalte zu allgemeinen Anlagetechniken oder Marktforschung in den f\u00fcr Sie interessanten Bereichen anzubieten.<\/p><p>2.3. Ein Vertreter des oben genannten Dienstleisters wird Sie kontaktieren, nachdem Sie sich auf unserer Website registriert haben und vollst\u00e4ndige und korrekte Informationen bereitstellen.<\/p><p>2.4. Die Rolle des unter 2.3 genannten Vertreters. ist es, Sie \u00fcber allgemeine Anlagetechniken zu informieren, die Ihren Interessen entsprechen oder derzeit beliebt sind, und Ihr Verst\u00e4ndnis von Anlagestrategien zu verbessern.<\/p>\t\t\t\t\t\t\t\t<\/div>\n\t\t\t\t<div class=\"elementor-element elementor-element-c96b1f2 elementor-widget elementor-widget-heading\" data-id=\"c96b1f2\" data-element_type=\"widget\" data-e-type=\"widget\" data-widget_type=\"heading.default\">\n\t\t\t\t\t<h2 class=\"elementor-heading-title elementor-size-default\">3. Teilnahmeberechtigung<\/h2>\t\t\t\t<\/div>\n\t\t\t\t<div class=\"elementor-element elementor-element-865a0a7 elementor-widget elementor-widget-text-editor\" data-id=\"865a0a7\" data-element_type=\"widget\" data-e-type=\"widget\" data-widget_type=\"text-editor.default\">\n\t\t\t\t\t\t\t\t\t<p>3.1 Sie d\u00fcrfen die Website nur nutzen, wenn Sie alle folgenden Voraussetzungen erf\u00fcllen:<\/p><p>3.1.1 Sie sind mindestens 18 Jahre alt;<\/p><p>3.2.2 Sie haben das gesetzliche Recht, die Befugnis und die F\u00e4higkeit, diesen Bedingungen zuzustimmen und alle ihre Bedingungen einzuhalten;<\/p><p>3.3.3 Die Nutzung der Website und\/oder der Dienste ist Ihnen gem\u00e4\u00df den Gesetzen Ihres Wohnsitzlandes oder des Landes, in dem Sie die Website nutzen, nicht untersagt.<\/p><p>3.3.4 Wir \u00fcbernehmen keine ausdr\u00fccklichen oder stillschweigenden Zusicherungen oder Gew\u00e4hrleistungen hinsichtlich der Rechtm\u00e4\u00dfigkeit der Website und\/oder der Dienste oder deren Nutzung durch Dritte. Wir haften nicht f\u00fcr die rechtswidrige Nutzung der Website und\/oder der Dienste durch Nutzer.<\/p>\t\t\t\t\t\t\t\t<\/div>\n\t\t\t\t<div class=\"elementor-element elementor-element-cb07710 elementor-widget elementor-widget-heading\" data-id=\"cb07710\" data-element_type=\"widget\" data-e-type=\"widget\" data-widget_type=\"heading.default\">\n\t\t\t\t\t<h2 class=\"elementor-heading-title elementor-size-default\">4. Eingeschr\u00e4nkte Gebiete<\/h2>\t\t\t\t<\/div>\n\t\t\t\t<div class=\"elementor-element elementor-element-8a33d58 elementor-widget elementor-widget-text-editor\" data-id=\"8a33d58\" data-element_type=\"widget\" data-e-type=\"widget\" data-widget_type=\"text-editor.default\">\n\t\t\t\t\t\t\t\t\t<p>4.1. Ohne von der Allgemeing\u00fcltigkeit des Vorstehenden abzuweichen, k\u00f6nnen wir die Verf\u00fcgbarkeit der Website und\/oder der Dienste (oder eines Teils davon) auf Benutzer beschr\u00e4nken, die sich in Gebieten befinden, in denen der rechtliche und regulatorische Rahmen mit der Bereitstellung der Dienste nicht vereinbar ist.<\/p><p>4.2. Wir k\u00f6nnen vor der Aufnahme von Benutzern mit Wohnsitz in oder aus bestimmten L\u00e4ndern zus\u00e4tzliche Anforderungen oder Bedingungen stellen, wenn dies zur Einhaltung der Gesetze des Gebiets, in dem die Benutzer ihren Wohnsitz haben, erforderlich ist. Dar\u00fcber hinaus wird anerkannt, dass die Website und\/oder die Dienste dort m\u00f6glicherweise nicht verf\u00fcgbar und\/oder gesperrt sind, wenn Benutzer in die eingeschr\u00e4nkten Gebiete reisen.<\/p>\t\t\t\t\t\t\t\t<\/div>\n\t\t\t\t<div class=\"elementor-element elementor-element-0dd87a9 elementor-widget elementor-widget-heading\" data-id=\"0dd87a9\" data-element_type=\"widget\" data-e-type=\"widget\" data-widget_type=\"heading.default\">\n\t\t\t\t\t<h2 class=\"elementor-heading-title elementor-size-default\">5. Verbotene Aktivit\u00e4ten<\/h2>\t\t\t\t<\/div>\n\t\t\t\t<div class=\"elementor-element elementor-element-085f6d1 elementor-widget elementor-widget-text-editor\" data-id=\"085f6d1\" data-element_type=\"widget\" data-e-type=\"widget\" data-widget_type=\"text-editor.default\">\n\t\t\t\t\t\t\t\t\t<p>5.1. Sie verpflichten sich, die Website und die Dienste respektvoll zu nutzen, und Sie verpflichten sich, Folgendes nicht zu tun:<\/p><p>5.1.1. Verkn\u00fcpfen Sie mit der Website und\/oder nutzen Sie die Website zum Zweck des Hochladens, Herunterladens, Verteilens, Ver\u00f6ffentlichens oder \u00dcbertragens von (a) Informationen oder anderem Material in einer Weise, die gegen Rechte, einschlie\u00dflich Rechte an geistigem Eigentum, Schutzrechte auf Privatsph\u00e4re oder andere Rechte, verst\u00f6\u00dft Rechts; (b) Informationen oder anderes Material, dessen Ver\u00f6ffentlichung oder Nutzung verboten ist, weil es eine Bedrohung, Sch\u00e4digung, Beleidigung, Verleumdung, Verleumdung, Rassismus oder unangemessene Inhalte darstellt; (c) Informationen oder anderes Material, das einen Virus oder eine andere Software enth\u00e4lt, die unsere Computersysteme oder die von Dritten besch\u00e4digen oder die Nutzung der Website durch andere einschr\u00e4nken oder verhindern k\u00f6nnte; (d) Informationen oder anderes Material, das gegen Gesetze verst\u00f6\u00dft; oder (e) Informationen oder anderes Material, das ohne unsere vorherige schriftliche Genehmigung Werbung jeglicher Art enth\u00e4lt;<\/p><p>5.1.2. L\u00f6schen oder \u00e4ndern Sie etwaige Namensnennungen, rechtliche Hinweise oder andere Eigentumsbezeichnungen oder Etiketten auf der Website;<\/p><p>5.1.3. Nutzen Sie die Dienste \u00fcber eine andere Schnittstelle als die Website;<\/p><p>5.1.4. Die Nutzung der Website und\/oder der Dienste durch andere Benutzer beeintr\u00e4chtigen;<\/p><p>5.1.5. Bots oder andere automatisierte Methoden verwenden, um auf die Website und\/oder die Dienste zuzugreifen oder diese zu nutzen;<\/p><p>5.1.6. Ohne unsere ausdr\u00fcckliche Genehmigung jegliches Material hochzuladen oder zu \u00fcbertragen (oder zu versuchen, es hochzuladen oder zu \u00fcbertragen), das als passiver oder aktiver Informationserfassungs- oder -\u00fcbertragungsmechanismus fungiert, einschlie\u00dflich, aber nicht beschr\u00e4nkt auf Web-Bugs, Cookies oder andere \u00e4hnliche Spyware-Ger\u00e4te;<\/p><p class=\"translation-block\">5.1.7. Beteiligen Sie sich am\u00a0<b>\u201eFraming\u201c, \u201eSpiegeln\u201c<\/b>\u00a0oder auf andere Weise an der Simulation des Erscheinungsbilds oder der Funktion der Dienste;<\/p><p>5.1.8. Gegen geltende Gesetze oder Vorschriften versto\u00dfen, illegale Aktivit\u00e4ten ermutigen oder f\u00f6rdern, einschlie\u00dflich, aber nicht beschr\u00e4nkt auf Urheberrechtsverletzungen, Markenrechtsverletzungen, Verleumdung, Verletzung der Privatsph\u00e4re, Identit\u00e4tsdiebstahl, Hacking, Cracking oder Verbreitung gef\u00e4lschter Software;<\/p><p>5.1.9. \u00c4nderungen vornehmen und\/oder in irgendeiner Weise in den Quellcode der Website eingreifen und Software und\/oder Anwendungen hochladen, die der Website oder anderen Dritten schaden oder Schaden zuf\u00fcgen k\u00f6nnten;<\/p><p>5.1.10. Software oder andere Technologien, die auf der Website enthalten sind oder zur Bereitstellung der Dienste verwendet werden, disassemblieren, dekompilieren oder auf andere Weise zur\u00fcckentwickeln.<\/p><p>5.2. Sie erkennen an, dass wir Ihren Zugriff auf die Website und\/oder die Dienste sperren k\u00f6nnen, sofern wir feststellen, dass Ihre Nutzung der Website nicht den Bestimmungen dieser Bedingungen oder geltendem Recht entspricht, unbeschadet aller anderen Rechte, die uns zustehen.<\/p>\t\t\t\t\t\t\t\t<\/div>\n\t\t\t\t<div class=\"elementor-element elementor-element-3ef2167 elementor-widget elementor-widget-heading\" data-id=\"3ef2167\" data-element_type=\"widget\" data-e-type=\"widget\" data-widget_type=\"heading.default\">\n\t\t\t\t\t<h2 class=\"elementor-heading-title elementor-size-default\">6. Geistige Eigentumsrechte<\/h2>\t\t\t\t<\/div>\n\t\t\t\t<div class=\"elementor-element elementor-element-3fe22c1 elementor-widget elementor-widget-text-editor\" data-id=\"3fe22c1\" data-element_type=\"widget\" data-e-type=\"widget\" data-widget_type=\"text-editor.default\">\n\t\t\t\t\t\t\t\t\t<p>6.1. Die Website und ihr Inhalt, einschlie\u00dflich Videomaterial, Text, Fotos, Logos, Designs, Musik, Ton, Figuren, Marken und alle anderen auf der Website enthaltenen Inhalte, sind durch unsere geistigen Eigentumsrechte oder die Dritter gesch\u00fctzt.<\/p><p>6.2. Im Verh\u00e4ltnis zwischen uns und dem Nutzer behalten wir alle Rechte, Titel und Interessen an der Website und den Diensten. Durch die Nutzung der Website und\/oder der Dienste werden dem Benutzer keinerlei geistige Eigentumsrechte \u00fcbertragen, die in der Website und\/oder den Diensten enthalten sind, mit Ausnahme des Rechts, die Website und\/oder die Dienste gem\u00e4\u00df den Bedingungen zu nutzen dieser Bedingungen.<\/p><p>6.3. Der Nutzer darf die Website und\/oder die Dienste nur f\u00fcr den pers\u00f6nlichen und nicht kommerziellen Gebrauch nutzen.<\/p><p>6.4. Es ist Ihnen nicht gestattet, die Inhalte zu modifizieren, zu dekompilieren, zu disassemblieren, zur\u00fcckzuentwickeln, zu kopieren, zu \u00fcbertragen, daraus abgeleitete Werke zu erstellen, zu vermieten, unterzulizenzieren, zu verteilen, gerahmt zu reproduzieren, neu zu ver\u00f6ffentlichen, zu scrapen, herunterzuladen, anzuzeigen oder zu \u00fcbertragen, noch d\u00fcrfen Sie dies einer anderen Partei gestatten , ver\u00f6ffentlichen, vermieten oder verkaufen in irgendeiner Form oder mit irgendwelchen Mitteln, ganz oder teilweise, f\u00fcr andere Zwecke als die Nutzung der Website oder der Dienste gem\u00e4\u00df den Bedingungen verwenden oder Inhalte der Website ohne unsere ausdr\u00fcckliche Zustimmung anderweitig verwerten , vorherige schriftliche Genehmigung.<\/p>\t\t\t\t\t\t\t\t<\/div>\n\t\t\t\t<div class=\"elementor-element elementor-element-4a36889 elementor-widget elementor-widget-heading\" data-id=\"4a36889\" data-element_type=\"widget\" data-e-type=\"widget\" data-widget_type=\"heading.default\">\n\t\t\t\t\t<h2 class=\"elementor-heading-title elementor-size-default\">7. Haftungsbeschr\u00e4nkung<\/h2>\t\t\t\t<\/div>\n\t\t\t\t<div class=\"elementor-element elementor-element-6b726e3 elementor-widget elementor-widget-text-editor\" data-id=\"6b726e3\" data-element_type=\"widget\" data-e-type=\"widget\" data-widget_type=\"text-editor.default\">\n\t\t\t\t\t\t\t\t\t<p>7.1. Wir k\u00f6nnen nicht f\u00fcr Verluste oder Sch\u00e4den haftbar gemacht werden, die sich aus der Nichterf\u00fcllung oder unsachgem\u00e4\u00dfen Erf\u00fcllung dieser Bedingungen ergeben und auf (i) Sie oder (ii) die unvorhersehbare und un\u00fcberwindbare Handlung eines Dritten im Rahmen der Vereinbarung oder (iii) zur\u00fcckzuf\u00fchren sind. ein Ereignis h\u00f6herer Gewalt.<\/p><p>7.2. Nichts in diesen Bedingungen soll unsere Haftung Ihnen gegen\u00fcber ausschlie\u00dfen oder beschr\u00e4nken, wenn dies rechtswidrig w\u00e4re, insbesondere im Fall von:<\/p><p>(i) Tod oder K\u00f6rperverletzung, die auf unsere Fahrl\u00e4ssigkeit zur\u00fcckzuf\u00fchren sind,<\/p><p>(ii) Betrug oder betr\u00fcgerische Falschdarstellung und<\/p><p>(iii) jede andere Haftung, die nach franz\u00f6sischem Recht nicht ausgeschlossen oder beschr\u00e4nkt werden kann<\/p><p>7.3. Ohne von der Allgemeing\u00fcltigkeit des Vorstehenden abzuweichen, \u00fcbernehmen wir keine Haftung oder Verantwortung f\u00fcr etwaige Fehler, Viren, Trojaner oder \u00c4hnliches, die von Dritten an oder \u00fcber die Website oder die Dienste \u00fcbertragen werden k\u00f6nnen, es sei denn, wir treffen ein Verschulden .<\/p><p>7.4. Wir bem\u00fchen uns nach besten Kr\u00e4ften sicherzustellen, dass die Website frei von Fehlern, Irrt\u00fcmern oder Ungenauigkeiten jeglicher Inhalte ist. Sollten solche Fehler, Irrt\u00fcmer oder Ungenauigkeiten auftreten, werden wir diese unverz\u00fcglich beheben.<\/p><p>7.5. Sie erkl\u00e4ren sich damit einverstanden, uns f\u00fcr alle Verluste schadlos zu halten, die anderen Dritten im Zusammenhang mit der Website und\/oder den Diensten entstehen, wenn Sie gegen diese Bedingungen versto\u00dfen.<\/p><p>7.6. Wir sind nicht verantwortlich f\u00fcr Probleme oder technische Fehlfunktionen von Telefon- oder Netzwerkleitungen, Computer-Online-Systemen, Servern oder Anbietern, Hardware, Software, Ausf\u00e4lle aufgrund technischer Probleme oder Verkehrsstaus im Internet (oder Unzug\u00e4nglichkeit des Internets) oder Inkompatibilit\u00e4t zwischen diesen die Website oder die Dienste und Ihr Browser und\/oder andere Ger\u00e4te. Ohne von der Allgemeing\u00fcltigkeit des oben Gesagten abzuweichen, \u00fcbernehmen wir keinerlei Verantwortung oder Risiko f\u00fcr Ihre Nutzung des Internets.<\/p>\t\t\t\t\t\t\t\t<\/div>\n\t\t\t\t<div class=\"elementor-element elementor-element-a5e13d0 elementor-widget elementor-widget-heading\" data-id=\"a5e13d0\" data-element_type=\"widget\" data-e-type=\"widget\" data-widget_type=\"heading.default\">\n\t\t\t\t\t<h2 class=\"elementor-heading-title elementor-size-default\">8. Dienste oder Inhalte Dritter<\/h2>\t\t\t\t<\/div>\n\t\t\t\t<div class=\"elementor-element elementor-element-052ffd9 elementor-widget elementor-widget-text-editor\" data-id=\"052ffd9\" data-element_type=\"widget\" data-e-type=\"widget\" data-widget_type=\"text-editor.default\">\n\t\t\t\t\t\t\t\t\t<p>8.1. W\u00e4hrend Sie die Dienste nutzen, k\u00f6nnen Sie sich Inhalte oder Dienste ansehen, die von Dritten bereitgestellt werden, einschlie\u00dflich Werbung und Rezensionen zu den Plattformen Dritter.<\/p><p>8.2. Wir kontrollieren, unterst\u00fctzen oder \u00fcbernehmen diese Inhalte oder Dienste nicht und sie sind m\u00f6glicherweise nicht immer korrekt oder aktuell.<\/p><p>8.3. Dementsprechend empfehlen wir Ihnen, alle Informationen unabh\u00e4ngig zu \u00fcberpr\u00fcfen, bevor Sie sich darauf verlassen, und alle Entscheidungen oder Ma\u00dfnahmen, die auf der Grundlage dieser Informationen getroffen werden, liegen in Ihrer alleinigen Verantwortung.<\/p>\t\t\t\t\t\t\t\t<\/div>\n\t\t\t\t\t<\/div>\n\t\t<\/div>\n\t\t\t\t\t<\/div>\n\t\t<\/section>\n\t\t\t\t<\/div>","protected":false},"excerpt":{"rendered":"<p>Terms and Conditions 1. General 1.1. Welcome to https:\/\/eclipseearn.pro\/(the \u201cWebsite\u201d). 1.2. The Website includes information about third-party platforms (the\u00a0\u201cThird-Party Platforms\u201d) namely educational services on general investment techniques or market research. Eclipse Earn serves as an intermediary, connecting users with such Third-Party Platforms (the\u00a0\u201cServices\u201d). 1.3. These terms of use (the\u00a0\u201cTerms\u201d) govern your (\u201cYou\u201d,\u00a0\u201cYour\u201d\u00a0or\u00a0\u201cUser\u201d) use of the [&hellip;]<\/p>\n","protected":false},"author":1,"featured_media":0,"parent":0,"menu_order":0,"comment_status":"closed","ping_status":"closed","template":"elementor_header_footer","meta":{"footnotes":""},"class_list":["post-20","page","type-page","status-publish","hentry"],"_links":{"self":[{"href":"https:\/\/eclipseearn.pro\/de\/wp-json\/wp\/v2\/pages\/20","targetHints":{"allow":["GET"]}}],"collection":[{"href":"https:\/\/eclipseearn.pro\/de\/wp-json\/wp\/v2\/pages"}],"about":[{"href":"https:\/\/eclipseearn.pro\/de\/wp-json\/wp\/v2\/types\/page"}],"author":[{"embeddable":true,"href":"https:\/\/eclipseearn.pro\/de\/wp-json\/wp\/v2\/users\/1"}],"replies":[{"embeddable":true,"href":"https:\/\/eclipseearn.pro\/de\/wp-json\/wp\/v2\/comments?post=20"}],"version-history":[{"count":31,"href":"https:\/\/eclipseearn.pro\/de\/wp-json\/wp\/v2\/pages\/20\/revisions"}],"predecessor-version":[{"id":1416,"href":"https:\/\/eclipseearn.pro\/de\/wp-json\/wp\/v2\/pages\/20\/revisions\/1416"}],"wp:attachment":[{"href":"https:\/\/eclipseearn.pro\/de\/wp-json\/wp\/v2\/media?parent=20"}],"curies":[{"name":"wp","href":"https:\/\/api.w.org\/{rel}","templated":true}]}}