{"id":14,"date":"2024-11-13T02:07:32","date_gmt":"2024-11-13T02:07:32","guid":{"rendered":"https:\/\/eclipseearn.pro\/?page_id=14"},"modified":"2025-06-03T10:43:54","modified_gmt":"2025-06-03T10:43:54","slug":"acerca-de-nosotros","status":"publish","type":"page","link":"https:\/\/eclipseearn.pro\/es\/about-us\/","title":{"rendered":"Qui\u00e9nes somos"},"content":{"rendered":"<div data-elementor-type=\"wp-page\" data-elementor-id=\"14\" class=\"elementor elementor-14\" data-elementor-post-type=\"page\">\n\t\t\t\t<div class=\"elementor-element elementor-element-f53791e e-flex e-con-boxed e-con e-parent\" data-id=\"f53791e\" data-element_type=\"container\" data-e-type=\"container\">\n\t\t\t\t\t<div class=\"e-con-inner\">\n\t\t<div class=\"elementor-element elementor-element-dd44607 e-con-full e-flex e-con e-child\" data-id=\"dd44607\" data-element_type=\"container\" data-e-type=\"container\">\n\t\t\t\t<div class=\"elementor-element elementor-element-0a2c9c4 elementor-widget elementor-widget-heading\" data-id=\"0a2c9c4\" data-element_type=\"widget\" data-e-type=\"widget\" data-widget_type=\"heading.default\">\n\t\t\t\t\t<h1 class=\"elementor-heading-title elementor-size-default\">Qui\u00e9nes somos<\/h1>\t\t\t\t<\/div>\n\t\t\t\t<div class=\"elementor-element elementor-element-a4192ee elementor-widget elementor-widget-text-editor\" data-id=\"a4192ee\" data-element_type=\"widget\" data-e-type=\"widget\" data-widget_type=\"text-editor.default\">\n\t\t\t\t\t\t\t\t\t<p>En Eclipse Earn, siempre nos hemos visto como innovadores en el mercado de las criptomonedas y nuestro equipo le ofrece una plataforma que hace las cosas de manera diferente a todas las dem\u00e1s. Comenzamos a construir nuestra plataforma cuando vimos una brecha en el mercado en la que quer\u00edamos que el comercio de criptomonedas fuera accesible para todos. Adem\u00e1s de desarrollar Eclipse Earn, somos entusiastas ac\u00e9rrimos de las criptomonedas y creemos en el valor de la tecnolog\u00eda blockchain. Alg\u00fan d\u00eda revolucionar\u00e1 verdaderamente el mundo y esperamos contribuir a ello. Despu\u00e9s de ver el mercado y c\u00f3mo ha cambiado, creemos que el futuro del comercio de criptomonedas suceder\u00e1 en Internet. Estamos trabajando arduamente para asegurarnos de que las criptomonedas crezcan y se conviertan en un valor para todos.<\/p>\t\t\t\t\t\t\t\t<\/div>\n\t\t\t\t<\/div>\n\t\t\t\t\t<\/div>\n\t\t\t\t<\/div>\n\t\t<div class=\"elementor-element elementor-element-bae02c9 e-flex e-con-boxed e-con e-parent\" data-id=\"bae02c9\" data-element_type=\"container\" data-e-type=\"container\">\n\t\t\t\t\t<div class=\"e-con-inner\">\n\t\t<div class=\"elementor-element elementor-element-b12e63d e-con-full elementor-hidden-mobile e-flex e-con e-child\" data-id=\"b12e63d\" data-element_type=\"container\" data-e-type=\"container\">\n\t\t\t\t<div class=\"elementor-element elementor-element-f7ec361 elementor-widget-mobile__width-initial elementor-widget elementor-widget-image\" data-id=\"f7ec361\" data-element_type=\"widget\" data-e-type=\"widget\" data-widget_type=\"image.default\">\n\t\t\t\t\t\t\t\t\t\t\t\t\t\t\t<img fetchpriority=\"high\" decoding=\"async\" width=\"550\" height=\"365\" src=\"https:\/\/eclipseearn.pro\/wp-content\/uploads\/2025\/01\/bright-future.webp\" class=\"attachment-full size-full wp-image-869\" alt=\"Eclipse te ofrece un futuro brillante\" srcset=\"https:\/\/eclipseearn.pro\/wp-content\/uploads\/2025\/01\/bright-future.webp 550w, https:\/\/eclipseearn.pro\/wp-content\/uploads\/2025\/01\/bright-future-300x199.webp 300w, https:\/\/eclipseearn.pro\/wp-content\/uploads\/2025\/01\/bright-future-18x12.webp 18w\" sizes=\"(max-width: 550px) 100vw, 550px\" \/>\t\t\t\t\t\t\t\t\t\t\t\t\t\t\t<\/div>\n\t\t\t\t<\/div>\n\t\t<div class=\"elementor-element elementor-element-8e6f6b0 e-con-full e-flex e-con e-child\" data-id=\"8e6f6b0\" data-element_type=\"container\" data-e-type=\"container\">\n\t\t\t\t<div class=\"elementor-element elementor-element-afc7b55 elementor-widget elementor-widget-heading\" data-id=\"afc7b55\" data-element_type=\"widget\" data-e-type=\"widget\" data-widget_type=\"heading.default\">\n\t\t\t\t\t<h2 class=\"elementor-heading-title elementor-size-default\">El futuro parece prometedor<\/h2>\t\t\t\t<\/div>\n\t\t\t\t<div class=\"elementor-element elementor-element-cce01e8 elementor-widget elementor-widget-text-editor\" data-id=\"cce01e8\" data-element_type=\"widget\" data-e-type=\"widget\" data-widget_type=\"text-editor.default\">\n\t\t\t\t\t\t\t\t\t<p>En Eclipse Earn hemos llegado a un punto en el que el futuro parece brillante. Podemos decir con orgullo que nuestro duro trabajo ha merecido la pena y que estamos viendo c\u00f3mo a mucha gente le encanta la plataforma que hemos desarrollado. Nuestro equipo est\u00e1 impaciente por ver qu\u00e9 ocurrir\u00e1 a continuaci\u00f3n.<\/p><p>Algunos de nuestros objetivos ser\u00eda ampliar la educaci\u00f3n de cryptocurrencies para que la gente puede hacer operaciones con un mejor conocimiento. Esto es especialmente cierto para los principiantes, ya que nos encantar\u00eda ayudarles a tener \u00e9xito en crypto.<\/p>\t\t\t\t\t\t\t\t<\/div>\n\t\t\t\t<\/div>\n\t\t\t\t\t<\/div>\n\t\t\t\t<\/div>\n\t\t<div class=\"elementor-element elementor-element-1399e9a elementor-hidden-desktop elementor-hidden-tablet e-flex e-con-boxed e-con e-parent\" data-id=\"1399e9a\" data-element_type=\"container\" data-e-type=\"container\">\n\t\t\t\t\t<div class=\"e-con-inner\">\n\t\t<div class=\"elementor-element elementor-element-f0f2d8d e-con-full e-flex e-con e-child\" data-id=\"f0f2d8d\" data-element_type=\"container\" data-e-type=\"container\">\n\t\t\t\t<div class=\"elementor-element elementor-element-ceb7ec5 elementor-widget-mobile__width-initial elementor-widget elementor-widget-image\" data-id=\"ceb7ec5\" data-element_type=\"widget\" data-e-type=\"widget\" data-widget_type=\"image.default\">\n\t\t\t\t\t\t\t\t\t\t\t\t\t\t\t<img fetchpriority=\"high\" decoding=\"async\" width=\"550\" height=\"365\" src=\"https:\/\/eclipseearn.pro\/wp-content\/uploads\/2025\/01\/bright-future.webp\" class=\"attachment-full size-full wp-image-869\" alt=\"Eclipse te ofrece un futuro brillante\" srcset=\"https:\/\/eclipseearn.pro\/wp-content\/uploads\/2025\/01\/bright-future.webp 550w, https:\/\/eclipseearn.pro\/wp-content\/uploads\/2025\/01\/bright-future-300x199.webp 300w, https:\/\/eclipseearn.pro\/wp-content\/uploads\/2025\/01\/bright-future-18x12.webp 18w\" sizes=\"(max-width: 550px) 100vw, 550px\" \/>\t\t\t\t\t\t\t\t\t\t\t\t\t\t\t<\/div>\n\t\t\t\t<\/div>\n\t\t<div class=\"elementor-element elementor-element-586566c e-con-full elementor-hidden-mobile e-flex e-con e-child\" data-id=\"586566c\" data-element_type=\"container\" data-e-type=\"container\">\n\t\t\t\t<div class=\"elementor-element elementor-element-e47ef6e elementor-widget elementor-widget-heading\" data-id=\"e47ef6e\" data-element_type=\"widget\" data-e-type=\"widget\" data-widget_type=\"heading.default\">\n\t\t\t\t\t<h2 class=\"elementor-heading-title elementor-size-default\">El futuro parece prometedor<\/h2>\t\t\t\t<\/div>\n\t\t\t\t<div class=\"elementor-element elementor-element-4dbcede elementor-widget elementor-widget-text-editor\" data-id=\"4dbcede\" data-element_type=\"widget\" data-e-type=\"widget\" data-widget_type=\"text-editor.default\">\n\t\t\t\t\t\t\t\t\t<div class=\"block__col\"><p class=\"txt\">En Eclipse Earn hemos llegado a un punto en el que el futuro parece brillante. Podemos decir con orgullo que nuestro duro trabajo ha merecido la pena y que estamos viendo c\u00f3mo a mucha gente le encanta la plataforma que hemos desarrollado. Nuestro equipo est\u00e1 impaciente por ver qu\u00e9 ocurrir\u00e1 a continuaci\u00f3n.<\/p><p>Algunos de nuestros objetivos ser\u00eda ampliar la educaci\u00f3n de cryptocurrencies para que la gente puede hacer operaciones con un mejor conocimiento. Esto es especialmente cierto para los principiantes, ya que nos encantar\u00eda ayudarles a tener \u00e9xito en crypto.<\/p><\/div>\t\t\t\t\t\t\t\t<\/div>\n\t\t\t\t<\/div>\n\t\t\t\t\t<\/div>\n\t\t\t\t<\/div>\n\t\t<div class=\"elementor-element elementor-element-7fbffba e-flex e-con-boxed e-con e-parent\" data-id=\"7fbffba\" data-element_type=\"container\" data-e-type=\"container\">\n\t\t\t\t\t<div class=\"e-con-inner\">\n\t\t<div class=\"elementor-element elementor-element-c888f3f e-con-full e-flex e-con e-child\" data-id=\"c888f3f\" data-element_type=\"container\" data-e-type=\"container\">\n\t\t\t\t<div class=\"elementor-element elementor-element-607c6e2 elementor-widget elementor-widget-heading\" data-id=\"607c6e2\" data-element_type=\"widget\" data-e-type=\"widget\" data-widget_type=\"heading.default\">\n\t\t\t\t\t<h2 class=\"elementor-heading-title elementor-size-default\">Un mundo de oportunidades te espera<\/h2>\t\t\t\t<\/div>\n\t\t\t\t<div class=\"elementor-element elementor-element-955d5f6 elementor-widget elementor-widget-text-editor\" data-id=\"955d5f6\" data-element_type=\"widget\" data-e-type=\"widget\" data-widget_type=\"text-editor.default\">\n\t\t\t\t\t\t\t\t\t<p>Informar a la gente sobre sus inversiones es uno de nuestros objetivos con la plataforma. Queremos que la gente tenga \u00e9xito, y lo conseguimos inform\u00e1ndoles sobre las oportunidades que ofrece la criptomoneda y c\u00f3mo funciona. Mientras educamos a la gente, buscamos mantenernos en la cima de nuestra industria.<\/p><p>Bitcoin ha ido creciendo en popularidad en todo el mundo, y nos encantar\u00eda ser una de las empresas que est\u00e1n contribuyendo a esta revoluci\u00f3n. Esperamos convertirnos en la plataforma que todo el mundo busca para observar el movimiento y realizar operaciones rentables.<\/p>\t\t\t\t\t\t\t\t<\/div>\n\t\t\t\t<\/div>\n\t\t<div class=\"elementor-element elementor-element-0288b96 e-con-full e-flex e-con e-child\" data-id=\"0288b96\" data-element_type=\"container\" data-e-type=\"container\">\n\t\t\t\t<div class=\"elementor-element elementor-element-494c610 elementor-widget elementor-widget-image\" data-id=\"494c610\" data-element_type=\"widget\" data-e-type=\"widget\" data-widget_type=\"image.default\">\n\t\t\t\t\t\t\t\t\t\t\t\t\t\t\t<img decoding=\"async\" width=\"550\" height=\"307\" src=\"https:\/\/eclipseearn.pro\/wp-content\/uploads\/2025\/01\/a-world-.webp\" class=\"attachment-full size-full wp-image-870\" alt=\"World of Opportunities Awaits\" srcset=\"https:\/\/eclipseearn.pro\/wp-content\/uploads\/2025\/01\/a-world-.webp 550w, https:\/\/eclipseearn.pro\/wp-content\/uploads\/2025\/01\/a-world--300x167.webp 300w, https:\/\/eclipseearn.pro\/wp-content\/uploads\/2025\/01\/a-world--18x10.webp 18w\" sizes=\"(max-width: 550px) 100vw, 550px\" \/>\t\t\t\t\t\t\t\t\t\t\t\t\t\t\t<\/div>\n\t\t\t\t<\/div>\n\t\t\t\t\t<\/div>\n\t\t\t\t<\/div>\n\t\t\t\t<\/div>","protected":false},"excerpt":{"rendered":"<p>About Us At Eclipse Earn, we\u2019ve always seen ourselves as innovators in the crypto market, and our team brings you a platform that does things differently from all the others. We first started building our platform when we saw a gap in the market where we wanted to make crypto trading accessible to everyone. Along [&hellip;]<\/p>\n","protected":false},"author":1,"featured_media":0,"parent":0,"menu_order":0,"comment_status":"closed","ping_status":"closed","template":"elementor_header_footer","meta":{"footnotes":""},"class_list":["post-14","page","type-page","status-publish","hentry"],"_links":{"self":[{"href":"https:\/\/eclipseearn.pro\/es\/wp-json\/wp\/v2\/pages\/14","targetHints":{"allow":["GET"]}}],"collection":[{"href":"https:\/\/eclipseearn.pro\/es\/wp-json\/wp\/v2\/pages"}],"about":[{"href":"https:\/\/eclipseearn.pro\/es\/wp-json\/wp\/v2\/types\/page"}],"author":[{"embeddable":true,"href":"https:\/\/eclipseearn.pro\/es\/wp-json\/wp\/v2\/users\/1"}],"replies":[{"embeddable":true,"href":"https:\/\/eclipseearn.pro\/es\/wp-json\/wp\/v2\/comments?post=14"}],"version-history":[{"count":37,"href":"https:\/\/eclipseearn.pro\/es\/wp-json\/wp\/v2\/pages\/14\/revisions"}],"predecessor-version":[{"id":1380,"href":"https:\/\/eclipseearn.pro\/es\/wp-json\/wp\/v2\/pages\/14\/revisions\/1380"}],"wp:attachment":[{"href":"https:\/\/eclipseearn.pro\/es\/wp-json\/wp\/v2\/media?parent=14"}],"curies":[{"name":"wp","href":"https:\/\/api.w.org\/{rel}","templated":true}]}}