{"id":18,"date":"2024-11-13T02:08:27","date_gmt":"2024-11-13T02:08:27","guid":{"rendered":"https:\/\/eclipseearn.pro\/?page_id=18"},"modified":"2025-06-04T10:37:24","modified_gmt":"2025-06-04T10:37:24","slug":"politica-de-privacidad","status":"publish","type":"page","link":"https:\/\/eclipseearn.pro\/es\/privacy-policy\/","title":{"rendered":"Pol\u00edtica de privacidad"},"content":{"rendered":"<div data-elementor-type=\"wp-page\" data-elementor-id=\"18\" class=\"elementor elementor-18\" data-elementor-post-type=\"page\">\n\t\t\t\t\t\t<section class=\"elementor-section elementor-top-section elementor-element elementor-element-211691d elementor-section-boxed elementor-section-height-default elementor-section-height-default\" data-id=\"211691d\" data-element_type=\"section\" data-e-type=\"section\" data-settings=\"{&quot;background_background&quot;:&quot;classic&quot;}\">\n\t\t\t\t\t\t<div class=\"elementor-container elementor-column-gap-default\">\n\t\t\t\t\t<div class=\"elementor-column elementor-col-100 elementor-top-column elementor-element elementor-element-70f33ca\" data-id=\"70f33ca\" data-element_type=\"column\" data-e-type=\"column\">\n\t\t\t<div class=\"elementor-widget-wrap elementor-element-populated\">\n\t\t\t\t\t\t<div class=\"elementor-element elementor-element-a72415e elementor-widget elementor-widget-heading\" data-id=\"a72415e\" data-element_type=\"widget\" data-e-type=\"widget\" data-widget_type=\"heading.default\">\n\t\t\t\t\t<h1 class=\"elementor-heading-title elementor-size-default\">Pol\u00edtica de privacidad<\/h1>\t\t\t\t<\/div>\n\t\t\t\t\t<\/div>\n\t\t<\/div>\n\t\t\t\t\t<\/div>\n\t\t<\/section>\n\t\t\t\t<section class=\"elementor-section elementor-top-section elementor-element elementor-element-6657479 elementor-section-boxed elementor-section-height-default elementor-section-height-default\" data-id=\"6657479\" data-element_type=\"section\" data-e-type=\"section\">\n\t\t\t\t\t\t<div class=\"elementor-container elementor-column-gap-default\">\n\t\t\t\t\t<div class=\"elementor-column elementor-col-100 elementor-top-column elementor-element elementor-element-a60d826\" data-id=\"a60d826\" data-element_type=\"column\" data-e-type=\"column\">\n\t\t\t<div class=\"elementor-widget-wrap elementor-element-populated\">\n\t\t\t\t\t\t<div class=\"elementor-element elementor-element-6841ca6 elementor-widget elementor-widget-text-editor\" data-id=\"6841ca6\" data-element_type=\"widget\" data-e-type=\"widget\" data-widget_type=\"text-editor.default\">\n\t\t\t\t\t\t\t\t\t<p class=\"translation-block\">En Eclipse Earn, accesible desde <a href=\"https:\/\/eclipseearn.pro\/es\/\" target=\"_self\">https:\/\/eclipseearn.pro\/<\/a>, una de nuestras principales prioridades es la privacidad de nuestros visitantes. Esta Pol\u00edtica de Privacidad describe los tipos de informaci\u00f3n que Eclipse Earn recopila y registra, as\u00ed como su uso.<\/p><p>Si tiene m\u00e1s preguntas o necesita m\u00e1s informaci\u00f3n sobre nuestra Pol\u00edtica de Privacidad, no dude en ponerse en contacto con nosotros.<\/p><p class=\"translation-block\">Esta Pol\u00edtica de Privacidad se aplica \u00fanicamente a nuestras actividades en l\u00ednea y es v\u00e1lida para quienes visitan nuestro sitio web en relaci\u00f3n con la informaci\u00f3n que compartieron o recopilaron en Eclipse Earn. Esta pol\u00edtica no se aplica a la informaci\u00f3n recopilada fuera de l\u00ednea o a trav\u00e9s de canales distintos a este sitio web.<\/p>\t\t\t\t\t\t\t\t<\/div>\n\t\t\t\t<div class=\"elementor-element elementor-element-667f3e0 elementor-widget elementor-widget-heading\" data-id=\"667f3e0\" data-element_type=\"widget\" data-e-type=\"widget\" data-widget_type=\"heading.default\">\n\t\t\t\t\t<h2 class=\"elementor-heading-title elementor-size-default\">Consentimiento<\/h2>\t\t\t\t<\/div>\n\t\t\t\t<div class=\"elementor-element elementor-element-8cd4ad1 elementor-widget elementor-widget-text-editor\" data-id=\"8cd4ad1\" data-element_type=\"widget\" data-e-type=\"widget\" data-widget_type=\"text-editor.default\">\n\t\t\t\t\t\t\t\t\t<p>Al utilizar nuestro sitio web, usted acepta nuestra Pol\u00edtica de privacidad y est\u00e1 de acuerdo con sus t\u00e9rminos.<\/p>\t\t\t\t\t\t\t\t<\/div>\n\t\t\t\t<div class=\"elementor-element elementor-element-560f5d6 elementor-widget elementor-widget-heading\" data-id=\"560f5d6\" data-element_type=\"widget\" data-e-type=\"widget\" data-widget_type=\"heading.default\">\n\t\t\t\t\t<h2 class=\"elementor-heading-title elementor-size-default\">Informaci\u00f3n que recopilamos<\/h2>\t\t\t\t<\/div>\n\t\t\t\t<div class=\"elementor-element elementor-element-d0e0e8e elementor-widget elementor-widget-text-editor\" data-id=\"d0e0e8e\" data-element_type=\"widget\" data-e-type=\"widget\" data-widget_type=\"text-editor.default\">\n\t\t\t\t\t\t\t\t\t<p>La informaci\u00f3n personal que se le pide y las razones por las que se le pide que la proporcione se le explicar\u00e1n claramente en el momento en que le pidamos que proporcione su informaci\u00f3n personal.<\/p><p>Si se pone en contacto con nosotros directamente, podemos recibir informaci\u00f3n adicional sobre usted, como su nombre, direcci\u00f3n de correo electr\u00f3nico, n\u00famero de tel\u00e9fono, el contenido del mensaje y\/o los archivos adjuntos que nos env\u00ede y cualquier otra informaci\u00f3n que decida facilitarnos.<\/p><p>Cuando se registra para obtener una Cuenta, podemos pedirle su informaci\u00f3n de contacto, incluidos datos como el nombre, el nombre de la empresa, la direcci\u00f3n, la direcci\u00f3n de correo electr\u00f3nico y el n\u00famero de tel\u00e9fono.<\/p><p>a nuestra Pol\u00edtica de Privacidad y acepta sus t\u00e9rminos.<\/p>\t\t\t\t\t\t\t\t<\/div>\n\t\t\t\t<div class=\"elementor-element elementor-element-856892b elementor-widget elementor-widget-heading\" data-id=\"856892b\" data-element_type=\"widget\" data-e-type=\"widget\" data-widget_type=\"heading.default\">\n\t\t\t\t\t<h2 class=\"elementor-heading-title elementor-size-default\">C\u00f3mo utilizamos su informaci\u00f3n<\/h2>\t\t\t\t<\/div>\n\t\t\t\t<div class=\"elementor-element elementor-element-0dd5be0 elementor-widget elementor-widget-text-editor\" data-id=\"0dd5be0\" data-element_type=\"widget\" data-e-type=\"widget\" data-widget_type=\"text-editor.default\">\n\t\t\t\t\t\t\t\t\t<p>Utilizamos la informaci\u00f3n que recopilamos de varias formas, entre ellas para:<\/p><ul><li>Proporcionar, operar y mantener nuestro sitio web<\/li><li>Mejorar, personalizar y ampliar nuestro sitio web<\/li><li>Comprender y analizar c\u00f3mo utiliza nuestro sitio web<\/li><li>Desarrollar nuevos productos, servicios, caracter\u00edsticas y funcionalidades<\/li><li>Comunicarnos con usted, ya sea directamente o a trav\u00e9s de uno de nuestros socios, por ejemplo con fines de atenci\u00f3n al cliente, para proporcionarle actualizaciones y otra informaci\u00f3n relacionada con el sitio web, y con fines promocionales y de marketing.<\/li><li>Enviarle correos electr\u00f3nicos<\/li><li>Detectar y prevenir el fraude<\/li><\/ul>\t\t\t\t\t\t\t\t<\/div>\n\t\t\t\t<div class=\"elementor-element elementor-element-897c66f elementor-widget elementor-widget-heading\" data-id=\"897c66f\" data-element_type=\"widget\" data-e-type=\"widget\" data-widget_type=\"heading.default\">\n\t\t\t\t\t<h2 class=\"elementor-heading-title elementor-size-default\">Recogida y uso de n\u00fameros de tel\u00e9fono\nFinalidad de la recogida<\/h2>\t\t\t\t<\/div>\n\t\t\t\t<div class=\"elementor-element elementor-element-6c23ca2 elementor-widget elementor-widget-text-editor\" data-id=\"6c23ca2\" data-element_type=\"widget\" data-e-type=\"widget\" data-widget_type=\"text-editor.default\">\n\t\t\t\t\t\t\t\t\t<p class=\"translation-block\">En <strong>Eclipse Earn<\/strong>, recopilamos los n\u00fameros de tel\u00e9fono de nuestros usuarios a trav\u00e9s de nuestro formulario de registro. Esta recopilaci\u00f3n tiene varios prop\u00f3sitos clave:<\/p><ul><li><strong>Comunicaci\u00f3n:<\/strong>\u00a0Los n\u00fameros de tel\u00e9fono se utilizan principalmente para facilitar la comunicaci\u00f3n directa con los usuarios. Esto puede incluir proporcionar asistencia, responder a consultas y ofrecer actualizaciones relacionadas con nuestros servicios o cuentas de usuario.<\/li><li class=\"translation-block\"><strong>Gesti\u00f3n de cuentas:<\/strong> Los n\u00fameros de tel\u00e9fono se utilizan con el fin de verificar la identidad de los usuarios y ayudar en la gesti\u00f3n de las cuentas de los usuarios. Esto ayuda a mejorar la seguridad y garantizar que el acceso a las cuentas de los usuarios est\u00e9 debidamente protegido.<\/li><li class=\"translation-block\"><strong>Marketing y promociones:<\/strong>\u00a0Con el consentimiento del usuario, los n\u00fameros de tel\u00e9fono tambi\u00e9n pueden usarse para enviar informaci\u00f3n sobre nuevos productos, actualizaciones y ofertas promocionales que puedan ser de inter\u00e9s para nuestros usuarios.<\/li><\/ul>\t\t\t\t\t\t\t\t<\/div>\n\t\t\t\t<div class=\"elementor-element elementor-element-b94826c elementor-widget elementor-widget-heading\" data-id=\"b94826c\" data-element_type=\"widget\" data-e-type=\"widget\" data-widget_type=\"heading.default\">\n\t\t\t\t\t<h2 class=\"elementor-heading-title elementor-size-default\">Archivos de registro<\/h2>\t\t\t\t<\/div>\n\t\t\t\t<div class=\"elementor-element elementor-element-32e2686 elementor-widget elementor-widget-text-editor\" data-id=\"32e2686\" data-element_type=\"widget\" data-e-type=\"widget\" data-widget_type=\"text-editor.default\">\n\t\t\t\t\t\t\t\t\t<p class=\"translation-block\">Eclipse Earn sigue un procedimiento est\u00e1ndar de uso de archivos de registro. Estos archivos registran a los visitantes cuando visitan sitios web. Todas las empresas de alojamiento hacen esto y es parte del an\u00e1lisis de los servicios de alojamiento. La informaci\u00f3n recopilada por los archivos de registro incluye direcciones de protocolo de Internet (IP), tipo de navegador, proveedor de servicios de Internet (ISP), sello de fecha y hora, p\u00e1ginas de referencia\/salida y, posiblemente, la cantidad de clics. Estos no est\u00e1n vinculados a ninguna informaci\u00f3n que sea personalmente identificable. El prop\u00f3sito de la informaci\u00f3n es analizar tendencias, administrar el sitio, rastrear el movimiento de los usuarios en el sitio web y recopilar informaci\u00f3n demogr\u00e1fica.<\/p>\t\t\t\t\t\t\t\t<\/div>\n\t\t\t\t<div class=\"elementor-element elementor-element-6421870 elementor-widget elementor-widget-heading\" data-id=\"6421870\" data-element_type=\"widget\" data-e-type=\"widget\" data-widget_type=\"heading.default\">\n\t\t\t\t\t<h2 class=\"elementor-heading-title elementor-size-default\">Cookies y balizas web<\/h2>\t\t\t\t<\/div>\n\t\t\t\t<div class=\"elementor-element elementor-element-5b964c0 elementor-widget elementor-widget-text-editor\" data-id=\"5b964c0\" data-element_type=\"widget\" data-e-type=\"widget\" data-widget_type=\"text-editor.default\">\n\t\t\t\t\t\t\t\t\t<p class=\"translation-block\">Como cualquier otro sitio web, Eclipse Earn utiliza cookies. Estas cookies se utilizan para almacenar informaci\u00f3n, como las preferencias de los visitantes y las p\u00e1ginas del sitio web que accedieron o visitaron. Esta informaci\u00f3n se utiliza para optimizar la experiencia del usuario personalizando el contenido de nuestra p\u00e1gina web seg\u00fan el tipo de navegador del visitante y\/u otra informaci\u00f3n.<\/p>\t\t\t\t\t\t\t\t<\/div>\n\t\t\t\t<div class=\"elementor-element elementor-element-1a9c1dc elementor-widget elementor-widget-heading\" data-id=\"1a9c1dc\" data-element_type=\"widget\" data-e-type=\"widget\" data-widget_type=\"heading.default\">\n\t\t\t\t\t<h2 class=\"elementor-heading-title elementor-size-default\">Socios publicitarios Pol\u00edticas de privacidad<\/h2>\t\t\t\t<\/div>\n\t\t\t\t<div class=\"elementor-element elementor-element-4426d6f elementor-widget elementor-widget-text-editor\" data-id=\"4426d6f\" data-element_type=\"widget\" data-e-type=\"widget\" data-widget_type=\"text-editor.default\">\n\t\t\t\t\t\t\t\t\t<p class=\"translation-block\">Los servidores o redes publicitarias de terceros utilizan tecnolog\u00edas como cookies, JavaScript o balizas web en sus respectivos anuncios y enlaces que aparecen en Eclipse Earn y se env\u00edan directamente al navegador del usuario. Reciben autom\u00e1ticamente su direcci\u00f3n IP cuando esto ocurre. Estas tecnolog\u00edas se utilizan para medir la eficacia de sus campa\u00f1as publicitarias o para personalizar el contenido publicitario que ve en los sitios web que visita.<\/p><p class=\"translation-block\">Tenga en cuenta que <strong>Eclipse Earn<\/strong> no tiene acceso ni control sobre estas cookies que utilizan los anunciantes de terceros.<\/p>\t\t\t\t\t\t\t\t<\/div>\n\t\t\t\t<div class=\"elementor-element elementor-element-969e542 elementor-widget elementor-widget-heading\" data-id=\"969e542\" data-element_type=\"widget\" data-e-type=\"widget\" data-widget_type=\"heading.default\">\n\t\t\t\t\t<h2 class=\"elementor-heading-title elementor-size-default\">Pol\u00edticas de privacidad de terceros<\/h2>\t\t\t\t<\/div>\n\t\t\t\t<div class=\"elementor-element elementor-element-1cd9bbe elementor-widget elementor-widget-text-editor\" data-id=\"1cd9bbe\" data-element_type=\"widget\" data-e-type=\"widget\" data-widget_type=\"text-editor.default\">\n\t\t\t\t\t\t\t\t\t<p class=\"translation-block\">La Pol\u00edtica de Privacidad de Eclipse Earn no se aplica a otros anunciantes ni sitios web. Por lo tanto, le recomendamos consultar las Pol\u00edticas de Privacidad de estos servidores de anuncios externos para obtener informaci\u00f3n m\u00e1s detallada. Estas pueden incluir sus pr\u00e1cticas e instrucciones sobre c\u00f3mo desactivar ciertas opciones.<\/p><p>Puede optar por desactivar las cookies a trav\u00e9s de las opciones individuales de su navegador. Para conocer informaci\u00f3n m\u00e1s detallada sobre la gesti\u00f3n de cookies con navegadores web espec\u00edficos, puede consultarse en los sitios web respectivos de los navegadores.<\/p>\t\t\t\t\t\t\t\t<\/div>\n\t\t\t\t<div class=\"elementor-element elementor-element-a442f3e elementor-widget elementor-widget-heading\" data-id=\"a442f3e\" data-element_type=\"widget\" data-e-type=\"widget\" data-widget_type=\"heading.default\">\n\t\t\t\t\t<h2 class=\"elementor-heading-title elementor-size-default\">Derechos de privacidad CCPA (No vender mi informaci\u00f3n)<\/h2>\t\t\t\t<\/div>\n\t\t\t\t<div class=\"elementor-element elementor-element-51005c1 elementor-widget elementor-widget-text-editor\" data-id=\"51005c1\" data-element_type=\"widget\" data-e-type=\"widget\" data-widget_type=\"text-editor.default\">\n\t\t\t\t\t\t\t\t\t<p>En virtud de la CCPA, entre otros derechos, los consumidores de California tienen derecho a:<\/p><p>Solicitar que una empresa que recopila datos personales de un consumidor revele las categor\u00edas y los datos personales espec\u00edficos que ha recopilado sobre los consumidores.<\/p><p>Solicitar que una empresa elimine cualquier dato personal sobre el consumidor que haya recopilado.<\/p><p>Solicitar que una empresa que vende datos personales de un consumidor, no venda los datos personales del consumidor.<\/p><p>Si realiza una solicitud, disponemos de un mes para responderle. Si desea ejercer alguno de estos derechos, p\u00f3ngase en contacto con nosotros.<\/p>\t\t\t\t\t\t\t\t<\/div>\n\t\t\t\t<div class=\"elementor-element elementor-element-5e984e0 elementor-widget elementor-widget-heading\" data-id=\"5e984e0\" data-element_type=\"widget\" data-e-type=\"widget\" data-widget_type=\"heading.default\">\n\t\t\t\t\t<h2 class=\"elementor-heading-title elementor-size-default\">Derechos de protecci\u00f3n de datos GDPR<\/h2>\t\t\t\t<\/div>\n\t\t\t\t<div class=\"elementor-element elementor-element-ab3ebe6 elementor-widget elementor-widget-text-editor\" data-id=\"ab3ebe6\" data-element_type=\"widget\" data-e-type=\"widget\" data-widget_type=\"text-editor.default\">\n\t\t\t\t\t\t\t\t\t<p>Queremos asegurarnos de que conoce todos sus derechos en materia de protecci\u00f3n de datos. Todo usuario tiene derecho a lo siguiente:<\/p><p>Derecho de acceso - Tiene derecho a solicitar copias de sus datos personales. Es posible que le cobremos una peque\u00f1a cantidad por este servicio.<\/p><p>Derecho de rectificaci\u00f3n - Tiene derecho a solicitar que corrijamos cualquier informaci\u00f3n que considere inexacta. Tambi\u00e9n tiene derecho a solicitar que completemos la informaci\u00f3n que considere incompleta.<\/p><p>Derecho de supresi\u00f3n - Tiene derecho a solicitar que borremos sus datos personales, en determinadas condiciones.<\/p><p class=\"translation-block\">Derecho a restringir el procesamiento: tiene derecho a solicitar que restrinjamos el procesamiento de sus datos personales, bajo ciertas condiciones.<br>Derecho a oponerse al procesamiento: tiene derecho a oponerse a que procesemos sus datos personales, bajo ciertas condiciones.<br>Derecho a la portabilidad de datos: tiene derecho a solicitar que transfiramos los datos que hemos recopilado a otra organizaci\u00f3n, o directamente a usted, bajo ciertas condiciones.<br>Si realiza una solicitud, tenemos un mes para responderle. Si desea ejercer alguno de estos derechos, cont\u00e1ctenos en <a href=\"mailto:support@eclipseearn.pro\" target=\"_self\">support@eclipseearn.pro<\/a><\/p>\t\t\t\t\t\t\t\t<\/div>\n\t\t\t\t\t<\/div>\n\t\t<\/div>\n\t\t\t\t\t<\/div>\n\t\t<\/section>\n\t\t\t\t<\/div>","protected":false},"excerpt":{"rendered":"<p>Privacy Policy At Eclipse Earn, accessible from https:\/\/eclipseearn.pro\/, one of our main priorities is the privacy of our visitors. This Privacy Policy document contains types of information that is collected and recorded by Eclipse Earn and how we use it. If you have additional questions or require more information about our Privacy Policy, do not [&hellip;]<\/p>\n","protected":false},"author":1,"featured_media":0,"parent":0,"menu_order":0,"comment_status":"closed","ping_status":"closed","template":"elementor_header_footer","meta":{"footnotes":""},"class_list":["post-18","page","type-page","status-publish","hentry"],"_links":{"self":[{"href":"https:\/\/eclipseearn.pro\/es\/wp-json\/wp\/v2\/pages\/18","targetHints":{"allow":["GET"]}}],"collection":[{"href":"https:\/\/eclipseearn.pro\/es\/wp-json\/wp\/v2\/pages"}],"about":[{"href":"https:\/\/eclipseearn.pro\/es\/wp-json\/wp\/v2\/types\/page"}],"author":[{"embeddable":true,"href":"https:\/\/eclipseearn.pro\/es\/wp-json\/wp\/v2\/users\/1"}],"replies":[{"embeddable":true,"href":"https:\/\/eclipseearn.pro\/es\/wp-json\/wp\/v2\/comments?post=18"}],"version-history":[{"count":28,"href":"https:\/\/eclipseearn.pro\/es\/wp-json\/wp\/v2\/pages\/18\/revisions"}],"predecessor-version":[{"id":1496,"href":"https:\/\/eclipseearn.pro\/es\/wp-json\/wp\/v2\/pages\/18\/revisions\/1496"}],"wp:attachment":[{"href":"https:\/\/eclipseearn.pro\/es\/wp-json\/wp\/v2\/media?parent=18"}],"curies":[{"name":"wp","href":"https:\/\/api.w.org\/{rel}","templated":true}]}}