{"id":20,"date":"2024-11-13T02:08:54","date_gmt":"2024-11-13T02:08:54","guid":{"rendered":"https:\/\/eclipseearn.pro\/?page_id=20"},"modified":"2025-06-03T12:58:21","modified_gmt":"2025-06-03T12:58:21","slug":"condiciones-generales","status":"publish","type":"page","link":"https:\/\/eclipseearn.pro\/es\/terms-and-conditions\/","title":{"rendered":"Condiciones generales"},"content":{"rendered":"<div data-elementor-type=\"wp-page\" data-elementor-id=\"20\" class=\"elementor elementor-20\" data-elementor-post-type=\"page\">\n\t\t\t\t\t\t<section class=\"elementor-section elementor-top-section elementor-element elementor-element-b2bf326 elementor-section-boxed elementor-section-height-default elementor-section-height-default\" data-id=\"b2bf326\" data-element_type=\"section\" data-e-type=\"section\" data-settings=\"{&quot;background_background&quot;:&quot;classic&quot;}\">\n\t\t\t\t\t\t<div class=\"elementor-container elementor-column-gap-default\">\n\t\t\t\t\t<div class=\"elementor-column elementor-col-100 elementor-top-column elementor-element elementor-element-4981f77\" data-id=\"4981f77\" data-element_type=\"column\" data-e-type=\"column\">\n\t\t\t<div class=\"elementor-widget-wrap elementor-element-populated\">\n\t\t\t\t\t\t<div class=\"elementor-element elementor-element-8f41932 elementor-widget elementor-widget-heading\" data-id=\"8f41932\" data-element_type=\"widget\" data-e-type=\"widget\" data-widget_type=\"heading.default\">\n\t\t\t\t\t<h1 class=\"elementor-heading-title elementor-size-default\">Condiciones generales<\/h1>\t\t\t\t<\/div>\n\t\t\t\t\t<\/div>\n\t\t<\/div>\n\t\t\t\t\t<\/div>\n\t\t<\/section>\n\t\t\t\t<section class=\"elementor-section elementor-top-section elementor-element elementor-element-367c5e7 elementor-section-boxed elementor-section-height-default elementor-section-height-default\" data-id=\"367c5e7\" data-element_type=\"section\" data-e-type=\"section\">\n\t\t\t\t\t\t<div class=\"elementor-container elementor-column-gap-default\">\n\t\t\t\t\t<div class=\"elementor-column elementor-col-100 elementor-top-column elementor-element elementor-element-1d8c118\" data-id=\"1d8c118\" data-element_type=\"column\" data-e-type=\"column\">\n\t\t\t<div class=\"elementor-widget-wrap elementor-element-populated\">\n\t\t\t\t\t\t<div class=\"elementor-element elementor-element-917d5f2 elementor-widget elementor-widget-heading\" data-id=\"917d5f2\" data-element_type=\"widget\" data-e-type=\"widget\" data-widget_type=\"heading.default\">\n\t\t\t\t\t<h2 class=\"elementor-heading-title elementor-size-default\">1. General<\/h2>\t\t\t\t<\/div>\n\t\t\t\t<div class=\"elementor-element elementor-element-2a21206 elementor-widget elementor-widget-text-editor\" data-id=\"2a21206\" data-element_type=\"widget\" data-e-type=\"widget\" data-widget_type=\"text-editor.default\">\n\t\t\t\t\t\t\t\t\t<p class=\"translation-block\">1.1. Bienvenido a <a href=\"https:\/\/eclipseearn.pro\/es\/\" target=\"_self\">https:\/\/eclipseearn.pro\/<\/a>(el \u00abSitio web\u00bb).<\/p><p class=\"translation-block\">1.2. El Sitio Web incluye informaci\u00f3n sobre plataformas de terceros (las \u00abPlataformas de Terceros\u00bb), concretamente servicios educativos sobre t\u00e9cnicas generales de inversi\u00f3n o estudios de mercado. Eclipse Earn act\u00faa como intermediario, conectando a los usuarios con dichas Plataformas de Terceros (los \u00abServicios\u00bb).<\/p><p class=\"translation-block\">1.3. Estos t\u00e9rminos de uso (los\u00a0<b>\u201cT\u00e9rminos\u201d<\/b>) rigen su uso (<b>\u201cUsted\u201d<\/b>,\u00a0<b>\u201cSu\u201d<\/b>\u00a0o\u00a0<b>\u201cUsuario\u201d<\/b>) del Sitio web y los Servicios. Usted debe leer atentamente estos T\u00e9rminos en su totalidad antes de usar los Servicios. Tenga en cuenta que estos T\u00e9rminos constituyen un acuerdo legalmente vinculante entre Usted y el operador del Sitio web, Eclipse Earn support. Si no est\u00e1 de acuerdo con alguna disposici\u00f3n de estos T\u00e9rminos, deber\u00e1 dejar de usar el Sitio web de inmediato. Al usar el Sitio web, Usted acepta los T\u00e9rminos, con sus modificaciones peri\u00f3dicas.<\/p>\t\t\t\t\t\t\t\t<\/div>\n\t\t\t\t<div class=\"elementor-element elementor-element-2f92812 elementor-widget elementor-widget-heading\" data-id=\"2f92812\" data-element_type=\"widget\" data-e-type=\"widget\" data-widget_type=\"heading.default\">\n\t\t\t\t\t<h2 class=\"elementor-heading-title elementor-size-default\">2. Descripci\u00f3n de los servicios<\/h2>\t\t\t\t<\/div>\n\t\t\t\t<div class=\"elementor-element elementor-element-77f656e elementor-widget elementor-widget-text-editor\" data-id=\"77f656e\" data-element_type=\"widget\" data-e-type=\"widget\" data-widget_type=\"text-editor.default\">\n\t\t\t\t\t\t\t\t\t<p>2.1. No somos una plataforma de negociaci\u00f3n, ni le ponemos en contacto con dichas plataformas de negociaci\u00f3n, a menos que dicha plataforma de negociaci\u00f3n se comprometa a ofrecerle \u00fanicamente servicios educativos o estudios de mercado.<\/p><p>2.2. Servimos de intermediario para ponerle en contacto con un proveedor de servicios capaz de proponerle contenidos educativos sobre t\u00e9cnicas generales de inversi\u00f3n o estudios de mercado en sus \u00e1reas de inter\u00e9s..<\/p><p>2.3. Un representante del proveedor de servicios antes mencionado se pondr\u00e1 en contacto con Usted despu\u00e9s de que se haya registrado en nuestro sitio web proporcionando informaci\u00f3n completa y correcta.<\/p><p>2.4. La funci\u00f3n del representante mencionado en el apartado 2.3. es proporcionarle informaci\u00f3n sobre t\u00e9cnicas generales de inversi\u00f3n que se ajusten a sus intereses o sean populares en la actualidad y mejorar su comprensi\u00f3n de las estrategias de inversi\u00f3n.<\/p>\t\t\t\t\t\t\t\t<\/div>\n\t\t\t\t<div class=\"elementor-element elementor-element-c96b1f2 elementor-widget elementor-widget-heading\" data-id=\"c96b1f2\" data-element_type=\"widget\" data-e-type=\"widget\" data-widget_type=\"heading.default\">\n\t\t\t\t\t<h2 class=\"elementor-heading-title elementor-size-default\">3. Elegibilidad<\/h2>\t\t\t\t<\/div>\n\t\t\t\t<div class=\"elementor-element elementor-element-865a0a7 elementor-widget elementor-widget-text-editor\" data-id=\"865a0a7\" data-element_type=\"widget\" data-e-type=\"widget\" data-widget_type=\"text-editor.default\">\n\t\t\t\t\t\t\t\t\t<p>3.1 Solo podr\u00e1 utilizar el Sitio web si cumple todos los requisitos siguientes:<\/p><p>3.1.1 Tienes al menos 18 a\u00f1os de edad;<\/p><p>3.2.2 Usted tiene el derecho legal, la autoridad y la capacidad de aceptar estos T\u00e9rminos y adherirse a todas sus condiciones;<\/p><p>3.3.3 No se le proh\u00edbe utilizar el Sitio web y\/o los Servicios seg\u00fan las leyes de su pa\u00eds de residencia o del pa\u00eds en el que utiliza el Sitio web.<\/p><p>3.3.4 No ofrecemos ninguna declaraci\u00f3n ni garant\u00eda, ni expresa ni impl\u00edcita, sobre la legalidad del Sitio Web ni de los Servicios, ni sobre el uso que cualquier persona haga de ellos. No nos responsabilizamos del uso ilegal del Sitio Web ni de los Servicios por parte de los usuarios.<\/p>\t\t\t\t\t\t\t\t<\/div>\n\t\t\t\t<div class=\"elementor-element elementor-element-cb07710 elementor-widget elementor-widget-heading\" data-id=\"cb07710\" data-element_type=\"widget\" data-e-type=\"widget\" data-widget_type=\"heading.default\">\n\t\t\t\t\t<h2 class=\"elementor-heading-title elementor-size-default\">4. Territorios restringidos<\/h2>\t\t\t\t<\/div>\n\t\t\t\t<div class=\"elementor-element elementor-element-8a33d58 elementor-widget elementor-widget-text-editor\" data-id=\"8a33d58\" data-element_type=\"widget\" data-e-type=\"widget\" data-widget_type=\"text-editor.default\">\n\t\t\t\t\t\t\t\t\t<p>4.1. Sin perjuicio de la generalidad de lo anterior, podremos restringir la disponibilidad del Sitio Web y\/o de los Servicios (o de cualquier parte de los mismos) a los Usuarios que se encuentren en territorios en los que el marco jur\u00eddico y normativo sea incompatible con la prestaci\u00f3n de los Servicios.<\/p><p>4.2. Podemos imponer requisitos o condiciones adicionales antes de aceptar Usuarios que residan en o procedan de pa\u00edses espec\u00edficos cuando sea necesario para cumplir con las leyes del territorio en el que residen los Usuarios . Adem\u00e1s, se reconoce que si alg\u00fan Usuario viajara a los Territorios Restringidos, el Sitio Web y\/o los Servicios podr\u00edan no estar disponibles y\/o estar bloqueados all\u00ed.<\/p>\t\t\t\t\t\t\t\t<\/div>\n\t\t\t\t<div class=\"elementor-element elementor-element-0dd87a9 elementor-widget elementor-widget-heading\" data-id=\"0dd87a9\" data-element_type=\"widget\" data-e-type=\"widget\" data-widget_type=\"heading.default\">\n\t\t\t\t\t<h2 class=\"elementor-heading-title elementor-size-default\">5. Actividades prohibidas<\/h2>\t\t\t\t<\/div>\n\t\t\t\t<div class=\"elementor-element elementor-element-085f6d1 elementor-widget elementor-widget-text-editor\" data-id=\"085f6d1\" data-element_type=\"widget\" data-e-type=\"widget\" data-widget_type=\"text-editor.default\">\n\t\t\t\t\t\t\t\t\t<p>5.1. Usted se compromete a utilizar el Sitio Web y los Servicios de manera respetuosa, y se compromete a no:<\/p><p>5.1.1. Enlazar con el Sitio Web y\/o utilizar el Sitio Web con el fin de cargar, descargar, distribuir, publicar o transmitir (a) informaci\u00f3n u otro material de forma que viole cualquier derecho, incluidos los derechos de propiedad intelectual, la protecci\u00f3n de los derechos de privacidad o cualquier otro derecho; (b) informaci\u00f3n u otro material cuya publicaci\u00f3n o uso est\u00e9 prohibido por constituir una amenaza, da\u00f1o, insulto, calumnia, difamaci\u00f3n, racismo o contenido inapropiado; (c) informaci\u00f3n u otro material que incluya un virus u otro software que pueda da\u00f1ar nuestros sistemas inform\u00e1ticos o los de terceros, o que pueda restringir o impedir a otros el uso del Sitio Web; (d) informaci\u00f3n u otro material que infrinja cualquier ley; o (e) informaci\u00f3n u otro material que incluya publicidad de cualquier tipo sin nuestro permiso previo por escrito;<\/p><p>5.1.2. Suprimir o modificar atribuciones, avisos legales u otras designaciones o etiquetas de propiedad en el Sitio Web;<\/p><p>5.1.3. Utilizar los Servicios utilizando cualquier interfaz distinta del Sitio Web;<\/p><p>5.1.4. Interferir en el uso del Sitio Web y\/o de los Servicios por parte de otros Usuarios;<\/p><p>5.1.5. Utilizar bots u otros m\u00e9todos automatizados para acceder o utilizar el Sitio Web y\/o los Servicios;<\/p><p>5.1.6. Cargar o transmitir (o intentar cargar o transmitir), sin Nuestro permiso expreso, cualquier material que act\u00fae como mecanismo pasivo o activo de recogida o transmisi\u00f3n de informaci\u00f3n, incluyendo, sin limitaci\u00f3n, web bugs, cookies u otros dispositivos similares de spyware;<\/p><p class=\"translation-block\">5.1.7. Participar en \"enmarcar\", \"duplicar\" o simular de otro modo la apariencia o funci\u00f3n de los Servicios;<\/p><p>5.1.8. Violar cualquier ley o normativa aplicable, fomentar o promover cualquier actividad ilegal, incluyendo, pero no limitado a, la infracci\u00f3n de derechos de autor, infracci\u00f3n de marcas, difamaci\u00f3n, invasi\u00f3n de la privacidad, robo de identidad, pirater\u00eda, cracking o distribuci\u00f3n de software falsificado;<\/p><p>5.1.9. Realizar cualquier modificaci\u00f3n y\/o interferir de cualquier forma en el c\u00f3digo fuente del Sitio Web y cargar cualquier software y\/o aplicaci\u00f3n que pueda perjudicar o causar da\u00f1os al Sitio Web o a cualquier tercero;<\/p><p>5.1.10. Desensamblar, descompilar o realizar ingenier\u00eda inversa de cualquier software u otra tecnolog\u00eda incluida en el Sitio Web o utilizada para prestar los Servicios.<\/p><p>5.2. Usted reconoce que, sin perjuicio de cualquier otro derecho que podamos tener, en caso de que establezcamos que su uso del Sitio Web no cumple con las disposiciones de estos T\u00e9rminos o de cualquier ley aplicable, podremos bloquear su acceso al Sitio Web y\/o a los Servicios.<\/p>\t\t\t\t\t\t\t\t<\/div>\n\t\t\t\t<div class=\"elementor-element elementor-element-3ef2167 elementor-widget elementor-widget-heading\" data-id=\"3ef2167\" data-element_type=\"widget\" data-e-type=\"widget\" data-widget_type=\"heading.default\">\n\t\t\t\t\t<h2 class=\"elementor-heading-title elementor-size-default\">6. Derechos de propiedad intelectual<\/h2>\t\t\t\t<\/div>\n\t\t\t\t<div class=\"elementor-element elementor-element-3fe22c1 elementor-widget elementor-widget-text-editor\" data-id=\"3fe22c1\" data-element_type=\"widget\" data-e-type=\"widget\" data-widget_type=\"text-editor.default\">\n\t\t\t\t\t\t\t\t\t<p>6.1. El Sitio Web y su contenido, incluidos los materiales de v\u00eddeo, texto, fotos, logotipos, dise\u00f1os, m\u00fasica, sonido, figuras, marcas comerciales y cualquier otro contenido incorporado en el Sitio Web est\u00e1n protegidos por nuestros derechos de propiedad intelectual o los de terceros.<\/p><p>6.2. Entre Nosotros y el Usuario, conservamos todos los derechos, t\u00edtulos e intereses sobre el Sitio Web y los Servicios. El uso del Sitio Web y\/o de los Servicios no confiere al Usuario ninguno de los derechos de propiedad intelectual incorporados en el Sitio Web y\/o en los Servicios, salvo el derecho a utilizar el Sitio Web y\/o los Servicios de conformidad con los t\u00e9rminos de las presentes Condiciones.<\/p><p>6.3. El Usuario s\u00f3lo podr\u00e1 utilizar el Sitio Web y\/o los Servicios para uso personal y no comercial.<\/p><p>6.4. Usted no modificar\u00e1, descompilar\u00e1, desensamblar\u00e1, realizar\u00e1 ingenier\u00eda inversa, copiar\u00e1, transferir\u00e1, crear\u00e1 trabajos derivados, alquilar\u00e1, sublicenciar\u00e1, distribuir\u00e1, reproducir\u00e1, enmarcar\u00e1, republicar\u00e1, raspar\u00e1, descargar\u00e1, mostrar\u00e1, transmitir\u00e1, publicar\u00e1, alquilar\u00e1 o vender\u00e1 de cualquier forma o por cualquier medio, en su totalidad o en parte, utilizar\u00e1 para cualquier otro fin que no sea el uso del Sitio Web o de los Servicios de conformidad con las Condiciones o explotar\u00e1 de cualquier otro modo cualquiera de los contenidos del Sitio Web sin nuestro permiso expl\u00edcito, previo y por escrito.<\/p>\t\t\t\t\t\t\t\t<\/div>\n\t\t\t\t<div class=\"elementor-element elementor-element-4a36889 elementor-widget elementor-widget-heading\" data-id=\"4a36889\" data-element_type=\"widget\" data-e-type=\"widget\" data-widget_type=\"heading.default\">\n\t\t\t\t\t<h2 class=\"elementor-heading-title elementor-size-default\">7. Limitaci\u00f3n de responsabilidad<\/h2>\t\t\t\t<\/div>\n\t\t\t\t<div class=\"elementor-element elementor-element-6b726e3 elementor-widget elementor-widget-text-editor\" data-id=\"6b726e3\" data-element_type=\"widget\" data-e-type=\"widget\" data-widget_type=\"text-editor.default\">\n\t\t\t\t\t\t\t\t\t<p>7.1. No podemos ser considerados responsables por p\u00e9rdidas o da\u00f1os que resulten de la no ejecuci\u00f3n o ejecuci\u00f3n incorrecta de estos T\u00e9rminos que sea atribuible a (i) Usted o (ii) el acto imprevisible e insuperable de un tercero en el acuerdo o (iii) un evento de fuerza mayor.<\/p><p>7.2. Nada de lo dispuesto en las presentes condiciones tiene por objeto excluir o limitar nuestra responsabilidad frente a Usted cuando ello sea ilegal, especialmente en caso de:<\/p><p>(i) Muerte o da\u00f1os personales resultantes de nuestra negligencia,<\/p><p>(ii) Fraude o tergiversaci\u00f3n fraudulenta, y<\/p><p>(iii) cualquier otra responsabilidad que no pueda excluirse o limitarse en virtud de la legislaci\u00f3n francesa<\/p><p>7.3. Sin perjuicio de la generalidad de lo anterior, no asumimos ninguna responsabilidad por cualquier error, virus, troyanos o similares que puedan ser transmitidos a o a trav\u00e9s del Sitio Web o los Servicios por cualquier tercero, a menos que seamos culpables.<\/p><p>7.4. Nos esforzamos al m\u00e1ximo para garantizar que el Sitio Web no contenga errores, equivocaciones o inexactitudes en su contenido. En caso de que se produzcan tales errores, equivocaciones o inexactitudes, los subsanaremos sin demora.<\/p><p>7.5. Usted se compromete a eximirnos de toda responsabilidad por las p\u00e9rdidas causadas a terceros en relaci\u00f3n con el Sitio Web y\/o los Servicios como consecuencia del incumplimiento por su parte de las presentes Condiciones.<\/p><p>7.6. No somos responsables de ning\u00fan problema o mal funcionamiento t\u00e9cnico de cualquier l\u00ednea telef\u00f3nica o de red, sistemas inform\u00e1ticos en l\u00ednea, servidores o proveedores, hardware, software, fallo debido a problemas t\u00e9cnicos o congesti\u00f3n del tr\u00e1fico en Internet (o inaccesibilidad de Internet) o incompatibilidad entre el Sitio Web o los Servicios y Su navegador y\/u otro equipo. Sin perjuicio de la generalidad de lo anterior, no asumimos ninguna responsabilidad ni riesgo por su uso de Internet.<\/p>\t\t\t\t\t\t\t\t<\/div>\n\t\t\t\t<div class=\"elementor-element elementor-element-a5e13d0 elementor-widget elementor-widget-heading\" data-id=\"a5e13d0\" data-element_type=\"widget\" data-e-type=\"widget\" data-widget_type=\"heading.default\">\n\t\t\t\t\t<h2 class=\"elementor-heading-title elementor-size-default\">8. Servicios o contenidos de terceros<\/h2>\t\t\t\t<\/div>\n\t\t\t\t<div class=\"elementor-element elementor-element-052ffd9 elementor-widget elementor-widget-text-editor\" data-id=\"052ffd9\" data-element_type=\"widget\" data-e-type=\"widget\" data-widget_type=\"text-editor.default\">\n\t\t\t\t\t\t\t\t\t<p>8.1. Al utilizar los Servicios, Usted puede ver contenidos o servicios proporcionados por terceros, incluidos anuncios y rese\u00f1as sobre las Plataformas de Terceros.<\/p><p>8.2. No controlamos, aprobamos ni adoptamos dichos contenidos o servicios, y es posible que no siempre sean exactos o est\u00e9n actualizados.<\/p><p>8.3. En consecuencia, le recomendamos que verifique de forma independiente toda la informaci\u00f3n antes de confiar en ella, y cualquier decisi\u00f3n o acci\u00f3n tomada sobre la base de dicha informaci\u00f3n es de su exclusiva responsabilidad.<\/p>\t\t\t\t\t\t\t\t<\/div>\n\t\t\t\t\t<\/div>\n\t\t<\/div>\n\t\t\t\t\t<\/div>\n\t\t<\/section>\n\t\t\t\t<\/div>","protected":false},"excerpt":{"rendered":"<p>Terms and Conditions 1. General 1.1. Welcome to https:\/\/eclipseearn.pro\/(the \u201cWebsite\u201d). 1.2. The Website includes information about third-party platforms (the\u00a0\u201cThird-Party Platforms\u201d) namely educational services on general investment techniques or market research. Eclipse Earn serves as an intermediary, connecting users with such Third-Party Platforms (the\u00a0\u201cServices\u201d). 1.3. These terms of use (the\u00a0\u201cTerms\u201d) govern your (\u201cYou\u201d,\u00a0\u201cYour\u201d\u00a0or\u00a0\u201cUser\u201d) use of the [&hellip;]<\/p>\n","protected":false},"author":1,"featured_media":0,"parent":0,"menu_order":0,"comment_status":"closed","ping_status":"closed","template":"elementor_header_footer","meta":{"footnotes":""},"class_list":["post-20","page","type-page","status-publish","hentry"],"_links":{"self":[{"href":"https:\/\/eclipseearn.pro\/es\/wp-json\/wp\/v2\/pages\/20","targetHints":{"allow":["GET"]}}],"collection":[{"href":"https:\/\/eclipseearn.pro\/es\/wp-json\/wp\/v2\/pages"}],"about":[{"href":"https:\/\/eclipseearn.pro\/es\/wp-json\/wp\/v2\/types\/page"}],"author":[{"embeddable":true,"href":"https:\/\/eclipseearn.pro\/es\/wp-json\/wp\/v2\/users\/1"}],"replies":[{"embeddable":true,"href":"https:\/\/eclipseearn.pro\/es\/wp-json\/wp\/v2\/comments?post=20"}],"version-history":[{"count":31,"href":"https:\/\/eclipseearn.pro\/es\/wp-json\/wp\/v2\/pages\/20\/revisions"}],"predecessor-version":[{"id":1416,"href":"https:\/\/eclipseearn.pro\/es\/wp-json\/wp\/v2\/pages\/20\/revisions\/1416"}],"wp:attachment":[{"href":"https:\/\/eclipseearn.pro\/es\/wp-json\/wp\/v2\/media?parent=20"}],"curies":[{"name":"wp","href":"https:\/\/api.w.org\/{rel}","templated":true}]}}