{"id":553,"date":"2024-12-06T05:21:21","date_gmt":"2024-12-06T05:21:21","guid":{"rendered":"https:\/\/eclipseearn.pro\/?page_id=553"},"modified":"2024-12-06T06:17:35","modified_gmt":"2024-12-06T06:17:35","slug":"nota-de-riesgo","status":"publish","type":"page","link":"https:\/\/eclipseearn.pro\/es\/risk-note\/","title":{"rendered":"Nota de riesgo"},"content":{"rendered":"<div data-elementor-type=\"wp-page\" data-elementor-id=\"553\" class=\"elementor elementor-553\" data-elementor-post-type=\"page\">\n\t\t\t\t\t\t<section class=\"elementor-section elementor-top-section elementor-element elementor-element-a331eb7 elementor-section-boxed elementor-section-height-default elementor-section-height-default\" data-id=\"a331eb7\" data-element_type=\"section\" data-e-type=\"section\" data-settings=\"{&quot;background_background&quot;:&quot;classic&quot;}\">\n\t\t\t\t\t\t<div class=\"elementor-container elementor-column-gap-default\">\n\t\t\t\t\t<div class=\"elementor-column elementor-col-100 elementor-top-column elementor-element elementor-element-316dcc9\" data-id=\"316dcc9\" data-element_type=\"column\" data-e-type=\"column\">\n\t\t\t<div class=\"elementor-widget-wrap elementor-element-populated\">\n\t\t\t\t\t\t<div class=\"elementor-element elementor-element-6c006df elementor-widget elementor-widget-heading\" data-id=\"6c006df\" data-element_type=\"widget\" data-e-type=\"widget\" data-widget_type=\"heading.default\">\n\t\t\t\t\t<h1 class=\"elementor-heading-title elementor-size-default\">Nota de riesgo<\/h1>\t\t\t\t<\/div>\n\t\t\t\t\t<\/div>\n\t\t<\/div>\n\t\t\t\t\t<\/div>\n\t\t<\/section>\n\t\t\t\t<section class=\"elementor-section elementor-top-section elementor-element elementor-element-289ff3a elementor-section-boxed elementor-section-height-default elementor-section-height-default\" data-id=\"289ff3a\" data-element_type=\"section\" data-e-type=\"section\">\n\t\t\t\t\t\t<div class=\"elementor-container elementor-column-gap-default\">\n\t\t\t\t\t<div class=\"elementor-column elementor-col-100 elementor-top-column elementor-element elementor-element-6732eee\" data-id=\"6732eee\" data-element_type=\"column\" data-e-type=\"column\">\n\t\t\t<div class=\"elementor-widget-wrap elementor-element-populated\">\n\t\t\t\t\t\t<div class=\"elementor-element elementor-element-7013ec3 elementor-widget elementor-widget-text-editor\" data-id=\"7013ec3\" data-element_type=\"widget\" data-e-type=\"widget\" data-widget_type=\"text-editor.default\">\n\t\t\t\t\t\t\t\t\t<p>El trading ofrece la oportunidad de obtener importantes recompensas, pero tambi\u00e9n conlleva el riesgo de una posible p\u00e9rdida de fondos, algo que los posibles inversores deben tener muy en cuenta. Es importante reconocer que aproximadamente el 70% de los inversores sufren reveses financieros.<\/p><p>El uso del nombre \"Eclipse Earn\" y de cualquier otro alias comercial en esta plataforma tiene fines exclusivamente comerciales. Estos nombres no hacen referencia a ninguna empresa o proveedor de servicios espec\u00edfico.<\/p><p>El v\u00eddeo que aparece en este sitio web tiene fines puramente ilustrativos y de demostraci\u00f3n comercial. Es fundamental destacar que todas las personas que aparecen en el v\u00eddeo son actores profesionales.<\/p><p>Antes de realizar cualquier inversi\u00f3n, es muy recomendable revisar y comprender a fondo los T\u00e9rminos y Condiciones y la p\u00e1gina de Renuncia de Responsabilidad de la plataforma de inversores de terceros. Adem\u00e1s, los usuarios deben ser conscientes de sus responsabilidades personales en relaci\u00f3n con el impuesto sobre plusval\u00edas en su pa\u00eds de residencia. El cumplimiento de la normativa legal es esencial, ya que es ilegal solicitar a personas de Estados Unidos que participen en la negociaci\u00f3n de opciones sobre materias primas, a menos que estas opciones coticen y se negocien en una bolsa registrada en la CFTC o est\u00e9n legalmente exentas.<\/p><p>La Autoridad de Conducta Financiera (\"FCA\") ha emitido la declaraci\u00f3n pol\u00edtica PS20\/10, que proh\u00edbe estrictamente la venta, promoci\u00f3n y distribuci\u00f3n de CFD sobre Activos de Mercado. Tambi\u00e9n proh\u00edbe la difusi\u00f3n de materiales de marketing relacionados con la oferta de CFD y otros productos financieros basados en Activos de Mercado dirigidos espec\u00edficamente a residentes en el Reino Unido.<\/p><p>Al facilitarnos sus datos personales, consiente y nos autoriza a compartirlos con terceros que ofrezcan servicios comerciales, tal como se indica en nuestra Pol\u00edtica de privacidad y en nuestras Condiciones generales.<\/p><p>Existen numerosas opciones de negociaci\u00f3n disponibles para los operadores y usuarios de esta plataforma. Estas opciones incluyen el uso de software de negociaci\u00f3n, la utilizaci\u00f3n de los servicios de corredores humanos o la ejecuci\u00f3n independiente de operaciones. Es responsabilidad exclusiva del operador evaluar a fondo y determinar el enfoque de negociaci\u00f3n m\u00e1s adecuado que se ajuste a sus circunstancias individuales.<\/p>\t\t\t\t\t\t\t\t<\/div>\n\t\t\t\t\t<\/div>\n\t\t<\/div>\n\t\t\t\t\t<\/div>\n\t\t<\/section>\n\t\t\t\t<\/div>","protected":false},"excerpt":{"rendered":"<p>Risk Note Trading presents an opportunity for substantial rewards, but it also carries the risk of potential loss of funds, which prospective investors should carefully consider. It\u2019s important to acknowledge that approximately 70 percent of investors face financial setbacks. The use of the name \u201cEclipse Earn\u201d and any other business aliases on this platform is [&hellip;]<\/p>\n","protected":false},"author":1,"featured_media":0,"parent":0,"menu_order":0,"comment_status":"closed","ping_status":"closed","template":"elementor_header_footer","meta":{"footnotes":""},"class_list":["post-553","page","type-page","status-publish","hentry"],"_links":{"self":[{"href":"https:\/\/eclipseearn.pro\/es\/wp-json\/wp\/v2\/pages\/553","targetHints":{"allow":["GET"]}}],"collection":[{"href":"https:\/\/eclipseearn.pro\/es\/wp-json\/wp\/v2\/pages"}],"about":[{"href":"https:\/\/eclipseearn.pro\/es\/wp-json\/wp\/v2\/types\/page"}],"author":[{"embeddable":true,"href":"https:\/\/eclipseearn.pro\/es\/wp-json\/wp\/v2\/users\/1"}],"replies":[{"embeddable":true,"href":"https:\/\/eclipseearn.pro\/es\/wp-json\/wp\/v2\/comments?post=553"}],"version-history":[{"count":7,"href":"https:\/\/eclipseearn.pro\/es\/wp-json\/wp\/v2\/pages\/553\/revisions"}],"predecessor-version":[{"id":627,"href":"https:\/\/eclipseearn.pro\/es\/wp-json\/wp\/v2\/pages\/553\/revisions\/627"}],"wp:attachment":[{"href":"https:\/\/eclipseearn.pro\/es\/wp-json\/wp\/v2\/media?parent=553"}],"curies":[{"name":"wp","href":"https:\/\/api.w.org\/{rel}","templated":true}]}}