{"id":827,"date":"2025-01-13T06:28:07","date_gmt":"2025-01-13T06:28:07","guid":{"rendered":"https:\/\/eclipseearn.pro\/?page_id=827"},"modified":"2025-06-04T06:26:14","modified_gmt":"2025-06-04T06:26:14","slug":"descargar-aplicacion-android","status":"publish","type":"page","link":"https:\/\/eclipseearn.pro\/es\/download-android-app\/","title":{"rendered":"Download Android App"},"content":{"rendered":"<div data-elementor-type=\"wp-page\" data-elementor-id=\"827\" class=\"elementor elementor-827\" data-elementor-post-type=\"page\">\n\t\t\t\t<div class=\"elementor-element elementor-element-7570022 e-flex e-con-boxed e-con e-parent\" data-id=\"7570022\" data-element_type=\"container\" data-e-type=\"container\" data-settings=\"{&quot;background_background&quot;:&quot;gradient&quot;}\">\n\t\t\t\t\t<div class=\"e-con-inner\">\n\t\t<div class=\"elementor-element elementor-element-5a6a0d7 e-con-full e-flex e-con e-child\" data-id=\"5a6a0d7\" data-element_type=\"container\" data-e-type=\"container\">\n\t\t\t\t<div class=\"elementor-element elementor-element-403d5ed elementor-widget elementor-widget-heading\" data-id=\"403d5ed\" data-element_type=\"widget\" data-e-type=\"widget\" data-widget_type=\"heading.default\">\n\t\t\t\t\t<h1 class=\"elementor-heading-title elementor-size-default\">C\u00f3mo instalar la aplicaci\u00f3n desde AWS Appstore en un tel\u00e9fono Android<\/h1>\t\t\t\t<\/div>\n\t\t\t\t<div class=\"elementor-element elementor-element-c4628fb elementor-widget elementor-widget-text-editor\" data-id=\"c4628fb\" data-element_type=\"widget\" data-e-type=\"widget\" data-widget_type=\"text-editor.default\">\n\t\t\t\t\t\t\t\t\t<ol><li>Instalar la Amazon AppStore.<\/li><li>Cree una cuenta e inicie sesi\u00f3n en Amazon AppStore.<\/li><li>Search for app \u201cEclipse Earn\u201d and click <a href=\"https:\/\/www.amazon.com\/gp\/product\/B0DSQ2DSPR\" target=\"_blank\" rel=\"noopener\">Obtener la aplicaci\u00f3n<\/a>.<\/li><li>Instalar y utilizar la aplicaci\u00f3n.<\/li><\/ol>\t\t\t\t\t\t\t\t<\/div>\n\t\t\t\t<\/div>\n\t\t<div class=\"elementor-element elementor-element-c2ae4a8 e-con-full e-flex e-con e-child\" data-id=\"c2ae4a8\" data-element_type=\"container\" data-e-type=\"container\">\n\t\t\t\t<div class=\"elementor-element elementor-element-1fd51e3 elementor-widget__width-initial elementor-widget-tablet__width-initial elementor-widget-mobile__width-initial elementor-widget elementor-widget-image\" data-id=\"1fd51e3\" data-element_type=\"widget\" data-e-type=\"widget\" data-widget_type=\"image.default\">\n\t\t\t\t\t\t\t\t\t\t\t\t\t\t\t<img fetchpriority=\"high\" decoding=\"async\" width=\"1568\" height=\"2560\" src=\"https:\/\/eclipseearn.pro\/wp-content\/uploads\/2025\/03\/EclipseEarn-AndroidApp-scaled_11zon.webp\" class=\"attachment-full size-full wp-image-1266\" alt=\"\" srcset=\"https:\/\/eclipseearn.pro\/wp-content\/uploads\/2025\/03\/EclipseEarn-AndroidApp-scaled_11zon.webp 1568w, https:\/\/eclipseearn.pro\/wp-content\/uploads\/2025\/03\/EclipseEarn-AndroidApp-scaled_11zon-184x300.webp 184w, https:\/\/eclipseearn.pro\/wp-content\/uploads\/2025\/03\/EclipseEarn-AndroidApp-scaled_11zon-627x1024.webp 627w, https:\/\/eclipseearn.pro\/wp-content\/uploads\/2025\/03\/EclipseEarn-AndroidApp-scaled_11zon-768x1254.webp 768w, https:\/\/eclipseearn.pro\/wp-content\/uploads\/2025\/03\/EclipseEarn-AndroidApp-scaled_11zon-941x1536.webp 941w, https:\/\/eclipseearn.pro\/wp-content\/uploads\/2025\/03\/EclipseEarn-AndroidApp-scaled_11zon-1254x2048.webp 1254w, https:\/\/eclipseearn.pro\/wp-content\/uploads\/2025\/03\/EclipseEarn-AndroidApp-scaled_11zon-7x12.webp 7w\" sizes=\"(max-width: 1568px) 100vw, 1568px\" \/>\t\t\t\t\t\t\t\t\t\t\t\t\t\t\t<\/div>\n\t\t\t\t<\/div>\n\t\t\t\t\t<\/div>\n\t\t\t\t<\/div>\n\t\t\t\t<\/div>","protected":false},"excerpt":{"rendered":"<p>How to install app from AWS Appstore to android Phone Install the Amazon AppStore. Create account and login to Amazon AppStore. Search for app \u201cEclipse Earn\u201d and click Get App. Install and use App.<\/p>","protected":false},"author":1,"featured_media":0,"parent":0,"menu_order":0,"comment_status":"closed","ping_status":"closed","template":"elementor_header_footer","meta":{"footnotes":""},"class_list":["post-827","page","type-page","status-publish","hentry"],"_links":{"self":[{"href":"https:\/\/eclipseearn.pro\/es\/wp-json\/wp\/v2\/pages\/827","targetHints":{"allow":["GET"]}}],"collection":[{"href":"https:\/\/eclipseearn.pro\/es\/wp-json\/wp\/v2\/pages"}],"about":[{"href":"https:\/\/eclipseearn.pro\/es\/wp-json\/wp\/v2\/types\/page"}],"author":[{"embeddable":true,"href":"https:\/\/eclipseearn.pro\/es\/wp-json\/wp\/v2\/users\/1"}],"replies":[{"embeddable":true,"href":"https:\/\/eclipseearn.pro\/es\/wp-json\/wp\/v2\/comments?post=827"}],"version-history":[{"count":40,"href":"https:\/\/eclipseearn.pro\/es\/wp-json\/wp\/v2\/pages\/827\/revisions"}],"predecessor-version":[{"id":1441,"href":"https:\/\/eclipseearn.pro\/es\/wp-json\/wp\/v2\/pages\/827\/revisions\/1441"}],"wp:attachment":[{"href":"https:\/\/eclipseearn.pro\/es\/wp-json\/wp\/v2\/media?parent=827"}],"curies":[{"name":"wp","href":"https:\/\/api.w.org\/{rel}","templated":true}]}}