{"id":18,"date":"2024-11-13T02:08:27","date_gmt":"2024-11-13T02:08:27","guid":{"rendered":"https:\/\/eclipseearn.pro\/?page_id=18"},"modified":"2025-06-04T10:37:24","modified_gmt":"2025-06-04T10:37:24","slug":"politica-de-privacidade","status":"publish","type":"page","link":"https:\/\/eclipseearn.pro\/fr\/privacy-policy\/","title":{"rendered":"Politique de confidentialit\u00e9"},"content":{"rendered":"<div data-elementor-type=\"wp-page\" data-elementor-id=\"18\" class=\"elementor elementor-18\" data-elementor-post-type=\"page\">\n\t\t\t\t\t\t<section class=\"elementor-section elementor-top-section elementor-element elementor-element-211691d elementor-section-boxed elementor-section-height-default elementor-section-height-default\" data-id=\"211691d\" data-element_type=\"section\" data-e-type=\"section\" data-settings=\"{&quot;background_background&quot;:&quot;classic&quot;}\">\n\t\t\t\t\t\t<div class=\"elementor-container elementor-column-gap-default\">\n\t\t\t\t\t<div class=\"elementor-column elementor-col-100 elementor-top-column elementor-element elementor-element-70f33ca\" data-id=\"70f33ca\" data-element_type=\"column\" data-e-type=\"column\">\n\t\t\t<div class=\"elementor-widget-wrap elementor-element-populated\">\n\t\t\t\t\t\t<div class=\"elementor-element elementor-element-a72415e elementor-widget elementor-widget-heading\" data-id=\"a72415e\" data-element_type=\"widget\" data-e-type=\"widget\" data-widget_type=\"heading.default\">\n\t\t\t\t\t<h1 class=\"elementor-heading-title elementor-size-default\">Politique de confidentialit\u00e9<\/h1>\t\t\t\t<\/div>\n\t\t\t\t\t<\/div>\n\t\t<\/div>\n\t\t\t\t\t<\/div>\n\t\t<\/section>\n\t\t\t\t<section class=\"elementor-section elementor-top-section elementor-element elementor-element-6657479 elementor-section-boxed elementor-section-height-default elementor-section-height-default\" data-id=\"6657479\" data-element_type=\"section\" data-e-type=\"section\">\n\t\t\t\t\t\t<div class=\"elementor-container elementor-column-gap-default\">\n\t\t\t\t\t<div class=\"elementor-column elementor-col-100 elementor-top-column elementor-element elementor-element-a60d826\" data-id=\"a60d826\" data-element_type=\"column\" data-e-type=\"column\">\n\t\t\t<div class=\"elementor-widget-wrap elementor-element-populated\">\n\t\t\t\t\t\t<div class=\"elementor-element elementor-element-6841ca6 elementor-widget elementor-widget-text-editor\" data-id=\"6841ca6\" data-element_type=\"widget\" data-e-type=\"widget\" data-widget_type=\"text-editor.default\">\n\t\t\t\t\t\t\t\t\t<p class=\"translation-block\">Chez <strong>Eclipse Earn<\/strong>, accessible depuis <a href=\"https:\/\/eclipseearn.pro\/fr\/\" target=\"_self\">https:\/\/eclipseearn.pro\/<\/a>, la protection de la vie priv\u00e9e de nos visiteurs est une priorit\u00e9 absolue. Ce document relatif \u00e0 notre politique de confidentialit\u00e9 d\u00e9crit les types d'informations collect\u00e9es et enregistr\u00e9es par <strong>Eclipse Earn<\/strong> ainsi que leur utilisation.<\/p><p>Si vous avez des questions suppl\u00e9mentaires ou avez besoin de plus d'informations sur notre politique de confidentialit\u00e9, n'h\u00e9sitez pas \u00e0 nous contacter.<\/p><p class=\"translation-block\">La pr\u00e9sente politique de confidentialit\u00e9 s'applique uniquement \u00e0 nos activit\u00e9s en ligne et concerne les visiteurs de notre site web quant aux informations qu'ils partagent et\/ou que nous collectons sur <strong>Eclipse Earn<\/strong>. Cette politique ne s'applique pas aux informations collect\u00e9es hors ligne ou par d'autres canaux que ce site web.<\/p>\t\t\t\t\t\t\t\t<\/div>\n\t\t\t\t<div class=\"elementor-element elementor-element-667f3e0 elementor-widget elementor-widget-heading\" data-id=\"667f3e0\" data-element_type=\"widget\" data-e-type=\"widget\" data-widget_type=\"heading.default\">\n\t\t\t\t\t<h2 class=\"elementor-heading-title elementor-size-default\">Consentement<\/h2>\t\t\t\t<\/div>\n\t\t\t\t<div class=\"elementor-element elementor-element-8cd4ad1 elementor-widget elementor-widget-text-editor\" data-id=\"8cd4ad1\" data-element_type=\"widget\" data-e-type=\"widget\" data-widget_type=\"text-editor.default\">\n\t\t\t\t\t\t\t\t\t<p>En utilisant notre site Web, vous consentez par la pr\u00e9sente \u00e0 notre politique de confidentialit\u00e9 et acceptez ses conditions.<\/p>\t\t\t\t\t\t\t\t<\/div>\n\t\t\t\t<div class=\"elementor-element elementor-element-560f5d6 elementor-widget elementor-widget-heading\" data-id=\"560f5d6\" data-element_type=\"widget\" data-e-type=\"widget\" data-widget_type=\"heading.default\">\n\t\t\t\t\t<h2 class=\"elementor-heading-title elementor-size-default\">Informations que nous collectons<\/h2>\t\t\t\t<\/div>\n\t\t\t\t<div class=\"elementor-element elementor-element-d0e0e8e elementor-widget elementor-widget-text-editor\" data-id=\"d0e0e8e\" data-element_type=\"widget\" data-e-type=\"widget\" data-widget_type=\"text-editor.default\">\n\t\t\t\t\t\t\t\t\t<p>Les informations personnelles que vous \u00eates invit\u00e9 \u00e0 fournir, et les raisons pour lesquelles il vous est demand\u00e9 de les fournir, vous seront clairement indiqu\u00e9es au moment o\u00f9 nous vous demanderons de fournir vos informations personnelles.<\/p><p>Si vous nous contactez directement, nous pouvons recevoir des informations suppl\u00e9mentaires vous concernant, telles que votre nom, votre adresse e-mail, votre num\u00e9ro de t\u00e9l\u00e9phone, le contenu du message et\/ou des pi\u00e8ces jointes que vous pouvez nous envoyer, ainsi que toute autre information que vous pouvez choisir de fournir.<\/p><p>Lorsque vous cr\u00e9ez un compte, nous pouvons vous demander vos coordonn\u00e9es, y compris des \u00e9l\u00e9ments tels que votre nom, le nom de votre entreprise, votre adresse, votre adresse e-mail et votre num\u00e9ro de t\u00e9l\u00e9phone.<\/p><p>\u00e0 notre politique de confidentialit\u00e9 et acceptez ses conditions.<\/p>\t\t\t\t\t\t\t\t<\/div>\n\t\t\t\t<div class=\"elementor-element elementor-element-856892b elementor-widget elementor-widget-heading\" data-id=\"856892b\" data-element_type=\"widget\" data-e-type=\"widget\" data-widget_type=\"heading.default\">\n\t\t\t\t\t<h2 class=\"elementor-heading-title elementor-size-default\">Comment nous utilisons vos informations<\/h2>\t\t\t\t<\/div>\n\t\t\t\t<div class=\"elementor-element elementor-element-0dd5be0 elementor-widget elementor-widget-text-editor\" data-id=\"0dd5be0\" data-element_type=\"widget\" data-e-type=\"widget\" data-widget_type=\"text-editor.default\">\n\t\t\t\t\t\t\t\t\t<p>Nous utilisons les informations que nous collectons de diverses mani\u00e8res, notamment pour\u00a0:<\/p><ul><li>Fournir, exploiter et entretenir notre site Web<\/li><li>Am\u00e9liorer, personnaliser et d\u00e9velopper notre site Web<\/li><li>Comprendre et analyser la fa\u00e7on dont vous utilisez notre site Web<\/li><li>D\u00e9velopper de nouveaux produits, services, fonctionnalit\u00e9s et fonctionnalit\u00e9s<\/li><li>Communiquer avec vous, soit directement, soit par l'interm\u00e9diaire de l'un de nos partenaires, notamment pour le service client, pour vous fournir des mises \u00e0 jour et autres informations relatives au site Internet, ainsi qu'\u00e0 des fins de marketing et de promotion.<\/li><li>Vous envoyer des e-mails<\/li><li>Trouver et pr\u00e9venir la fraude<\/li><\/ul>\t\t\t\t\t\t\t\t<\/div>\n\t\t\t\t<div class=\"elementor-element elementor-element-897c66f elementor-widget elementor-widget-heading\" data-id=\"897c66f\" data-element_type=\"widget\" data-e-type=\"widget\" data-widget_type=\"heading.default\">\n\t\t\t\t\t<h2 class=\"elementor-heading-title elementor-size-default\">Collecte et utilisation des num\u00e9ros de t\u00e9l\u00e9phone\nObjectif de la collecte<\/h2>\t\t\t\t<\/div>\n\t\t\t\t<div class=\"elementor-element elementor-element-6c23ca2 elementor-widget elementor-widget-text-editor\" data-id=\"6c23ca2\" data-element_type=\"widget\" data-e-type=\"widget\" data-widget_type=\"text-editor.default\">\n\t\t\t\t\t\t\t\t\t<p class=\"translation-block\">Chez <strong>Eclipse Earn<\/strong>, nous recueillons les num\u00e9ros de t\u00e9l\u00e9phone de nos utilisateurs via notre formulaire d'inscription. Cette collecte sert plusieurs objectifs cl\u00e9s\u00a0:<\/p><ul><li><strong>Communication:<\/strong>\u00a0Les num\u00e9ros de t\u00e9l\u00e9phone sont principalement utilis\u00e9s pour faciliter la communication directe avec les utilisateurs. Cela peut inclure la fourniture d'une assistance, la r\u00e9ponse aux requ\u00eates et l'offre de mises \u00e0 jour li\u00e9es \u00e0 nos services ou \u00e0 nos comptes d'utilisateurs.<\/li><li class=\"translation-block\"><strong>Gestion des comptes<\/strong>\u00a0:\u00a0les num\u00e9ros de t\u00e9l\u00e9phone sont utilis\u00e9s dans le but de v\u00e9rifier l'identit\u00e9 des utilisateurs et de faciliter la gestion des comptes utilisateur. Cela contribue \u00e0 am\u00e9liorer la s\u00e9curit\u00e9 et \u00e0 garantir que l'acc\u00e8s aux comptes d'utilisateurs est correctement prot\u00e9g\u00e9.<\/li><li class=\"translation-block\">Avec le consentement de l'utilisateur, les num\u00e9ros de t\u00e9l\u00e9phone peuvent \u00e9galement \u00eatre utilis\u00e9s pour envoyer des informations sur les nouveaux produits, les mises \u00e0 jour et les offres promotionnelles susceptibles d'int\u00e9resser nos utilisateurs.<\/li><\/ul>\t\t\t\t\t\t\t\t<\/div>\n\t\t\t\t<div class=\"elementor-element elementor-element-b94826c elementor-widget elementor-widget-heading\" data-id=\"b94826c\" data-element_type=\"widget\" data-e-type=\"widget\" data-widget_type=\"heading.default\">\n\t\t\t\t\t<h2 class=\"elementor-heading-title elementor-size-default\">Fichiers journaux<\/h2>\t\t\t\t<\/div>\n\t\t\t\t<div class=\"elementor-element elementor-element-32e2686 elementor-widget elementor-widget-text-editor\" data-id=\"32e2686\" data-element_type=\"widget\" data-e-type=\"widget\" data-widget_type=\"text-editor.default\">\n\t\t\t\t\t\t\t\t\t<p class=\"translation-block\">Eclipse Earn suit une proc\u00e9dure standard d'utilisation des fichiers journaux. Ces fichiers enregistrent les visiteurs lorsqu'ils visitent des sites Web. Toutes les soci\u00e9t\u00e9s d\u2019h\u00e9bergement le font ainsi qu\u2019une partie des analyses des services d\u2019h\u00e9bergement. Les informations collect\u00e9es par les fichiers journaux incluent les adresses de protocole Internet (IP), le type de navigateur, le fournisseur d'acc\u00e8s Internet (FAI), l'horodatage, les pages de renvoi\/de sortie et \u00e9ventuellement le nombre de clics. Ceux-ci ne sont li\u00e9s \u00e0 aucune information personnellement identifiable. Le but de ces informations est d'analyser les tendances, d'administrer le site, de suivre les mouvements des utilisateurs sur le site Web et de recueillir des informations d\u00e9mographiques.<\/p>\t\t\t\t\t\t\t\t<\/div>\n\t\t\t\t<div class=\"elementor-element elementor-element-6421870 elementor-widget elementor-widget-heading\" data-id=\"6421870\" data-element_type=\"widget\" data-e-type=\"widget\" data-widget_type=\"heading.default\">\n\t\t\t\t\t<h2 class=\"elementor-heading-title elementor-size-default\">Cookies et balises Web<\/h2>\t\t\t\t<\/div>\n\t\t\t\t<div class=\"elementor-element elementor-element-5b964c0 elementor-widget elementor-widget-text-editor\" data-id=\"5b964c0\" data-element_type=\"widget\" data-e-type=\"widget\" data-widget_type=\"text-editor.default\">\n\t\t\t\t\t\t\t\t\t<p class=\"translation-block\">Comme tout autre site web, <strong>Eclipse Earn<\/strong> utilise des \u00ab\u00a0cookies\u00a0\u00bb. Ces cookies servent \u00e0 stocker des informations telles que les pr\u00e9f\u00e9rences des visiteurs et les pages du site qu\u2019ils ont consult\u00e9es. Ces informations sont utilis\u00e9es pour optimiser l\u2019exp\u00e9rience utilisateur en personnalisant le contenu de notre site web en fonction du type de navigateur et\/ou d\u2019autres informations.<\/p>\t\t\t\t\t\t\t\t<\/div>\n\t\t\t\t<div class=\"elementor-element elementor-element-1a9c1dc elementor-widget elementor-widget-heading\" data-id=\"1a9c1dc\" data-element_type=\"widget\" data-e-type=\"widget\" data-widget_type=\"heading.default\">\n\t\t\t\t\t<h2 class=\"elementor-heading-title elementor-size-default\">Politiques de confidentialit\u00e9 des partenaires publicitaires<\/h2>\t\t\t\t<\/div>\n\t\t\t\t<div class=\"elementor-element elementor-element-4426d6f elementor-widget elementor-widget-text-editor\" data-id=\"4426d6f\" data-element_type=\"widget\" data-e-type=\"widget\" data-widget_type=\"text-editor.default\">\n\t\t\t\t\t\t\t\t\t<p class=\"translation-block\">Les serveurs publicitaires ou r\u00e9seaux publicitaires tiers utilisent des technologies telles que les cookies, JavaScript ou les balises Web dans leurs publicit\u00e9s et liens affich\u00e9s sur <strong>Eclipse Earn<\/strong>, lesquels sont envoy\u00e9s directement \u00e0 votre navigateur. Votre adresse IP est automatiquement collect\u00e9e lors de cette op\u00e9ration. Ces technologies servent \u00e0 mesurer l'efficacit\u00e9 de leurs campagnes publicitaires et\/ou \u00e0 personnaliser le contenu publicitaire que vous voyez sur les sites Web que vous consultez.<\/p><p class=\"translation-block\">Veuillez noter qu'<strong>Eclipse Earn<\/strong> n'a aucun acc\u00e8s ni contr\u00f4le sur ces cookies utilis\u00e9s par les annonceurs tiers.<\/p>\t\t\t\t\t\t\t\t<\/div>\n\t\t\t\t<div class=\"elementor-element elementor-element-969e542 elementor-widget elementor-widget-heading\" data-id=\"969e542\" data-element_type=\"widget\" data-e-type=\"widget\" data-widget_type=\"heading.default\">\n\t\t\t\t\t<h2 class=\"elementor-heading-title elementor-size-default\">Politiques de confidentialit\u00e9 des tiers<\/h2>\t\t\t\t<\/div>\n\t\t\t\t<div class=\"elementor-element elementor-element-1cd9bbe elementor-widget elementor-widget-text-editor\" data-id=\"1cd9bbe\" data-element_type=\"widget\" data-e-type=\"widget\" data-widget_type=\"text-editor.default\">\n\t\t\t\t\t\t\t\t\t<p class=\"translation-block\">La politique de confidentialit\u00e9 d'Eclipse Earn ne s'applique pas aux autres annonceurs ni aux autres sites web. Nous vous conseillons donc de consulter les politiques de confidentialit\u00e9 respectives de ces serveurs publicitaires tiers pour obtenir des informations plus d\u00e9taill\u00e9es. Celles-ci peuvent inclure leurs pratiques et des instructions sur la fa\u00e7on de d\u00e9sactiver certaines options.<\/p><p>Vous pouvez choisir de d\u00e9sactiver les cookies via les options de votre navigateur individuel. Pour conna\u00eetre des informations plus d\u00e9taill\u00e9es sur la gestion des cookies avec des navigateurs Web sp\u00e9cifiques, elles sont disponibles sur les sites Web respectifs des navigateurs.<\/p>\t\t\t\t\t\t\t\t<\/div>\n\t\t\t\t<div class=\"elementor-element elementor-element-a442f3e elementor-widget elementor-widget-heading\" data-id=\"a442f3e\" data-element_type=\"widget\" data-e-type=\"widget\" data-widget_type=\"heading.default\">\n\t\t\t\t\t<h2 class=\"elementor-heading-title elementor-size-default\">Droits de confidentialit\u00e9 CCPA (Ne vendez pas mes informations)<\/h2>\t\t\t\t<\/div>\n\t\t\t\t<div class=\"elementor-element elementor-element-51005c1 elementor-widget elementor-widget-text-editor\" data-id=\"51005c1\" data-element_type=\"widget\" data-e-type=\"widget\" data-widget_type=\"text-editor.default\">\n\t\t\t\t\t\t\t\t\t<p>En vertu du CCPA, entre autres droits, les consommateurs californiens ont le droit de\u00a0:<\/p><p>Demander \u00e0 une entreprise qui collecte les donn\u00e9es personnelles d\u2019un consommateur de divulguer les cat\u00e9gories et les \u00e9l\u00e9ments sp\u00e9cifiques de donn\u00e9es personnelles qu\u2019une entreprise a collect\u00e9es sur les consommateurs.<\/p><p>Demander \u00e0 une entreprise de supprimer toutes les donn\u00e9es personnelles sur le consommateur qu'elle a collect\u00e9es.<\/p><p>Demander qu\u2019une entreprise qui vend les donn\u00e9es personnelles d\u2019un consommateur ne vende pas les donn\u00e9es personnelles du consommateur.<\/p><p>Si vous faites une demande, nous avons un mois pour vous r\u00e9pondre. Si vous souhaitez exercer l\u2019un de ces droits, veuillez nous contacter.<\/p>\t\t\t\t\t\t\t\t<\/div>\n\t\t\t\t<div class=\"elementor-element elementor-element-5e984e0 elementor-widget elementor-widget-heading\" data-id=\"5e984e0\" data-element_type=\"widget\" data-e-type=\"widget\" data-widget_type=\"heading.default\">\n\t\t\t\t\t<h2 class=\"elementor-heading-title elementor-size-default\">Droits de protection des donn\u00e9es RGPD<\/h2>\t\t\t\t<\/div>\n\t\t\t\t<div class=\"elementor-element elementor-element-ab3ebe6 elementor-widget elementor-widget-text-editor\" data-id=\"ab3ebe6\" data-element_type=\"widget\" data-e-type=\"widget\" data-widget_type=\"text-editor.default\">\n\t\t\t\t\t\t\t\t\t<p>Nous souhaitons nous assurer que vous connaissez pleinement tous vos droits en mati\u00e8re de protection des donn\u00e9es. Chaque utilisateur a droit aux \u00e9l\u00e9ments suivants\u00a0:<\/p><p>Le droit d\u2019acc\u00e8s \u2013 Vous avez le droit de demander des copies de vos donn\u00e9es personnelles. Nous pouvons vous facturer une somme modique pour ce service.<\/p><p>Le droit de rectification \u2013 Vous avez le droit de demander que nous corrigions toute information que vous jugez inexacte. Vous avez \u00e9galement le droit de nous demander de compl\u00e9ter les informations que vous jugez incompl\u00e8tes.<\/p><p>Le droit \u00e0 l\u2019effacement \u2013 \u200b\u200bVous avez le droit de demander que nous supprimions vos donn\u00e9es personnelles, sous certaines conditions.<\/p><p class=\"translation-block\">Droit \u00e0 la limitation du traitement \u2013 \u200b\u200bVous avez le droit de demander la limitation du traitement de vos donn\u00e9es personnelles, sous certaines conditions. <br>Droit d'opposition au traitement \u2013 \u200b\u200bVous avez le droit de vous opposer au traitement de vos donn\u00e9es personnelles, sous certaines conditions. <br>Droit \u00e0 la portabilit\u00e9 des donn\u00e9es \u2013 Vous avez le droit de demander le transfert des donn\u00e9es que nous avons collect\u00e9es \u00e0 un autre organisme, ou directement \u00e0 vous, sous certaines conditions. <br>Si vous nous adressez une demande, nous disposons d'un mois pour vous r\u00e9pondre. Pour exercer l'un de ces droits, veuillez nous contacter \u00e0 l'adresse <a href=\"mailto:support@eclipseearn.pro\" target=\"_self\">support@eclipseearn.pro<\/a><\/p>\t\t\t\t\t\t\t\t<\/div>\n\t\t\t\t\t<\/div>\n\t\t<\/div>\n\t\t\t\t\t<\/div>\n\t\t<\/section>\n\t\t\t\t<\/div>","protected":false},"excerpt":{"rendered":"<p>Privacy Policy At Eclipse Earn, accessible from https:\/\/eclipseearn.pro\/, one of our main priorities is the privacy of our visitors. This Privacy Policy document contains types of information that is collected and recorded by Eclipse Earn and how we use it. If you have additional questions or require more information about our Privacy Policy, do not [&hellip;]<\/p>\n","protected":false},"author":1,"featured_media":0,"parent":0,"menu_order":0,"comment_status":"closed","ping_status":"closed","template":"elementor_header_footer","meta":{"footnotes":""},"class_list":["post-18","page","type-page","status-publish","hentry"],"_links":{"self":[{"href":"https:\/\/eclipseearn.pro\/fr\/wp-json\/wp\/v2\/pages\/18","targetHints":{"allow":["GET"]}}],"collection":[{"href":"https:\/\/eclipseearn.pro\/fr\/wp-json\/wp\/v2\/pages"}],"about":[{"href":"https:\/\/eclipseearn.pro\/fr\/wp-json\/wp\/v2\/types\/page"}],"author":[{"embeddable":true,"href":"https:\/\/eclipseearn.pro\/fr\/wp-json\/wp\/v2\/users\/1"}],"replies":[{"embeddable":true,"href":"https:\/\/eclipseearn.pro\/fr\/wp-json\/wp\/v2\/comments?post=18"}],"version-history":[{"count":28,"href":"https:\/\/eclipseearn.pro\/fr\/wp-json\/wp\/v2\/pages\/18\/revisions"}],"predecessor-version":[{"id":1496,"href":"https:\/\/eclipseearn.pro\/fr\/wp-json\/wp\/v2\/pages\/18\/revisions\/1496"}],"wp:attachment":[{"href":"https:\/\/eclipseearn.pro\/fr\/wp-json\/wp\/v2\/media?parent=18"}],"curies":[{"name":"wp","href":"https:\/\/api.w.org\/{rel}","templated":true}]}}