{"id":20,"date":"2024-11-13T02:08:54","date_gmt":"2024-11-13T02:08:54","guid":{"rendered":"https:\/\/eclipseearn.pro\/?page_id=20"},"modified":"2025-06-03T12:58:21","modified_gmt":"2025-06-03T12:58:21","slug":"conditions-generales","status":"publish","type":"page","link":"https:\/\/eclipseearn.pro\/fr\/terms-and-conditions\/","title":{"rendered":"Conditions g\u00e9n\u00e9rales d'utilisation"},"content":{"rendered":"<div data-elementor-type=\"wp-page\" data-elementor-id=\"20\" class=\"elementor elementor-20\" data-elementor-post-type=\"page\">\n\t\t\t\t\t\t<section class=\"elementor-section elementor-top-section elementor-element elementor-element-b2bf326 elementor-section-boxed elementor-section-height-default elementor-section-height-default\" data-id=\"b2bf326\" data-element_type=\"section\" data-e-type=\"section\" data-settings=\"{&quot;background_background&quot;:&quot;classic&quot;}\">\n\t\t\t\t\t\t<div class=\"elementor-container elementor-column-gap-default\">\n\t\t\t\t\t<div class=\"elementor-column elementor-col-100 elementor-top-column elementor-element elementor-element-4981f77\" data-id=\"4981f77\" data-element_type=\"column\" data-e-type=\"column\">\n\t\t\t<div class=\"elementor-widget-wrap elementor-element-populated\">\n\t\t\t\t\t\t<div class=\"elementor-element elementor-element-8f41932 elementor-widget elementor-widget-heading\" data-id=\"8f41932\" data-element_type=\"widget\" data-e-type=\"widget\" data-widget_type=\"heading.default\">\n\t\t\t\t\t<h1 class=\"elementor-heading-title elementor-size-default\">Conditions g\u00e9n\u00e9rales d'utilisation<\/h1>\t\t\t\t<\/div>\n\t\t\t\t\t<\/div>\n\t\t<\/div>\n\t\t\t\t\t<\/div>\n\t\t<\/section>\n\t\t\t\t<section class=\"elementor-section elementor-top-section elementor-element elementor-element-367c5e7 elementor-section-boxed elementor-section-height-default elementor-section-height-default\" data-id=\"367c5e7\" data-element_type=\"section\" data-e-type=\"section\">\n\t\t\t\t\t\t<div class=\"elementor-container elementor-column-gap-default\">\n\t\t\t\t\t<div class=\"elementor-column elementor-col-100 elementor-top-column elementor-element elementor-element-1d8c118\" data-id=\"1d8c118\" data-element_type=\"column\" data-e-type=\"column\">\n\t\t\t<div class=\"elementor-widget-wrap elementor-element-populated\">\n\t\t\t\t\t\t<div class=\"elementor-element elementor-element-917d5f2 elementor-widget elementor-widget-heading\" data-id=\"917d5f2\" data-element_type=\"widget\" data-e-type=\"widget\" data-widget_type=\"heading.default\">\n\t\t\t\t\t<h2 class=\"elementor-heading-title elementor-size-default\">1. G\u00e9n\u00e9ralit\u00e9s<\/h2>\t\t\t\t<\/div>\n\t\t\t\t<div class=\"elementor-element elementor-element-2a21206 elementor-widget elementor-widget-text-editor\" data-id=\"2a21206\" data-element_type=\"widget\" data-e-type=\"widget\" data-widget_type=\"text-editor.default\">\n\t\t\t\t\t\t\t\t\t<p class=\"translation-block\">1.1. Bienvenue sur <a href=\"https:\/\/eclipseearn.pro\/fr\/\" target=\"_self\">https:\/\/eclipseearn.pro\/<\/a> (le \u00ab\u00a0Site Web\u00a0\u00bb).<\/p><p class=\"translation-block\">1.2. Le site Web contient des informations sur des plateformes tierces (les \u00ab\u00a0Plateformes tierces\u00a0\u00bb), notamment des services \u00e9ducatifs sur les techniques d\u2019investissement g\u00e9n\u00e9rales ou les \u00e9tudes de march\u00e9. Eclipse Earn joue le r\u00f4le d\u2019interm\u00e9diaire, mettant en relation les utilisateurs avec ces Plateformes tierces (les \u00ab\u00a0Services\u00a0\u00bb).<\/p><p class=\"translation-block\">1.3. Les pr\u00e9sentes conditions d'utilisation (les\u00a0<b>\u00ab Conditions \u00bb<\/b>) r\u00e9gissent votre (\u00ab\u00a0Vous\u00a0\u00bb,\u00a0<b>\u00ab\u00a0Votre\u00a0\u00bb<\/b>\u00a0ou\u00a0<b>\u00ab\u00a0Utilisateur\u00a0\u00bb<\/b>) utilisation du site Web et des services. Vous devez lire attentivement ces Conditions dans leur int\u00e9gralit\u00e9 avant d'utiliser les services. Veuillez noter que ces Conditions constituent un accord juridiquement contraignant entre vous et l'op\u00e9rateur du site Web Eclipse Earn support . Si vous n'\u00eates pas d'accord avec l'une des dispositions des pr\u00e9sentes Conditions, vous devez imm\u00e9diatement cesser d'utiliser le site Web. En utilisant le site Web, vous acceptez les Conditions, telles que modifi\u00e9es de temps \u00e0 autre.<\/p>\t\t\t\t\t\t\t\t<\/div>\n\t\t\t\t<div class=\"elementor-element elementor-element-2f92812 elementor-widget elementor-widget-heading\" data-id=\"2f92812\" data-element_type=\"widget\" data-e-type=\"widget\" data-widget_type=\"heading.default\">\n\t\t\t\t\t<h2 class=\"elementor-heading-title elementor-size-default\">2. Description des services<\/h2>\t\t\t\t<\/div>\n\t\t\t\t<div class=\"elementor-element elementor-element-77f656e elementor-widget elementor-widget-text-editor\" data-id=\"77f656e\" data-element_type=\"widget\" data-e-type=\"widget\" data-widget_type=\"text-editor.default\">\n\t\t\t\t\t\t\t\t\t<p>2.1. Nous ne sommes pas une plateforme de n\u00e9gociation, et nous ne vous mettons pas en contact avec de telles plateformes de n\u00e9gociation, \u00e0 moins que celles-ci ne s'engagent \u00e0 vous offrir uniquement des services \u00e9ducatifs ou des \u00e9tudes de march\u00e9.<\/p><p>2.2. Nous servons d'interm\u00e9diaire pour vous mettre en relation avec un prestataire de services capable de vous proposer des contenus \u00e9ducatifs sur les techniques g\u00e9n\u00e9rales d'investissement ou des \u00e9tudes de march\u00e9 dans les domaines qui vous int\u00e9ressent.<\/p><p>2.3. Un repr\u00e9sentant du prestataire de services susmentionn\u00e9 vous contactera apr\u00e8s que vous vous soyez inscrit sur notre site Web en fournissant des informations compl\u00e8tes et correctes.<\/p><p>2.4. Le r\u00f4le du repr\u00e9sentant mentionn\u00e9 au point 2.3. est de vous fournir des informations sur les techniques d'investissement g\u00e9n\u00e9rales qui correspondent \u00e0 vos int\u00e9r\u00eats ou qui sont actuellement populaires et d'am\u00e9liorer votre compr\u00e9hension des strat\u00e9gies d'investissement.<\/p>\t\t\t\t\t\t\t\t<\/div>\n\t\t\t\t<div class=\"elementor-element elementor-element-c96b1f2 elementor-widget elementor-widget-heading\" data-id=\"c96b1f2\" data-element_type=\"widget\" data-e-type=\"widget\" data-widget_type=\"heading.default\">\n\t\t\t\t\t<h2 class=\"elementor-heading-title elementor-size-default\">3. L'\u00e9ligibilit\u00e9<\/h2>\t\t\t\t<\/div>\n\t\t\t\t<div class=\"elementor-element elementor-element-865a0a7 elementor-widget elementor-widget-text-editor\" data-id=\"865a0a7\" data-element_type=\"widget\" data-e-type=\"widget\" data-widget_type=\"text-editor.default\">\n\t\t\t\t\t\t\t\t\t<p>3.1 Vous ne pouvez utiliser le site Web que si vous remplissez toutes les conditions suivantes :<\/p><p>3.1.1 Vous avez au moins 18 ans ;<\/p><p>3.2.2 Vous avez le droit l\u00e9gal, l\u2019autorit\u00e9 et la capacit\u00e9 d\u2019accepter ces Conditions et d\u2019adh\u00e9rer \u00e0 toutes leurs conditions\u00a0;<\/p><p>3.3.3 Il ne vous est pas interdit d'utiliser le Site Web et\/ou les Services en vertu des lois de votre pays de r\u00e9sidence ou du pays dans lequel vous utilisez le Site Web.<\/p><p>3.3.4 Nous ne faisons aucune d\u00e9claration ni ne donnons aucune garantie, expresse ou implicite, quant \u00e0 la l\u00e9galit\u00e9 du site web et\/ou des services, ni quant \u00e0 leur utilisation par quiconque. Nous d\u00e9clinons toute responsabilit\u00e9 en cas d'utilisation ill\u00e9gale du site web et\/ou des services par les utilisateurs.<\/p>\t\t\t\t\t\t\t\t<\/div>\n\t\t\t\t<div class=\"elementor-element elementor-element-cb07710 elementor-widget elementor-widget-heading\" data-id=\"cb07710\" data-element_type=\"widget\" data-e-type=\"widget\" data-widget_type=\"heading.default\">\n\t\t\t\t\t<h2 class=\"elementor-heading-title elementor-size-default\">4. Territoires restreints<\/h2>\t\t\t\t<\/div>\n\t\t\t\t<div class=\"elementor-element elementor-element-8a33d58 elementor-widget elementor-widget-text-editor\" data-id=\"8a33d58\" data-element_type=\"widget\" data-e-type=\"widget\" data-widget_type=\"text-editor.default\">\n\t\t\t\t\t\t\t\t\t<p>4.1. Sans d\u00e9roger \u00e0 la g\u00e9n\u00e9ralit\u00e9 de ce qui pr\u00e9c\u00e8de, nous pouvons restreindre la disponibilit\u00e9 du site web et\/ou des services (ou d'une partie de ceux-ci) aux utilisateurs situ\u00e9s dans des territoires dont le cadre l\u00e9gal et r\u00e9glementaire est incompatible avec la fourniture des services.<\/p><p>4.2. Nous pouvons imposer des exigences ou des conditions suppl\u00e9mentaires avant d'accepter des utilisateurs r\u00e9sidant dans ou provenant de pays sp\u00e9cifiques lorsque cela est n\u00e9cessaire pour se conformer aux lois du territoire dans lequel les utilisateurs r\u00e9sident. En outre, il est reconnu que si des utilisateurs se rendent dans les territoires soumis \u00e0 des restrictions, le site web et\/ou les services peuvent \u00eatre indisponibles et\/ou bloqu\u00e9s dans ces territoires.<\/p>\t\t\t\t\t\t\t\t<\/div>\n\t\t\t\t<div class=\"elementor-element elementor-element-0dd87a9 elementor-widget elementor-widget-heading\" data-id=\"0dd87a9\" data-element_type=\"widget\" data-e-type=\"widget\" data-widget_type=\"heading.default\">\n\t\t\t\t\t<h2 class=\"elementor-heading-title elementor-size-default\">5. Activit\u00e9s interdites<\/h2>\t\t\t\t<\/div>\n\t\t\t\t<div class=\"elementor-element elementor-element-085f6d1 elementor-widget elementor-widget-text-editor\" data-id=\"085f6d1\" data-element_type=\"widget\" data-e-type=\"widget\" data-widget_type=\"text-editor.default\">\n\t\t\t\t\t\t\t\t\t<p>5.1. Vous vous engagez \u00e0 utiliser le site web et les services de mani\u00e8re respectueuse, et vous vous engagez \u00e0 ne pas :<\/p><p>5.1.1. Cr\u00e9er un lien vers le site web et\/ou utiliser le site web dans le but de charger, t\u00e9l\u00e9charger, distribuer, publier ou transmettre (a) des informations ou d'autres \u00e9l\u00e9ments d'une mani\u00e8re qui viole des droits, y compris des droits de propri\u00e9t\u00e9 intellectuelle, des droits de protection de la vie priv\u00e9e ou tout autre droit ; (b) des informations ou d'autres \u00e9l\u00e9ments dont la publication ou l'utilisation est interdite parce qu'ils constituent une menace, un pr\u00e9judice, une insulte, une calomnie, une diffamation, un racisme ou un contenu inad\u00e9quat ; (c) des informations ou d'autres \u00e9l\u00e9ments comprenant un virus ou un autre logiciel susceptible d'endommager nos syst\u00e8mes informatiques ou ceux de tiers ou de restreindre ou d'emp\u00eacher d'autres personnes d'utiliser le site web ; (d) des informations ou d'autres \u00e9l\u00e9ments violant une loi ; ou (e) des informations ou d'autres \u00e9l\u00e9ments comprenant une publicit\u00e9 de quelque nature que ce soit sans notre autorisation \u00e9crite pr\u00e9alable ;<\/p><p>5.1.2. Supprimer ou modifier toute attribution, mention l\u00e9gale ou autre d\u00e9signation ou \u00e9tiquette de propri\u00e9t\u00e9 sur le site web ;<\/p><p>5.1.3. Utiliser les Services \u00e0 l'aide d'une interface autre que le Site Internet ;<\/p><p>5.1.4. Interf\u00e9rer avec l'utilisation du site web et\/ou des services par d'autres utilisateurs ;<\/p><p>5.1.5. Utiliser des bots ou d'autres m\u00e9thodes automatis\u00e9es pour acc\u00e9der ou utiliser le site web et\/ou les services ;<\/p><p>5.1.6. T\u00e9l\u00e9charger ou transmettre (ou tenter de t\u00e9l\u00e9charger ou de transmettre), sans Notre autorisation expresse, tout mat\u00e9riel qui agit comme un m\u00e9canisme passif ou actif de collecte ou de transmission d'informations, y compris, mais sans s'y limiter, les web bugs, les cookies ou d'autres dispositifs similaires de spyware ;<\/p><p class=\"translation-block\">5.1.7. Beteiligen Sie sich am\u00a0<b>\u201eFraming\u201c, \u201eSpiegeln\u201c<\/b>\u00a0oder auf andere Weise an der Simulation des Erscheinungsbilds oder der Funktion der Dienste;<\/p><p>5.1.8. violer toute loi ou r\u00e9glementation applicable, encourager ou promouvoir toute activit\u00e9 ill\u00e9gale, y compris, mais sans s'y limiter, la violation des droits d'auteur, la violation des marques, la diffamation, l'atteinte \u00e0 la vie priv\u00e9e, l'usurpation d'identit\u00e9, le piratage, le craquage ou la distribution de logiciels de contrefa\u00e7on ;<\/p><p>5.1.9. Apporter des modifications et\/ou interf\u00e9rer de quelque mani\u00e8re que ce soit dans le code source du site web et t\u00e9l\u00e9charger tout logiciel et\/ou application susceptible de nuire ou de causer des dommages au site web ou \u00e0 tout autre tiers ;<\/p><p>5.1.10. D\u00e9sassembler, d\u00e9compiler ou proc\u00e9der \u00e0 une ing\u00e9nierie inverse de tout logiciel ou autre technologie inclus dans le site web ou utilis\u00e9 pour fournir les services.<\/p><p>5.2. Vous reconnaissez que, sans pr\u00e9judice de tout autre droit que nous pourrions avoir, si nous \u00e9tablissons que votre utilisation du site web n'est pas conforme aux dispositions des pr\u00e9sentes conditions ou \u00e0 toute loi applicable, nous pouvons bloquer votre acc\u00e8s au site web et\/ou aux services.<\/p>\t\t\t\t\t\t\t\t<\/div>\n\t\t\t\t<div class=\"elementor-element elementor-element-3ef2167 elementor-widget elementor-widget-heading\" data-id=\"3ef2167\" data-element_type=\"widget\" data-e-type=\"widget\" data-widget_type=\"heading.default\">\n\t\t\t\t\t<h2 class=\"elementor-heading-title elementor-size-default\">6. Droits de propri\u00e9t\u00e9 intellectuelle<\/h2>\t\t\t\t<\/div>\n\t\t\t\t<div class=\"elementor-element elementor-element-3fe22c1 elementor-widget elementor-widget-text-editor\" data-id=\"3fe22c1\" data-element_type=\"widget\" data-e-type=\"widget\" data-widget_type=\"text-editor.default\">\n\t\t\t\t\t\t\t\t\t<p>6.1. Le site web et son contenu, y compris le mat\u00e9riel vid\u00e9o, les textes, les photos, les logos, les dessins, la musique, les sons, les figures, les marques et tout autre contenu incorpor\u00e9 dans le site web sont prot\u00e9g\u00e9s par nos droits de propri\u00e9t\u00e9 intellectuelle ou ceux de tiers.<\/p><p>6.2. Entre nous et l'utilisateur, nous conservons tous les droits, titres et int\u00e9r\u00eats relatifs au site web et aux services. L'utilisation du site web et\/ou des services ne conf\u00e8re \u00e0 l'utilisateur aucun des droits de propri\u00e9t\u00e9 intellectuelle incorpor\u00e9s dans le site web et\/ou les services, autre que le droit d'utiliser le site web et\/ou les services conform\u00e9ment aux termes des pr\u00e9sentes conditions.<\/p><p>6.3. L'utilisateur ne peut utiliser le site web et\/ou les services qu'\u00e0 des fins personnelles et non commerciales.<\/p><p>6.4. Vous ne devez pas, et vous ne devez pas permettre \u00e0 une autre partie de modifier, d\u00e9compiler, d\u00e9sassembler, faire de l'ing\u00e9nierie inverse, copier, transf\u00e9rer, cr\u00e9er des \u0153uvres d\u00e9riv\u00e9es, louer, accorder des sous-licences, distribuer, reproduire, encadrer, republier, gratter, t\u00e9l\u00e9charger, afficher, transmettre, poster, louer ou vendre sous quelque forme ou par quelque moyen que ce soit, en tout ou en partie, utiliser \u00e0 d'autres fins que l'utilisation du site web ou des services conform\u00e9ment aux conditions ou exploiter de toute autre mani\u00e8re le contenu du site web sans notre autorisation \u00e9crite, explicite et pr\u00e9alable.<\/p>\t\t\t\t\t\t\t\t<\/div>\n\t\t\t\t<div class=\"elementor-element elementor-element-4a36889 elementor-widget elementor-widget-heading\" data-id=\"4a36889\" data-element_type=\"widget\" data-e-type=\"widget\" data-widget_type=\"heading.default\">\n\t\t\t\t\t<h2 class=\"elementor-heading-title elementor-size-default\">7. Limitation de la responsabilit\u00e9<\/h2>\t\t\t\t<\/div>\n\t\t\t\t<div class=\"elementor-element elementor-element-6b726e3 elementor-widget elementor-widget-text-editor\" data-id=\"6b726e3\" data-element_type=\"widget\" data-e-type=\"widget\" data-widget_type=\"text-editor.default\">\n\t\t\t\t\t\t\t\t\t<p>7.1. Nous ne pouvons \u00eatre tenus responsables des pertes ou dommages r\u00e9sultant de l'inex\u00e9cution ou de la mauvaise ex\u00e9cution des pr\u00e9sentes Conditions qui sont imputables (i) \u00e0 Vous ou (ii) au fait impr\u00e9visible et insurmontable d'un tiers au contrat ou (iii) \u00e0 un cas de force majeure.<\/p><p>7.2. Aucune disposition des pr\u00e9sentes conditions n'a pour objet d'exclure ou de limiter notre responsabilit\u00e9 \u00e0 votre \u00e9gard lorsque cela serait ill\u00e9gal, notamment en cas de :<\/p><p>(i) le d\u00e9c\u00e8s ou les dommages corporels r\u00e9sultant de notre n\u00e9gligence,<\/p><p>(ii) Fraude ou d\u00e9claration frauduleuse, et<\/p><p>(iii) toute autre responsabilit\u00e9 qui ne peut \u00eatre exclue ou limit\u00e9e en vertu du droit fran\u00e7ais<\/p><p>7.3. Sans d\u00e9roger \u00e0 la g\u00e9n\u00e9ralit\u00e9 de ce qui pr\u00e9c\u00e8de, nous n'assumons aucune responsabilit\u00e9 pour les bogues, virus, chevaux de Troie ou autres qui pourraient \u00eatre transmis \u00e0 ou par l'interm\u00e9diaire du site web ou des services par un tiers, \u00e0 moins que nous ne soyons en faute.<\/p><p>7.4. Nous nous effor\u00e7ons de faire en sorte que le site web soit exempt d'erreurs, de fautes ou d'inexactitudes de quelque nature que ce soit. Si de telles erreurs, fautes ou inexactitudes se produisent, nous y rem\u00e9dierons sans d\u00e9lai.<\/p><p>7.5. Vous acceptez de nous d\u00e9gager de toute responsabilit\u00e9 en cas de pertes caus\u00e9es \u00e0 tout autre tiers, en ce qui concerne le site web et\/ou les services, qui r\u00e9sulteraient d'une violation des pr\u00e9sentes conditions de votre part.<\/p><p>7.6. Nous ne sommes pas responsables des probl\u00e8mes ou des dysfonctionnements techniques des lignes t\u00e9l\u00e9phoniques ou de r\u00e9seau, des syst\u00e8mes informatiques en ligne, des serveurs ou des fournisseurs, du mat\u00e9riel informatique, des logiciels, des d\u00e9faillances dues \u00e0 des probl\u00e8mes techniques ou \u00e0 l'encombrement de l'internet (ou \u00e0 l'inaccessibilit\u00e9 de l'internet) ou \u00e0 l'incompatibilit\u00e9 entre le site web ou les services et votre navigateur et\/ou d'autres \u00e9quipements. Sans d\u00e9roger \u00e0 la g\u00e9n\u00e9ralit\u00e9 de ce qui pr\u00e9c\u00e8de, nous n'assumons aucune responsabilit\u00e9 ni aucun risque quant \u00e0 votre utilisation d'Internet.<\/p>\t\t\t\t\t\t\t\t<\/div>\n\t\t\t\t<div class=\"elementor-element elementor-element-a5e13d0 elementor-widget elementor-widget-heading\" data-id=\"a5e13d0\" data-element_type=\"widget\" data-e-type=\"widget\" data-widget_type=\"heading.default\">\n\t\t\t\t\t<h2 class=\"elementor-heading-title elementor-size-default\">8. Services ou contenus de tiers<\/h2>\t\t\t\t<\/div>\n\t\t\t\t<div class=\"elementor-element elementor-element-052ffd9 elementor-widget elementor-widget-text-editor\" data-id=\"052ffd9\" data-element_type=\"widget\" data-e-type=\"widget\" data-widget_type=\"text-editor.default\">\n\t\t\t\t\t\t\t\t\t<p>8.1. Lorsque vous utilisez les Services, vous pouvez visualiser du contenu ou des services fournis par des tiers, y compris des publicit\u00e9s et des avis concernant les Plateformes tierces.<\/p><p>8.2. Nous ne contr\u00f4lons pas, n'approuvons pas et n'adoptons pas ce contenu ou ces services, et il se peut qu'ils ne soient pas toujours exacts ou \u00e0 jour.<\/p><p>8.3. En cons\u00e9quence, nous vous recommandons de v\u00e9rifier de mani\u00e8re ind\u00e9pendante toutes les informations avant de vous y fier, et toute d\u00e9cision ou action prise sur la base de ces informations rel\u00e8ve de votre seule responsabilit\u00e9.<\/p>\t\t\t\t\t\t\t\t<\/div>\n\t\t\t\t\t<\/div>\n\t\t<\/div>\n\t\t\t\t\t<\/div>\n\t\t<\/section>\n\t\t\t\t<\/div>","protected":false},"excerpt":{"rendered":"<p>Terms and Conditions 1. General 1.1. Welcome to https:\/\/eclipseearn.pro\/(the \u201cWebsite\u201d). 1.2. The Website includes information about third-party platforms (the\u00a0\u201cThird-Party Platforms\u201d) namely educational services on general investment techniques or market research. Eclipse Earn serves as an intermediary, connecting users with such Third-Party Platforms (the\u00a0\u201cServices\u201d). 1.3. These terms of use (the\u00a0\u201cTerms\u201d) govern your (\u201cYou\u201d,\u00a0\u201cYour\u201d\u00a0or\u00a0\u201cUser\u201d) use of the [&hellip;]<\/p>\n","protected":false},"author":1,"featured_media":0,"parent":0,"menu_order":0,"comment_status":"closed","ping_status":"closed","template":"elementor_header_footer","meta":{"footnotes":""},"class_list":["post-20","page","type-page","status-publish","hentry"],"_links":{"self":[{"href":"https:\/\/eclipseearn.pro\/fr\/wp-json\/wp\/v2\/pages\/20","targetHints":{"allow":["GET"]}}],"collection":[{"href":"https:\/\/eclipseearn.pro\/fr\/wp-json\/wp\/v2\/pages"}],"about":[{"href":"https:\/\/eclipseearn.pro\/fr\/wp-json\/wp\/v2\/types\/page"}],"author":[{"embeddable":true,"href":"https:\/\/eclipseearn.pro\/fr\/wp-json\/wp\/v2\/users\/1"}],"replies":[{"embeddable":true,"href":"https:\/\/eclipseearn.pro\/fr\/wp-json\/wp\/v2\/comments?post=20"}],"version-history":[{"count":31,"href":"https:\/\/eclipseearn.pro\/fr\/wp-json\/wp\/v2\/pages\/20\/revisions"}],"predecessor-version":[{"id":1416,"href":"https:\/\/eclipseearn.pro\/fr\/wp-json\/wp\/v2\/pages\/20\/revisions\/1416"}],"wp:attachment":[{"href":"https:\/\/eclipseearn.pro\/fr\/wp-json\/wp\/v2\/media?parent=20"}],"curies":[{"name":"wp","href":"https:\/\/api.w.org\/{rel}","templated":true}]}}