{"id":553,"date":"2024-12-06T05:21:21","date_gmt":"2024-12-06T05:21:21","guid":{"rendered":"https:\/\/eclipseearn.pro\/?page_id=553"},"modified":"2024-12-06T06:17:35","modified_gmt":"2024-12-06T06:17:35","slug":"note-de-risque","status":"publish","type":"page","link":"https:\/\/eclipseearn.pro\/fr\/risk-note\/","title":{"rendered":"Note de risque"},"content":{"rendered":"<div data-elementor-type=\"wp-page\" data-elementor-id=\"553\" class=\"elementor elementor-553\" data-elementor-post-type=\"page\">\n\t\t\t\t\t\t<section class=\"elementor-section elementor-top-section elementor-element elementor-element-a331eb7 elementor-section-boxed elementor-section-height-default elementor-section-height-default\" data-id=\"a331eb7\" data-element_type=\"section\" data-e-type=\"section\" data-settings=\"{&quot;background_background&quot;:&quot;classic&quot;}\">\n\t\t\t\t\t\t<div class=\"elementor-container elementor-column-gap-default\">\n\t\t\t\t\t<div class=\"elementor-column elementor-col-100 elementor-top-column elementor-element elementor-element-316dcc9\" data-id=\"316dcc9\" data-element_type=\"column\" data-e-type=\"column\">\n\t\t\t<div class=\"elementor-widget-wrap elementor-element-populated\">\n\t\t\t\t\t\t<div class=\"elementor-element elementor-element-6c006df elementor-widget elementor-widget-heading\" data-id=\"6c006df\" data-element_type=\"widget\" data-e-type=\"widget\" data-widget_type=\"heading.default\">\n\t\t\t\t\t<h1 class=\"elementor-heading-title elementor-size-default\">Note de risque<\/h1>\t\t\t\t<\/div>\n\t\t\t\t\t<\/div>\n\t\t<\/div>\n\t\t\t\t\t<\/div>\n\t\t<\/section>\n\t\t\t\t<section class=\"elementor-section elementor-top-section elementor-element elementor-element-289ff3a elementor-section-boxed elementor-section-height-default elementor-section-height-default\" data-id=\"289ff3a\" data-element_type=\"section\" data-e-type=\"section\">\n\t\t\t\t\t\t<div class=\"elementor-container elementor-column-gap-default\">\n\t\t\t\t\t<div class=\"elementor-column elementor-col-100 elementor-top-column elementor-element elementor-element-6732eee\" data-id=\"6732eee\" data-element_type=\"column\" data-e-type=\"column\">\n\t\t\t<div class=\"elementor-widget-wrap elementor-element-populated\">\n\t\t\t\t\t\t<div class=\"elementor-element elementor-element-7013ec3 elementor-widget elementor-widget-text-editor\" data-id=\"7013ec3\" data-element_type=\"widget\" data-e-type=\"widget\" data-widget_type=\"text-editor.default\">\n\t\t\t\t\t\t\t\t\t<p>La n\u00e9gociation offre la possibilit\u00e9 d'obtenir des gains substantiels, mais elle comporte \u00e9galement le risque d'une perte potentielle de fonds, que les investisseurs potentiels doivent examiner attentivement. Il est important de reconna\u00eetre qu'environ 70 % des investisseurs subissent des revers financiers.<\/p><p>L'utilisation du nom \"Eclipse Earn\" et de tout autre nom d'entreprise sur cette plateforme est exclusivement \u00e0 des fins commerciales. Ces noms ne font pas r\u00e9f\u00e9rence \u00e0 des entreprises ou \u00e0 des prestataires de services sp\u00e9cifiques.<\/p><p>La vid\u00e9o pr\u00e9sent\u00e9e sur ce site web est uniquement destin\u00e9e \u00e0 des fins de d\u00e9monstration commerciale et d'illustration. Il est essentiel de souligner que toutes les personnes figurant dans la vid\u00e9o sont des acteurs professionnels.<\/p><p>Avant d'effectuer tout investissement, il est vivement conseill\u00e9 de lire attentivement et de comprendre les conditions g\u00e9n\u00e9rales et la page d'avertissement de la plateforme d'investisseurs tiers. En outre, les utilisateurs doivent \u00eatre conscients de leurs responsabilit\u00e9s personnelles en ce qui concerne l'imp\u00f4t sur les plus-values dans leur pays de r\u00e9sidence. Le respect des r\u00e9glementations l\u00e9gales est essentiel, car il est ill\u00e9gal de solliciter des personnes des \u00c9tats-Unis pour participer \u00e0 la n\u00e9gociation d'options sur mati\u00e8res premi\u00e8res, \u00e0 moins que ces options ne soient cot\u00e9es et n\u00e9goci\u00e9es sur une bourse enregistr\u00e9e aupr\u00e8s de la CFTC ou qu'elles ne soient l\u00e9galement exempt\u00e9es.<\/p><p>La Financial Conduct Authority (\"FCA\") a publi\u00e9 la d\u00e9claration de politique g\u00e9n\u00e9rale PS20\/10, qui interdit strictement la vente, la promotion et la distribution de CFD sur les actifs du march\u00e9. Elle interdit \u00e9galement la diffusion de documents commerciaux li\u00e9s \u00e0 l'offre de CFD et d'autres produits financiers bas\u00e9s sur les actifs du march\u00e9 et destin\u00e9s sp\u00e9cifiquement aux r\u00e9sidents du Royaume-Uni.<\/p><p>En fournissant vos informations personnelles, vous nous autorisez par la pr\u00e9sente \u00e0 partager vos donn\u00e9es personnelles avec des tiers offrant des services de n\u00e9gociation, comme indiqu\u00e9 dans notre politique de confidentialit\u00e9 et nos conditions g\u00e9n\u00e9rales.<\/p><p>De nombreuses options de trading sont disponibles pour les traders et les utilisateurs de cette plateforme. Ces options comprennent l'utilisation d'un logiciel de trading, le recours aux services de courtiers humains ou l'ex\u00e9cution ind\u00e9pendante de transactions. Il est de la seule responsabilit\u00e9 du trader d'\u00e9valuer et de d\u00e9terminer l'approche de trading la plus appropri\u00e9e \u00e0 sa situation personnelle.<\/p>\t\t\t\t\t\t\t\t<\/div>\n\t\t\t\t\t<\/div>\n\t\t<\/div>\n\t\t\t\t\t<\/div>\n\t\t<\/section>\n\t\t\t\t<\/div>","protected":false},"excerpt":{"rendered":"<p>Risk Note Trading presents an opportunity for substantial rewards, but it also carries the risk of potential loss of funds, which prospective investors should carefully consider. It\u2019s important to acknowledge that approximately 70 percent of investors face financial setbacks. The use of the name \u201cEclipse Earn\u201d and any other business aliases on this platform is [&hellip;]<\/p>\n","protected":false},"author":1,"featured_media":0,"parent":0,"menu_order":0,"comment_status":"closed","ping_status":"closed","template":"elementor_header_footer","meta":{"footnotes":""},"class_list":["post-553","page","type-page","status-publish","hentry"],"_links":{"self":[{"href":"https:\/\/eclipseearn.pro\/fr\/wp-json\/wp\/v2\/pages\/553","targetHints":{"allow":["GET"]}}],"collection":[{"href":"https:\/\/eclipseearn.pro\/fr\/wp-json\/wp\/v2\/pages"}],"about":[{"href":"https:\/\/eclipseearn.pro\/fr\/wp-json\/wp\/v2\/types\/page"}],"author":[{"embeddable":true,"href":"https:\/\/eclipseearn.pro\/fr\/wp-json\/wp\/v2\/users\/1"}],"replies":[{"embeddable":true,"href":"https:\/\/eclipseearn.pro\/fr\/wp-json\/wp\/v2\/comments?post=553"}],"version-history":[{"count":7,"href":"https:\/\/eclipseearn.pro\/fr\/wp-json\/wp\/v2\/pages\/553\/revisions"}],"predecessor-version":[{"id":627,"href":"https:\/\/eclipseearn.pro\/fr\/wp-json\/wp\/v2\/pages\/553\/revisions\/627"}],"wp:attachment":[{"href":"https:\/\/eclipseearn.pro\/fr\/wp-json\/wp\/v2\/media?parent=553"}],"curies":[{"name":"wp","href":"https:\/\/api.w.org\/{rel}","templated":true}]}}