{"id":14,"date":"2024-11-13T02:07:32","date_gmt":"2024-11-13T02:07:32","guid":{"rendered":"https:\/\/eclipseearn.pro\/?page_id=14"},"modified":"2025-06-03T10:43:54","modified_gmt":"2025-06-03T10:43:54","slug":"sobre-nos","status":"publish","type":"page","link":"https:\/\/eclipseearn.pro\/pt\/about-us\/","title":{"rendered":"Sobre n\u00f3s"},"content":{"rendered":"<div data-elementor-type=\"wp-page\" data-elementor-id=\"14\" class=\"elementor elementor-14\" data-elementor-post-type=\"page\">\n\t\t\t\t<div class=\"elementor-element elementor-element-f53791e e-flex e-con-boxed e-con e-parent\" data-id=\"f53791e\" data-element_type=\"container\" data-e-type=\"container\">\n\t\t\t\t\t<div class=\"e-con-inner\">\n\t\t<div class=\"elementor-element elementor-element-dd44607 e-con-full e-flex e-con e-child\" data-id=\"dd44607\" data-element_type=\"container\" data-e-type=\"container\">\n\t\t\t\t<div class=\"elementor-element elementor-element-0a2c9c4 elementor-widget elementor-widget-heading\" data-id=\"0a2c9c4\" data-element_type=\"widget\" data-e-type=\"widget\" data-widget_type=\"heading.default\">\n\t\t\t\t\t<h1 class=\"elementor-heading-title elementor-size-default\">Sobre n\u00f3s<\/h1>\t\t\t\t<\/div>\n\t\t\t\t<div class=\"elementor-element elementor-element-a4192ee elementor-widget elementor-widget-text-editor\" data-id=\"a4192ee\" data-element_type=\"widget\" data-e-type=\"widget\" data-widget_type=\"text-editor.default\">\n\t\t\t\t\t\t\t\t\t<p>Na Eclipse Earn, sempre nos consideramos inovadores no mercado de criptografia, e nossa equipe traz para voc\u00ea uma plataforma que faz as coisas de maneira diferente de todas as outras. Come\u00e7amos a construir nossa plataforma quando vimos uma lacuna no mercado onde quer\u00edamos tornar a negocia\u00e7\u00e3o de criptomoedas acess\u00edvel a todos. Junto com o desenvolvimento do Eclipse Earn, somos entusiastas obstinados da criptografia e acreditamos no valor da tecnologia blockchain. Um dia, ir\u00e1 realmente revolucionar o mundo e esperamos contribuir para isso. Depois de ver o mercado e como ele mudou, acreditamos que o futuro do com\u00e9rcio de criptomoedas acontecer\u00e1 na Internet. Estamos trabalhando duro para garantir que a criptografia cres\u00e7a e se torne um valor para todos.<\/p>\t\t\t\t\t\t\t\t<\/div>\n\t\t\t\t<\/div>\n\t\t\t\t\t<\/div>\n\t\t\t\t<\/div>\n\t\t<div class=\"elementor-element elementor-element-bae02c9 e-flex e-con-boxed e-con e-parent\" data-id=\"bae02c9\" data-element_type=\"container\" data-e-type=\"container\">\n\t\t\t\t\t<div class=\"e-con-inner\">\n\t\t<div class=\"elementor-element elementor-element-b12e63d e-con-full elementor-hidden-mobile e-flex e-con e-child\" data-id=\"b12e63d\" data-element_type=\"container\" data-e-type=\"container\">\n\t\t\t\t<div class=\"elementor-element elementor-element-f7ec361 elementor-widget-mobile__width-initial elementor-widget elementor-widget-image\" data-id=\"f7ec361\" data-element_type=\"widget\" data-e-type=\"widget\" data-widget_type=\"image.default\">\n\t\t\t\t\t\t\t\t\t\t\t\t\t\t\t<img fetchpriority=\"high\" decoding=\"async\" width=\"550\" height=\"365\" src=\"https:\/\/eclipseearn.pro\/wp-content\/uploads\/2025\/01\/bright-future.webp\" class=\"attachment-full size-full wp-image-869\" alt=\"Eclipse garante um futuro brilhante\" srcset=\"https:\/\/eclipseearn.pro\/wp-content\/uploads\/2025\/01\/bright-future.webp 550w, https:\/\/eclipseearn.pro\/wp-content\/uploads\/2025\/01\/bright-future-300x199.webp 300w, https:\/\/eclipseearn.pro\/wp-content\/uploads\/2025\/01\/bright-future-18x12.webp 18w\" sizes=\"(max-width: 550px) 100vw, 550px\" \/>\t\t\t\t\t\t\t\t\t\t\t\t\t\t\t<\/div>\n\t\t\t\t<\/div>\n\t\t<div class=\"elementor-element elementor-element-8e6f6b0 e-con-full e-flex e-con e-child\" data-id=\"8e6f6b0\" data-element_type=\"container\" data-e-type=\"container\">\n\t\t\t\t<div class=\"elementor-element elementor-element-afc7b55 elementor-widget elementor-widget-heading\" data-id=\"afc7b55\" data-element_type=\"widget\" data-e-type=\"widget\" data-widget_type=\"heading.default\">\n\t\t\t\t\t<h2 class=\"elementor-heading-title elementor-size-default\">O futuro parece brilhante<\/h2>\t\t\t\t<\/div>\n\t\t\t\t<div class=\"elementor-element elementor-element-cce01e8 elementor-widget elementor-widget-text-editor\" data-id=\"cce01e8\" data-element_type=\"widget\" data-e-type=\"widget\" data-widget_type=\"text-editor.default\">\n\t\t\t\t\t\t\t\t\t<p>Na Eclipse Earn, chegamos a um ponto em que o futuro parece brilhante. Podemos dizer com orgulho que nosso trabalho \u00e1rduo valeu a pena e estamos vendo muitas pessoas adorando a plataforma que desenvolvemos. Nossa equipe mal pode esperar para ver o que acontecer\u00e1 a seguir.<\/p><p>Algumas de nossas metas seriam expandir a educa\u00e7\u00e3o sobre criptomoedas para que as pessoas possam fazer neg\u00f3cios com mais conhecimento. Isso \u00e9 especialmente verdadeiro para iniciantes, pois gostar\u00edamos de ajud\u00e1-los a ter sucesso com as criptomoedas.<\/p>\t\t\t\t\t\t\t\t<\/div>\n\t\t\t\t<\/div>\n\t\t\t\t\t<\/div>\n\t\t\t\t<\/div>\n\t\t<div class=\"elementor-element elementor-element-1399e9a elementor-hidden-desktop elementor-hidden-tablet e-flex e-con-boxed e-con e-parent\" data-id=\"1399e9a\" data-element_type=\"container\" data-e-type=\"container\">\n\t\t\t\t\t<div class=\"e-con-inner\">\n\t\t<div class=\"elementor-element elementor-element-f0f2d8d e-con-full e-flex e-con e-child\" data-id=\"f0f2d8d\" data-element_type=\"container\" data-e-type=\"container\">\n\t\t\t\t<div class=\"elementor-element elementor-element-ceb7ec5 elementor-widget-mobile__width-initial elementor-widget elementor-widget-image\" data-id=\"ceb7ec5\" data-element_type=\"widget\" data-e-type=\"widget\" data-widget_type=\"image.default\">\n\t\t\t\t\t\t\t\t\t\t\t\t\t\t\t<img fetchpriority=\"high\" decoding=\"async\" width=\"550\" height=\"365\" src=\"https:\/\/eclipseearn.pro\/wp-content\/uploads\/2025\/01\/bright-future.webp\" class=\"attachment-full size-full wp-image-869\" alt=\"Eclipse garante um futuro brilhante\" srcset=\"https:\/\/eclipseearn.pro\/wp-content\/uploads\/2025\/01\/bright-future.webp 550w, https:\/\/eclipseearn.pro\/wp-content\/uploads\/2025\/01\/bright-future-300x199.webp 300w, https:\/\/eclipseearn.pro\/wp-content\/uploads\/2025\/01\/bright-future-18x12.webp 18w\" sizes=\"(max-width: 550px) 100vw, 550px\" \/>\t\t\t\t\t\t\t\t\t\t\t\t\t\t\t<\/div>\n\t\t\t\t<\/div>\n\t\t<div class=\"elementor-element elementor-element-586566c e-con-full elementor-hidden-mobile e-flex e-con e-child\" data-id=\"586566c\" data-element_type=\"container\" data-e-type=\"container\">\n\t\t\t\t<div class=\"elementor-element elementor-element-e47ef6e elementor-widget elementor-widget-heading\" data-id=\"e47ef6e\" data-element_type=\"widget\" data-e-type=\"widget\" data-widget_type=\"heading.default\">\n\t\t\t\t\t<h2 class=\"elementor-heading-title elementor-size-default\">O futuro parece brilhante<\/h2>\t\t\t\t<\/div>\n\t\t\t\t<div class=\"elementor-element elementor-element-4dbcede elementor-widget elementor-widget-text-editor\" data-id=\"4dbcede\" data-element_type=\"widget\" data-e-type=\"widget\" data-widget_type=\"text-editor.default\">\n\t\t\t\t\t\t\t\t\t<div class=\"block__col\"><p class=\"txt\">Na Eclipse Earn, chegamos a um ponto em que o futuro parece brilhante. Podemos dizer com orgulho que nosso trabalho \u00e1rduo valeu a pena e estamos vendo muitas pessoas adorando a plataforma que desenvolvemos. Nossa equipe mal pode esperar para ver o que acontecer\u00e1 a seguir.<\/p><p>Algumas de nossas metas seriam expandir a educa\u00e7\u00e3o sobre criptomoedas para que as pessoas possam fazer neg\u00f3cios com mais conhecimento. Isso \u00e9 especialmente verdadeiro para iniciantes, pois gostar\u00edamos de ajud\u00e1-los a ter sucesso com as criptomoedas.<\/p><\/div>\t\t\t\t\t\t\t\t<\/div>\n\t\t\t\t<\/div>\n\t\t\t\t\t<\/div>\n\t\t\t\t<\/div>\n\t\t<div class=\"elementor-element elementor-element-7fbffba e-flex e-con-boxed e-con e-parent\" data-id=\"7fbffba\" data-element_type=\"container\" data-e-type=\"container\">\n\t\t\t\t\t<div class=\"e-con-inner\">\n\t\t<div class=\"elementor-element elementor-element-c888f3f e-con-full e-flex e-con e-child\" data-id=\"c888f3f\" data-element_type=\"container\" data-e-type=\"container\">\n\t\t\t\t<div class=\"elementor-element elementor-element-607c6e2 elementor-widget elementor-widget-heading\" data-id=\"607c6e2\" data-element_type=\"widget\" data-e-type=\"widget\" data-widget_type=\"heading.default\">\n\t\t\t\t\t<h2 class=\"elementor-heading-title elementor-size-default\">Um mundo de oportunidades o aguarda<\/h2>\t\t\t\t<\/div>\n\t\t\t\t<div class=\"elementor-element elementor-element-955d5f6 elementor-widget elementor-widget-text-editor\" data-id=\"955d5f6\" data-element_type=\"widget\" data-e-type=\"widget\" data-widget_type=\"text-editor.default\">\n\t\t\t\t\t\t\t\t\t<p>Um de nossos objetivos com a plataforma \u00e9 fazer com que as pessoas tenham conhecimento sobre seus investimentos. Queremos que as pessoas sejam bem-sucedidas e fazemos isso instruindo-as sobre suas oportunidades com as criptomoedas e como elas funcionam. Enquanto instru\u00edmos as pessoas, procuramos nos manter no topo de nosso setor.<\/p><p>A popularidade do Bitcoin vem crescendo em todo o mundo, e gostar\u00edamos de ser uma das empresas que est\u00e3o contribuindo para essa revolu\u00e7\u00e3o. Esperamos nos tornar a plataforma que todos procuram para observar o movimento e fazer negocia\u00e7\u00f5es lucrativas.<\/p>\t\t\t\t\t\t\t\t<\/div>\n\t\t\t\t<\/div>\n\t\t<div class=\"elementor-element elementor-element-0288b96 e-con-full e-flex e-con e-child\" data-id=\"0288b96\" data-element_type=\"container\" data-e-type=\"container\">\n\t\t\t\t<div class=\"elementor-element elementor-element-494c610 elementor-widget elementor-widget-image\" data-id=\"494c610\" data-element_type=\"widget\" data-e-type=\"widget\" data-widget_type=\"image.default\">\n\t\t\t\t\t\t\t\t\t\t\t\t\t\t\t<img decoding=\"async\" width=\"550\" height=\"307\" src=\"https:\/\/eclipseearn.pro\/wp-content\/uploads\/2025\/01\/a-world-.webp\" class=\"attachment-full size-full wp-image-870\" alt=\"World of Opportunities Awaits\" srcset=\"https:\/\/eclipseearn.pro\/wp-content\/uploads\/2025\/01\/a-world-.webp 550w, https:\/\/eclipseearn.pro\/wp-content\/uploads\/2025\/01\/a-world--300x167.webp 300w, https:\/\/eclipseearn.pro\/wp-content\/uploads\/2025\/01\/a-world--18x10.webp 18w\" sizes=\"(max-width: 550px) 100vw, 550px\" \/>\t\t\t\t\t\t\t\t\t\t\t\t\t\t\t<\/div>\n\t\t\t\t<\/div>\n\t\t\t\t\t<\/div>\n\t\t\t\t<\/div>\n\t\t\t\t<\/div>","protected":false},"excerpt":{"rendered":"<p>About Us At Eclipse Earn, we\u2019ve always seen ourselves as innovators in the crypto market, and our team brings you a platform that does things differently from all the others. We first started building our platform when we saw a gap in the market where we wanted to make crypto trading accessible to everyone. Along [&hellip;]<\/p>\n","protected":false},"author":1,"featured_media":0,"parent":0,"menu_order":0,"comment_status":"closed","ping_status":"closed","template":"elementor_header_footer","meta":{"footnotes":""},"class_list":["post-14","page","type-page","status-publish","hentry"],"_links":{"self":[{"href":"https:\/\/eclipseearn.pro\/pt\/wp-json\/wp\/v2\/pages\/14","targetHints":{"allow":["GET"]}}],"collection":[{"href":"https:\/\/eclipseearn.pro\/pt\/wp-json\/wp\/v2\/pages"}],"about":[{"href":"https:\/\/eclipseearn.pro\/pt\/wp-json\/wp\/v2\/types\/page"}],"author":[{"embeddable":true,"href":"https:\/\/eclipseearn.pro\/pt\/wp-json\/wp\/v2\/users\/1"}],"replies":[{"embeddable":true,"href":"https:\/\/eclipseearn.pro\/pt\/wp-json\/wp\/v2\/comments?post=14"}],"version-history":[{"count":37,"href":"https:\/\/eclipseearn.pro\/pt\/wp-json\/wp\/v2\/pages\/14\/revisions"}],"predecessor-version":[{"id":1380,"href":"https:\/\/eclipseearn.pro\/pt\/wp-json\/wp\/v2\/pages\/14\/revisions\/1380"}],"wp:attachment":[{"href":"https:\/\/eclipseearn.pro\/pt\/wp-json\/wp\/v2\/media?parent=14"}],"curies":[{"name":"wp","href":"https:\/\/api.w.org\/{rel}","templated":true}]}}