{"id":18,"date":"2024-11-13T02:08:27","date_gmt":"2024-11-13T02:08:27","guid":{"rendered":"https:\/\/eclipseearn.pro\/?page_id=18"},"modified":"2025-06-04T10:37:24","modified_gmt":"2025-06-04T10:37:24","slug":"politica-de-privacidade","status":"publish","type":"page","link":"https:\/\/eclipseearn.pro\/pt\/privacy-policy\/","title":{"rendered":"Pol\u00edtica de privacidade"},"content":{"rendered":"<div data-elementor-type=\"wp-page\" data-elementor-id=\"18\" class=\"elementor elementor-18\" data-elementor-post-type=\"page\">\n\t\t\t\t\t\t<section class=\"elementor-section elementor-top-section elementor-element elementor-element-211691d elementor-section-boxed elementor-section-height-default elementor-section-height-default\" data-id=\"211691d\" data-element_type=\"section\" data-e-type=\"section\" data-settings=\"{&quot;background_background&quot;:&quot;classic&quot;}\">\n\t\t\t\t\t\t<div class=\"elementor-container elementor-column-gap-default\">\n\t\t\t\t\t<div class=\"elementor-column elementor-col-100 elementor-top-column elementor-element elementor-element-70f33ca\" data-id=\"70f33ca\" data-element_type=\"column\" data-e-type=\"column\">\n\t\t\t<div class=\"elementor-widget-wrap elementor-element-populated\">\n\t\t\t\t\t\t<div class=\"elementor-element elementor-element-a72415e elementor-widget elementor-widget-heading\" data-id=\"a72415e\" data-element_type=\"widget\" data-e-type=\"widget\" data-widget_type=\"heading.default\">\n\t\t\t\t\t<h1 class=\"elementor-heading-title elementor-size-default\">Pol\u00edtica de privacidade<\/h1>\t\t\t\t<\/div>\n\t\t\t\t\t<\/div>\n\t\t<\/div>\n\t\t\t\t\t<\/div>\n\t\t<\/section>\n\t\t\t\t<section class=\"elementor-section elementor-top-section elementor-element elementor-element-6657479 elementor-section-boxed elementor-section-height-default elementor-section-height-default\" data-id=\"6657479\" data-element_type=\"section\" data-e-type=\"section\">\n\t\t\t\t\t\t<div class=\"elementor-container elementor-column-gap-default\">\n\t\t\t\t\t<div class=\"elementor-column elementor-col-100 elementor-top-column elementor-element elementor-element-a60d826\" data-id=\"a60d826\" data-element_type=\"column\" data-e-type=\"column\">\n\t\t\t<div class=\"elementor-widget-wrap elementor-element-populated\">\n\t\t\t\t\t\t<div class=\"elementor-element elementor-element-6841ca6 elementor-widget elementor-widget-text-editor\" data-id=\"6841ca6\" data-element_type=\"widget\" data-e-type=\"widget\" data-widget_type=\"text-editor.default\">\n\t\t\t\t\t\t\t\t\t<p class=\"translation-block\">Na <strong>Eclipse Earn<\/strong>, acess\u00edvel em <a href=\"https:\/\/eclipseearn.pro\/pt\/\" target=\"_self\">https:\/\/eclipseearn.pro\/<\/a>, uma de nossas principais prioridades \u00e9 a privacidade de nossos visitantes. Este documento de Pol\u00edtica de Privacidade cont\u00e9m os tipos de informa\u00e7\u00f5es que s\u00e3o coletadas e registradas pela <strong>Eclipse Earn<\/strong> e como as utilizamos.<\/p><p>Se voc\u00ea tiver outras d\u00favidas ou precisar de mais informa\u00e7\u00f5es sobre nossa Pol\u00edtica de Privacidade, n\u00e3o hesite em entrar em contato conosco.<\/p><p class=\"translation-block\">Esta Pol\u00edtica de Privacidade aplica-se apenas \u00e0s nossas atividades online e \u00e9 v\u00e1lida para os visitantes do nosso website relativamente \u00e0s informa\u00e7\u00f5es que partilham e\/ou recolhem no <strong>Eclipse Earn<\/strong>. Esta pol\u00edtica n\u00e3o se aplica a quaisquer informa\u00e7\u00f5es recolhidas offline ou atrav\u00e9s de canais que n\u00e3o sejam este website.<\/p>\t\t\t\t\t\t\t\t<\/div>\n\t\t\t\t<div class=\"elementor-element elementor-element-667f3e0 elementor-widget elementor-widget-heading\" data-id=\"667f3e0\" data-element_type=\"widget\" data-e-type=\"widget\" data-widget_type=\"heading.default\">\n\t\t\t\t\t<h2 class=\"elementor-heading-title elementor-size-default\">Consentimento<\/h2>\t\t\t\t<\/div>\n\t\t\t\t<div class=\"elementor-element elementor-element-8cd4ad1 elementor-widget elementor-widget-text-editor\" data-id=\"8cd4ad1\" data-element_type=\"widget\" data-e-type=\"widget\" data-widget_type=\"text-editor.default\">\n\t\t\t\t\t\t\t\t\t<p>Ao utilizar nosso site, voc\u00ea concorda com nossa Pol\u00edtica de Privacidade e concorda com seus termos.<\/p>\t\t\t\t\t\t\t\t<\/div>\n\t\t\t\t<div class=\"elementor-element elementor-element-560f5d6 elementor-widget elementor-widget-heading\" data-id=\"560f5d6\" data-element_type=\"widget\" data-e-type=\"widget\" data-widget_type=\"heading.default\">\n\t\t\t\t\t<h2 class=\"elementor-heading-title elementor-size-default\">Informa\u00e7\u00f5es que coletamos<\/h2>\t\t\t\t<\/div>\n\t\t\t\t<div class=\"elementor-element elementor-element-d0e0e8e elementor-widget elementor-widget-text-editor\" data-id=\"d0e0e8e\" data-element_type=\"widget\" data-e-type=\"widget\" data-widget_type=\"text-editor.default\">\n\t\t\t\t\t\t\t\t\t<p>As informa\u00e7\u00f5es pessoais que voc\u00ea dever\u00e1 fornecer e os motivos pelos quais voc\u00ea ser\u00e1 solicitado a fornec\u00ea-las ser\u00e3o esclarecidos no momento em que solicitarmos que voc\u00ea forne\u00e7a suas informa\u00e7\u00f5es pessoais.<\/p><p>Se voc\u00ea entrar em contato conosco diretamente, poderemos receber informa\u00e7\u00f5es adicionais sobre voc\u00ea, como seu nome, endere\u00e7o de e-mail, n\u00famero de telefone, o conte\u00fado da mensagem e\/ou anexos que voc\u00ea nos enviar e qualquer outra informa\u00e7\u00e3o que voc\u00ea decida fornecer.<\/p><p>Quando voc\u00ea se registra para uma conta, podemos solicitar suas informa\u00e7\u00f5es de contato, incluindo itens como nome, nome da empresa, endere\u00e7o, endere\u00e7o de e-mail e n\u00famero de telefone.<\/p><p>\u00e0 nossa Pol\u00edtica de Privacidade e concorda com seus termos.<\/p>\t\t\t\t\t\t\t\t<\/div>\n\t\t\t\t<div class=\"elementor-element elementor-element-856892b elementor-widget elementor-widget-heading\" data-id=\"856892b\" data-element_type=\"widget\" data-e-type=\"widget\" data-widget_type=\"heading.default\">\n\t\t\t\t\t<h2 class=\"elementor-heading-title elementor-size-default\">Como usamos suas informa\u00e7\u00f5es<\/h2>\t\t\t\t<\/div>\n\t\t\t\t<div class=\"elementor-element elementor-element-0dd5be0 elementor-widget elementor-widget-text-editor\" data-id=\"0dd5be0\" data-element_type=\"widget\" data-e-type=\"widget\" data-widget_type=\"text-editor.default\">\n\t\t\t\t\t\t\t\t\t<p>Usamos as informa\u00e7\u00f5es que coletamos de v\u00e1rias maneiras, inclusive para:<\/p><ul><li>Fornecer, operar e manter nosso site<\/li><li>Melhorar, personalizar e expandir nosso site<\/li><li>Compreender e analisar como voc\u00ea usa nosso site<\/li><li>Desenvolver novos produtos, servi\u00e7os, recursos e funcionalidades<\/li><li>Comunicar com voc\u00ea, diretamente ou por meio de um de nossos parceiros, inclusive para atendimento ao cliente, para fornecer atualiza\u00e7\u00f5es e outras informa\u00e7\u00f5es relacionadas ao site e para fins promocionais e de marketing<\/li><li>Enviar e-mails para voc\u00ea<\/li><li>Encontre e evite fraudes<\/li><\/ul>\t\t\t\t\t\t\t\t<\/div>\n\t\t\t\t<div class=\"elementor-element elementor-element-897c66f elementor-widget elementor-widget-heading\" data-id=\"897c66f\" data-element_type=\"widget\" data-e-type=\"widget\" data-widget_type=\"heading.default\">\n\t\t\t\t\t<h2 class=\"elementor-heading-title elementor-size-default\">Coleta e uso de n\u00fameros de telefone\nFinalidade da Coleta<\/h2>\t\t\t\t<\/div>\n\t\t\t\t<div class=\"elementor-element elementor-element-6c23ca2 elementor-widget elementor-widget-text-editor\" data-id=\"6c23ca2\" data-element_type=\"widget\" data-e-type=\"widget\" data-widget_type=\"text-editor.default\">\n\t\t\t\t\t\t\t\t\t<p class=\"translation-block\">Na <strong>Eclipse Earn<\/strong>, coletamos n\u00fameros de telefone de nossos usu\u00e1rios por meio do formul\u00e1rio de cadastro. Essa coleta serve a v\u00e1rios prop\u00f3sitos importantes:<\/p><ul><li><strong>Comunica\u00e7\u00e3o:<\/strong>\u00a0Os n\u00fameros de telefone s\u00e3o usados \u200b\u200bprincipalmente para facilitar a comunica\u00e7\u00e3o direta com os usu\u00e1rios. Isso pode incluir fornecer suporte, responder perguntas e oferecer atualiza\u00e7\u00f5es relacionadas aos nossos servi\u00e7os ou contas de usu\u00e1rio.<\/li><li class=\"translation-block\"><strong>Gerenciamento de contas:<\/strong> Os n\u00fameros de telefone s\u00e3o usados \u200b\u200bpara fins de verifica\u00e7\u00e3o de identidades de usu\u00e1rios e aux\u00edlio no gerenciamento de contas de usu\u00e1rios. Isso ajuda a aumentar a seguran\u00e7a e garantir que o acesso \u00e0s contas de usu\u00e1rios seja devidamente protegido.<\/li><li class=\"translation-block\"><strong>Marketing e promo\u00e7\u00f5es:<\/strong> Com o consentimento do usu\u00e1rio, os n\u00fameros de telefone tamb\u00e9m podem ser usados \u200b\u200bpara enviar informa\u00e7\u00f5es sobre novos produtos, atualiza\u00e7\u00f5es e ofertas promocionais que podem ser do interesse de nossos usu\u00e1rios.<\/li><\/ul>\t\t\t\t\t\t\t\t<\/div>\n\t\t\t\t<div class=\"elementor-element elementor-element-b94826c elementor-widget elementor-widget-heading\" data-id=\"b94826c\" data-element_type=\"widget\" data-e-type=\"widget\" data-widget_type=\"heading.default\">\n\t\t\t\t\t<h2 class=\"elementor-heading-title elementor-size-default\">Arquivos de registro<\/h2>\t\t\t\t<\/div>\n\t\t\t\t<div class=\"elementor-element elementor-element-32e2686 elementor-widget elementor-widget-text-editor\" data-id=\"32e2686\" data-element_type=\"widget\" data-e-type=\"widget\" data-widget_type=\"text-editor.default\">\n\t\t\t\t\t\t\t\t\t<p class=\"translation-block\">O Eclipse Earn segue um procedimento padr\u00e3o de uso de arquivos de log. Esses arquivos registram os visitantes quando eles visitam sites. Todas as empresas de hospedagem fazem isso e fazem parte das an\u00e1lises dos servi\u00e7os de hospedagem. As informa\u00e7\u00f5es coletadas pelos arquivos de log incluem endere\u00e7os de protocolo de internet (IP), tipo de navegador, Provedor de Servi\u00e7os de Internet (ISP), carimbo de data e hora, p\u00e1ginas de refer\u00eancia\/sa\u00edda e, possivelmente, o n\u00famero de cliques. Eles n\u00e3o est\u00e3o vinculados a nenhuma informa\u00e7\u00e3o pessoalmente identific\u00e1vel. O objetivo das informa\u00e7\u00f5es \u00e9 analisar tend\u00eancias, administrar o site, rastrear o movimento dos usu\u00e1rios no site e coletar informa\u00e7\u00f5es demogr\u00e1ficas<\/p>\t\t\t\t\t\t\t\t<\/div>\n\t\t\t\t<div class=\"elementor-element elementor-element-6421870 elementor-widget elementor-widget-heading\" data-id=\"6421870\" data-element_type=\"widget\" data-e-type=\"widget\" data-widget_type=\"heading.default\">\n\t\t\t\t\t<h2 class=\"elementor-heading-title elementor-size-default\">Cookies e web beacons<\/h2>\t\t\t\t<\/div>\n\t\t\t\t<div class=\"elementor-element elementor-element-5b964c0 elementor-widget elementor-widget-text-editor\" data-id=\"5b964c0\" data-element_type=\"widget\" data-e-type=\"widget\" data-widget_type=\"text-editor.default\">\n\t\t\t\t\t\t\t\t\t<p class=\"translation-block\">Assim como qualquer outro site, o <strong>Eclipse Earn<\/strong> utiliza \u201ccookies\u201d. Esses cookies s\u00e3o usados \u200b\u200bpara armazenar informa\u00e7\u00f5es, incluindo as prefer\u00eancias dos visitantes e as p\u00e1ginas do site que o visitante acessou ou visitou. As informa\u00e7\u00f5es s\u00e3o usadas para otimizar a experi\u00eancia do usu\u00e1rio, personalizando o conte\u00fado da nossa p\u00e1gina da web com base no tipo de navegador do visitante e\/ou outras informa\u00e7\u00f5es.<\/p>\t\t\t\t\t\t\t\t<\/div>\n\t\t\t\t<div class=\"elementor-element elementor-element-1a9c1dc elementor-widget elementor-widget-heading\" data-id=\"1a9c1dc\" data-element_type=\"widget\" data-e-type=\"widget\" data-widget_type=\"heading.default\">\n\t\t\t\t\t<h2 class=\"elementor-heading-title elementor-size-default\">Pol\u00edticas de Privacidade de Parceiros de Publicidade<\/h2>\t\t\t\t<\/div>\n\t\t\t\t<div class=\"elementor-element elementor-element-4426d6f elementor-widget elementor-widget-text-editor\" data-id=\"4426d6f\" data-element_type=\"widget\" data-e-type=\"widget\" data-widget_type=\"text-editor.default\">\n\t\t\t\t\t\t\t\t\t<p class=\"translation-block\">Servidores de an\u00fancios ou redes de publicidade de terceiros utilizam tecnologias como cookies, JavaScript ou Web Beacons em seus respectivos an\u00fancios e links exibidos no <strong>Eclipse Earn<\/strong>, que s\u00e3o enviados diretamente para o navegador do usu\u00e1rio. Quando isso ocorre, eles recebem automaticamente o seu endere\u00e7o IP. Essas tecnologias s\u00e3o usadas para medir a efic\u00e1cia de suas campanhas publicit\u00e1rias e\/ou para personalizar o conte\u00fado dos an\u00fancios que voc\u00ea v\u00ea nos sites que visita.<\/p><p class=\"translation-block\">Note que o <strong>Eclipse Earn<\/strong> n\u00e3o tem acesso nem controle sobre esses cookies usados \u200b\u200bpor anunciantes terceirizados.<\/p>\t\t\t\t\t\t\t\t<\/div>\n\t\t\t\t<div class=\"elementor-element elementor-element-969e542 elementor-widget elementor-widget-heading\" data-id=\"969e542\" data-element_type=\"widget\" data-e-type=\"widget\" data-widget_type=\"heading.default\">\n\t\t\t\t\t<h2 class=\"elementor-heading-title elementor-size-default\">Pol\u00edticas de privacidade de terceiros<\/h2>\t\t\t\t<\/div>\n\t\t\t\t<div class=\"elementor-element elementor-element-1cd9bbe elementor-widget elementor-widget-text-editor\" data-id=\"1cd9bbe\" data-element_type=\"widget\" data-e-type=\"widget\" data-widget_type=\"text-editor.default\">\n\t\t\t\t\t\t\t\t\t<p class=\"translation-block\">A Pol\u00edtica de Privacidade do <strong>Eclipse Earn<\/strong> n\u00e3o se aplica a outros anunciantes ou sites. Portanto, recomendamos que voc\u00ea consulte as respectivas Pol\u00edticas de Privacidade desses servidores de an\u00fancios de terceiros para obter informa\u00e7\u00f5es mais detalhadas. Elas podem incluir suas pr\u00e1ticas e instru\u00e7\u00f5es sobre como desativar determinadas op\u00e7\u00f5es.<\/p><p>Voc\u00ea pode optar por desativar os cookies atrav\u00e9s das op\u00e7\u00f5es individuais do seu navegador. Para saber informa\u00e7\u00f5es mais detalhadas sobre o gerenciamento de cookies com navegadores espec\u00edficos, voc\u00ea pode encontr\u00e1-las nos respectivos sites dos navegadores.<\/p>\t\t\t\t\t\t\t\t<\/div>\n\t\t\t\t<div class=\"elementor-element elementor-element-a442f3e elementor-widget elementor-widget-heading\" data-id=\"a442f3e\" data-element_type=\"widget\" data-e-type=\"widget\" data-widget_type=\"heading.default\">\n\t\t\t\t\t<h2 class=\"elementor-heading-title elementor-size-default\">Direitos de privacidade da CCPA (n\u00e3o venda minhas informa\u00e7\u00f5es)<\/h2>\t\t\t\t<\/div>\n\t\t\t\t<div class=\"elementor-element elementor-element-51005c1 elementor-widget elementor-widget-text-editor\" data-id=\"51005c1\" data-element_type=\"widget\" data-e-type=\"widget\" data-widget_type=\"text-editor.default\">\n\t\t\t\t\t\t\t\t\t<p>De acordo com a CCPA, entre outros direitos, os consumidores da Calif\u00f3rnia t\u00eam direito a:<\/p><p>Solicite que uma empresa que coleta dados pessoais de um consumidor divulgue as categorias e os dados pessoais espec\u00edficos que uma empresa coletou sobre os consumidores.<\/p><p>Solicite que uma empresa exclua quaisquer dados pessoais sobre o consumidor que ela tenha coletado.<\/p><p>Solicite que uma empresa que vende dados pessoais de um consumidor n\u00e3o venda os dados pessoais do consumidor.<\/p><p>Se voc\u00ea fizer uma solicita\u00e7\u00e3o, temos um m\u00eas para responder. Se desejar exercer algum destes direitos, entre em contacto connosco.<\/p>\t\t\t\t\t\t\t\t<\/div>\n\t\t\t\t<div class=\"elementor-element elementor-element-5e984e0 elementor-widget elementor-widget-heading\" data-id=\"5e984e0\" data-element_type=\"widget\" data-e-type=\"widget\" data-widget_type=\"heading.default\">\n\t\t\t\t\t<h2 class=\"elementor-heading-title elementor-size-default\">Direitos de prote\u00e7\u00e3o de dados do GDPR<\/h2>\t\t\t\t<\/div>\n\t\t\t\t<div class=\"elementor-element elementor-element-ab3ebe6 elementor-widget elementor-widget-text-editor\" data-id=\"ab3ebe6\" data-element_type=\"widget\" data-e-type=\"widget\" data-widget_type=\"text-editor.default\">\n\t\t\t\t\t\t\t\t\t<p>Gostar\u00edamos de ter certeza de que voc\u00ea est\u00e1 plenamente ciente de todos os seus direitos de prote\u00e7\u00e3o de dados. Todo usu\u00e1rio tem direito ao seguinte:<\/p><p>O direito de acesso \u2013 Voc\u00ea tem o direito de solicitar c\u00f3pias dos seus dados pessoais. Poderemos cobrar uma pequena taxa por este servi\u00e7o.<\/p><p>O direito \u00e0 retifica\u00e7\u00e3o \u2013 Voc\u00ea tem o direito de solicitar que corrijamos qualquer informa\u00e7\u00e3o que voc\u00ea acredite ser imprecisa. Voc\u00ea tamb\u00e9m tem o direito de solicitar que completemos as informa\u00e7\u00f5es que voc\u00ea acredita estarem incompletas.<\/p><p>O direito ao apagamento \u2013 Tem o direito de solicitar que apaguemos os seus dados pessoais, sob determinadas condi\u00e7\u00f5es.<\/p><p class=\"translation-block\">Direito \u00e0 restri\u00e7\u00e3o do processamento \u2013 Voc\u00ea tem o direito de solicitar que restrinjamos o processamento dos seus dados pessoais, sob certas condi\u00e7\u00f5es.<br>Direito de oposi\u00e7\u00e3o ao processamento \u2013 Voc\u00ea tem o direito de se opor ao nosso processamento dos seus dados pessoais, sob certas condi\u00e7\u00f5es.<br>Direito \u00e0 portabilidade dos dados \u2013 Voc\u00ea tem o direito de solicitar que transfiramos os dados que coletamos para outra organiza\u00e7\u00e3o, ou diretamente para voc\u00ea, sob certas condi\u00e7\u00f5es.<br>Se voc\u00ea fizer uma solicita\u00e7\u00e3o, temos um m\u00eas para respond\u00ea-la. Caso deseje exercer algum desses direitos, entre em contato conosco pelo endere\u00e7o <a href=\"mailto:support@eclipseearn.pro\" target=\"_self\">support@eclipseearn.pro<\/a><\/p>\t\t\t\t\t\t\t\t<\/div>\n\t\t\t\t\t<\/div>\n\t\t<\/div>\n\t\t\t\t\t<\/div>\n\t\t<\/section>\n\t\t\t\t<\/div>","protected":false},"excerpt":{"rendered":"<p>Privacy Policy At Eclipse Earn, accessible from https:\/\/eclipseearn.pro\/, one of our main priorities is the privacy of our visitors. This Privacy Policy document contains types of information that is collected and recorded by Eclipse Earn and how we use it. If you have additional questions or require more information about our Privacy Policy, do not [&hellip;]<\/p>\n","protected":false},"author":1,"featured_media":0,"parent":0,"menu_order":0,"comment_status":"closed","ping_status":"closed","template":"elementor_header_footer","meta":{"footnotes":""},"class_list":["post-18","page","type-page","status-publish","hentry"],"_links":{"self":[{"href":"https:\/\/eclipseearn.pro\/pt\/wp-json\/wp\/v2\/pages\/18","targetHints":{"allow":["GET"]}}],"collection":[{"href":"https:\/\/eclipseearn.pro\/pt\/wp-json\/wp\/v2\/pages"}],"about":[{"href":"https:\/\/eclipseearn.pro\/pt\/wp-json\/wp\/v2\/types\/page"}],"author":[{"embeddable":true,"href":"https:\/\/eclipseearn.pro\/pt\/wp-json\/wp\/v2\/users\/1"}],"replies":[{"embeddable":true,"href":"https:\/\/eclipseearn.pro\/pt\/wp-json\/wp\/v2\/comments?post=18"}],"version-history":[{"count":28,"href":"https:\/\/eclipseearn.pro\/pt\/wp-json\/wp\/v2\/pages\/18\/revisions"}],"predecessor-version":[{"id":1496,"href":"https:\/\/eclipseearn.pro\/pt\/wp-json\/wp\/v2\/pages\/18\/revisions\/1496"}],"wp:attachment":[{"href":"https:\/\/eclipseearn.pro\/pt\/wp-json\/wp\/v2\/media?parent=18"}],"curies":[{"name":"wp","href":"https:\/\/api.w.org\/{rel}","templated":true}]}}