{"id":20,"date":"2024-11-13T02:08:54","date_gmt":"2024-11-13T02:08:54","guid":{"rendered":"https:\/\/eclipseearn.pro\/?page_id=20"},"modified":"2025-06-03T12:58:21","modified_gmt":"2025-06-03T12:58:21","slug":"termos-e-condicoes","status":"publish","type":"page","link":"https:\/\/eclipseearn.pro\/pt\/terms-and-conditions\/","title":{"rendered":"Termos e condi\u00e7\u00f5es"},"content":{"rendered":"<div data-elementor-type=\"wp-page\" data-elementor-id=\"20\" class=\"elementor elementor-20\" data-elementor-post-type=\"page\">\n\t\t\t\t\t\t<section class=\"elementor-section elementor-top-section elementor-element elementor-element-b2bf326 elementor-section-boxed elementor-section-height-default elementor-section-height-default\" data-id=\"b2bf326\" data-element_type=\"section\" data-e-type=\"section\" data-settings=\"{&quot;background_background&quot;:&quot;classic&quot;}\">\n\t\t\t\t\t\t<div class=\"elementor-container elementor-column-gap-default\">\n\t\t\t\t\t<div class=\"elementor-column elementor-col-100 elementor-top-column elementor-element elementor-element-4981f77\" data-id=\"4981f77\" data-element_type=\"column\" data-e-type=\"column\">\n\t\t\t<div class=\"elementor-widget-wrap elementor-element-populated\">\n\t\t\t\t\t\t<div class=\"elementor-element elementor-element-8f41932 elementor-widget elementor-widget-heading\" data-id=\"8f41932\" data-element_type=\"widget\" data-e-type=\"widget\" data-widget_type=\"heading.default\">\n\t\t\t\t\t<h1 class=\"elementor-heading-title elementor-size-default\">Termos e condi\u00e7\u00f5es<\/h1>\t\t\t\t<\/div>\n\t\t\t\t\t<\/div>\n\t\t<\/div>\n\t\t\t\t\t<\/div>\n\t\t<\/section>\n\t\t\t\t<section class=\"elementor-section elementor-top-section elementor-element elementor-element-367c5e7 elementor-section-boxed elementor-section-height-default elementor-section-height-default\" data-id=\"367c5e7\" data-element_type=\"section\" data-e-type=\"section\">\n\t\t\t\t\t\t<div class=\"elementor-container elementor-column-gap-default\">\n\t\t\t\t\t<div class=\"elementor-column elementor-col-100 elementor-top-column elementor-element elementor-element-1d8c118\" data-id=\"1d8c118\" data-element_type=\"column\" data-e-type=\"column\">\n\t\t\t<div class=\"elementor-widget-wrap elementor-element-populated\">\n\t\t\t\t\t\t<div class=\"elementor-element elementor-element-917d5f2 elementor-widget elementor-widget-heading\" data-id=\"917d5f2\" data-element_type=\"widget\" data-e-type=\"widget\" data-widget_type=\"heading.default\">\n\t\t\t\t\t<h2 class=\"elementor-heading-title elementor-size-default\">1. Geral<\/h2>\t\t\t\t<\/div>\n\t\t\t\t<div class=\"elementor-element elementor-element-2a21206 elementor-widget elementor-widget-text-editor\" data-id=\"2a21206\" data-element_type=\"widget\" data-e-type=\"widget\" data-widget_type=\"text-editor.default\">\n\t\t\t\t\t\t\t\t\t<p class=\"translation-block\">1.1. Bem-vindo(a) ao <a href=\"https:\/\/eclipseearn.pro\/pt\/\" target=\"_self\">https:\/\/eclipseearn.pro\/<\/a>(o \u201cSite\u201d).<\/p><p class=\"translation-block\">1.2. O Site inclui informa\u00e7\u00f5es sobre plataformas de terceiros (as\u00a0<b>\u201cPlataformas de Terceiros\u201d<\/b>), nomeadamente servi\u00e7os educacionais sobre t\u00e9cnicas gerais de investimento ou pesquisa de mercado. A <strong>Eclipse Earn<\/strong> atua como intermedi\u00e1ria, conectando os usu\u00e1rios a essas Plataformas de Terceiros (os\u00a0<b>\u201cServi\u00e7os\u201d<\/b>).<\/p><p class=\"translation-block\">1.3. Estes termos de uso (os\u00a0<b>\u201cTermos\u201d<\/b>) regem o seu (<b>\u201cVoc\u00ea\u201d<\/b>,\u00a0<b>\u201cSeu\u201d<\/b>\u00a0ou\u00a0<b>\u201cUsu\u00e1rio\u201d<\/b>) uso do Site e dos Servi\u00e7os. Estes Termos devem ser lidos cuidadosamente por Voc\u00ea em sua totalidade antes do Seu uso dos Servi\u00e7os. Observe que estes Termos constituem um acordo legalmente vinculativo entre Voc\u00ea e o operador do Site Eclipse Earn support . Se Voc\u00ea n\u00e3o concordar com qualquer disposi\u00e7\u00e3o destes Termos, Voc\u00ea dever\u00e1 cessar imediatamente o uso do Site. Ao usar o Site, Voc\u00ea concorda com os Termos, conforme alterados de tempos em tempos.<\/p>\t\t\t\t\t\t\t\t<\/div>\n\t\t\t\t<div class=\"elementor-element elementor-element-2f92812 elementor-widget elementor-widget-heading\" data-id=\"2f92812\" data-element_type=\"widget\" data-e-type=\"widget\" data-widget_type=\"heading.default\">\n\t\t\t\t\t<h2 class=\"elementor-heading-title elementor-size-default\">2. Descri\u00e7\u00e3o dos Servi\u00e7os<\/h2>\t\t\t\t<\/div>\n\t\t\t\t<div class=\"elementor-element elementor-element-77f656e elementor-widget elementor-widget-text-editor\" data-id=\"77f656e\" data-element_type=\"widget\" data-e-type=\"widget\" data-widget_type=\"text-editor.default\">\n\t\t\t\t\t\t\t\t\t<p>2.1. N\u00e3o somos uma plataforma de negocia\u00e7\u00e3o, nem colocamos Voc\u00ea em contato com tais plataformas de negocia\u00e7\u00e3o, a menos que tal plataforma de negocia\u00e7\u00e3o se comprometa a oferecer-lhe apenas servi\u00e7os educacionais ou pesquisas de mercado.<\/p><p>2.2. Servimos como intermedi\u00e1rio para conect\u00e1-lo a um provedor de servi\u00e7os capaz de propor conte\u00fado educacional sobre t\u00e9cnicas gerais de investimento ou pesquisas de mercado em suas \u00e1reas de interesse.<\/p><p>2.3. Um representante do prestador de servi\u00e7os acima mencionado entrar\u00e1 em contato com voc\u00ea ap\u00f3s voc\u00ea se registrar em nosso site, fornecendo informa\u00e7\u00f5es completas e corretas.<\/p><p>2.4. O papel do representante mencionado em 2.3. \u00e9 fornecer a Voc\u00ea informa\u00e7\u00f5es sobre t\u00e9cnicas gerais de investimento que se alinhem com Seus interesses ou que sejam atualmente populares e melhorem sua compreens\u00e3o das estrat\u00e9gias de investimento.<\/p>\t\t\t\t\t\t\t\t<\/div>\n\t\t\t\t<div class=\"elementor-element elementor-element-c96b1f2 elementor-widget elementor-widget-heading\" data-id=\"c96b1f2\" data-element_type=\"widget\" data-e-type=\"widget\" data-widget_type=\"heading.default\">\n\t\t\t\t\t<h2 class=\"elementor-heading-title elementor-size-default\">3. Elegibilidade<\/h2>\t\t\t\t<\/div>\n\t\t\t\t<div class=\"elementor-element elementor-element-865a0a7 elementor-widget elementor-widget-text-editor\" data-id=\"865a0a7\" data-element_type=\"widget\" data-e-type=\"widget\" data-widget_type=\"text-editor.default\">\n\t\t\t\t\t\t\t\t\t<p>3.1 S\u00f3 poder\u00e1 utilizar o Site se cumprir todos os seguintes requisitos:<\/p><p>3.1.1 Tem pelo menos 18 anos de idade;<\/p><p>3.2.2 Tem o direito legal, a autoridade e a capacidade de concordar com estes Termos e de aderir a todas as suas condi\u00e7\u00f5es;<\/p><p>3.3.3 N\u00e3o est\u00e1 proibido de utilizar o Site e\/ou os Servi\u00e7os pelas leis do seu pa\u00eds de resid\u00eancia ou do pa\u00eds em que est\u00e1 a utilizar o Site.<\/p><p>3.3.4 N\u00e3o fazemos quaisquer declara\u00e7\u00f5es ou garantias, expressas ou impl\u00edcitas, quanto \u00e0 legalidade do Site e\/ou dos Servi\u00e7os ou \u00e0 sua utiliza\u00e7\u00e3o por qualquer indiv\u00edduo. N\u00e3o somos respons\u00e1veis \u200b\u200bpor qualquer utiliza\u00e7\u00e3o ilegal do Site e\/ou dos Servi\u00e7os pelos utilizadores.<\/p>\t\t\t\t\t\t\t\t<\/div>\n\t\t\t\t<div class=\"elementor-element elementor-element-cb07710 elementor-widget elementor-widget-heading\" data-id=\"cb07710\" data-element_type=\"widget\" data-e-type=\"widget\" data-widget_type=\"heading.default\">\n\t\t\t\t\t<h2 class=\"elementor-heading-title elementor-size-default\">4. Territ\u00f3rios Restritos<\/h2>\t\t\t\t<\/div>\n\t\t\t\t<div class=\"elementor-element elementor-element-8a33d58 elementor-widget elementor-widget-text-editor\" data-id=\"8a33d58\" data-element_type=\"widget\" data-e-type=\"widget\" data-widget_type=\"text-editor.default\">\n\t\t\t\t\t\t\t\t\t<p>4.1. Sem derrogar a generalidade do acima exposto, poderemos restringir a disponibilidade do Site e\/ou Servi\u00e7os (ou qualquer parte dele) a Usu\u00e1rios localizados em territ\u00f3rios nos quais o quadro legal e regulat\u00f3rio seja incompat\u00edvel com a presta\u00e7\u00e3o dos Servi\u00e7os.<\/p><p>4.2. Poderemos impor requisitos ou condi\u00e7\u00f5es adicionais antes de aceitar Utilizadores residentes em ou provenientes de pa\u00edses espec\u00edficos, sempre que tal seja necess\u00e1rio para cumprir as leis do territ\u00f3rio em que os Utilizadores residem. Al\u00e9m disso, reconhece-se que se algum Usu\u00e1rio viajar para os Territ\u00f3rios Restritos, o Site e\/ou Servi\u00e7os poder\u00e3o ficar indispon\u00edveis e\/ou bloqueados nos mesmos.<\/p>\t\t\t\t\t\t\t\t<\/div>\n\t\t\t\t<div class=\"elementor-element elementor-element-0dd87a9 elementor-widget elementor-widget-heading\" data-id=\"0dd87a9\" data-element_type=\"widget\" data-e-type=\"widget\" data-widget_type=\"heading.default\">\n\t\t\t\t\t<h2 class=\"elementor-heading-title elementor-size-default\">5. Atividades Proibidas<\/h2>\t\t\t\t<\/div>\n\t\t\t\t<div class=\"elementor-element elementor-element-085f6d1 elementor-widget elementor-widget-text-editor\" data-id=\"085f6d1\" data-element_type=\"widget\" data-e-type=\"widget\" data-widget_type=\"text-editor.default\">\n\t\t\t\t\t\t\t\t\t<p>5.1. Voc\u00ea se compromete a usar o Site e os Servi\u00e7os de maneira respeitosa e se compromete a n\u00e3o:<\/p><p>5.1.1. Link para o Site e\/ou usar o Site para fins de upload, download, distribui\u00e7\u00e3o, publica\u00e7\u00e3o ou transmiss\u00e3o (a) de informa\u00e7\u00f5es ou outro material de maneira que viole quaisquer direitos, incluindo direitos de propriedade intelectual, prote\u00e7\u00e3o de direitos de privacidade ou qualquer outro certo; (b) informa\u00e7\u00f5es ou outro material cuja publica\u00e7\u00e3o ou utiliza\u00e7\u00e3o seja proibida por constituir amea\u00e7a, dano, insulto, cal\u00fania, difama\u00e7\u00e3o, racismo ou conte\u00fado impr\u00f3prio; (c) informa\u00e7\u00f5es ou outro material que inclua v\u00edrus ou outro software que possa danificar nossos sistemas de computador ou de terceiros ou de uma maneira que possa restringir ou impedir que outros usem o Site; (d) informa\u00e7\u00f5es ou outro material que viole qualquer lei; ou (e) informa\u00e7\u00f5es ou outro material que inclua publicidade de qualquer tipo sem nossa permiss\u00e3o pr\u00e9via por escrito;<\/p><p>5.1.2. Excluir ou modificar quaisquer atribui\u00e7\u00f5es, avisos legais ou outras designa\u00e7\u00f5es ou r\u00f3tulos de propriedade no Site;<\/p><p>5.1.3. Usar os Servi\u00e7os usando qualquer interface diferente do Site;<\/p><p>5.1.4. Interferir no uso do Site e\/ou dos Servi\u00e7os por outros Usu\u00e1rios;<\/p><p>5.1.5. Usar bots ou outros m\u00e9todos automatizados para acessar ou usar o Site e\/ou os Servi\u00e7os;<\/p><p>5.1.6. Fazer upload ou transmitir (ou tentar fazer upload ou transmitir), sem nossa permiss\u00e3o expressa, qualquer material que atue como um mecanismo passivo ou ativo de coleta ou transmiss\u00e3o de informa\u00e7\u00f5es, incluindo, sem limita\u00e7\u00e3o, web bugs, cookies ou outros dispositivos de spyware semelhantes;<\/p><p class=\"translation-block\">5.1.7. Envolver-se em\u00a0<b>\u201cenquadramento\u201d, \u201cespelhamento\u201d<\/b>\u00a0ou de outra forma simular a apar\u00eancia ou fun\u00e7\u00e3o dos Servi\u00e7os;<\/p><p>5.1.8. Violar quaisquer leis ou regulamentos aplic\u00e1veis, incentivar ou promover qualquer atividade ilegal, incluindo, entre outras, viola\u00e7\u00e3o de direitos autorais, viola\u00e7\u00e3o de marca registrada, difama\u00e7\u00e3o, invas\u00e3o de privacidade, roubo de identidade, hacking, cracking ou distribui\u00e7\u00e3o de software falsificado;<\/p><p>5.1.9. Fazer quaisquer altera\u00e7\u00f5es e\/ou interferir de qualquer forma no c\u00f3digo-fonte do Site e carregar qualquer software e\/ou aplicativo que possa prejudicar ou causar danos ao Site ou a qualquer outro terceiro;<\/p><p>5.1.10. Desmontar, descompilar ou fazer engenharia reversa de qualquer software ou outra tecnologia inclu\u00edda no Site ou usada para fornecer os Servi\u00e7os.<\/p><p>5.2. Voc\u00ea reconhece que, sem preju\u00edzo de qualquer outro direito que possamos ter, caso estabele\u00e7amos que Seu uso do Site n\u00e3o est\u00e1 em conformidade com as disposi\u00e7\u00f5es destes Termos ou qualquer lei aplic\u00e1vel, poderemos bloquear Seu acesso ao Site e\/ou Servi\u00e7os.<\/p>\t\t\t\t\t\t\t\t<\/div>\n\t\t\t\t<div class=\"elementor-element elementor-element-3ef2167 elementor-widget elementor-widget-heading\" data-id=\"3ef2167\" data-element_type=\"widget\" data-e-type=\"widget\" data-widget_type=\"heading.default\">\n\t\t\t\t\t<h2 class=\"elementor-heading-title elementor-size-default\">6. Direitos de Propriedade Intelectual<\/h2>\t\t\t\t<\/div>\n\t\t\t\t<div class=\"elementor-element elementor-element-3fe22c1 elementor-widget elementor-widget-text-editor\" data-id=\"3fe22c1\" data-element_type=\"widget\" data-e-type=\"widget\" data-widget_type=\"text-editor.default\">\n\t\t\t\t\t\t\t\t\t<p>6.1. O Site e seu conte\u00fado, incluindo materiais de v\u00eddeo, textos, fotos, logotipos, designs, m\u00fasicas, sons, figuras, marcas registradas e qualquer outro conte\u00fado incorporado no Site s\u00e3o protegidos por Nossos direitos de propriedade intelectual ou de terceiros.<\/p><p>6.2. Entre N\u00f3s e o Usu\u00e1rio, mantemos todos os direitos, t\u00edtulos e interesses no Site e nos Servi\u00e7os. A utiliza\u00e7\u00e3o do Site e\/ou dos Servi\u00e7os n\u00e3o confere ao Usu\u00e1rio nenhum dos direitos de propriedade intelectual incorporados no Site e\/ou nos Servi\u00e7os, exceto o direito de usar o Site e\/ou os Servi\u00e7os de acordo com os termos destes Termos.<\/p><p>6.3. O Usu\u00e1rio s\u00f3 poder\u00e1 utilizar o Site e\/ou os Servi\u00e7os para uso pessoal e n\u00e3o comercial.<\/p><p>6.4. Voc\u00ea n\u00e3o dever\u00e1, nem permitir\u00e1 que qualquer outra parte, modifique, descompile, desmonte, fa\u00e7a engenharia reversa, copie, transfira, crie trabalhos derivados, alugue, sublicencie, distribua, reproduza emoldurados, republice, raspe, baixe, exiba, transmita , publicar, alugar ou vender de qualquer forma ou por qualquer meio, no todo ou em parte, usar para qualquer finalidade que n\u00e3o seja a utiliza\u00e7\u00e3o do Site ou dos Servi\u00e7os de acordo com os Termos ou de outra forma explorar qualquer conte\u00fado do Site sem nossa autoriza\u00e7\u00e3o expl\u00edcita , permiss\u00e3o pr\u00e9via por escrito.<\/p>\t\t\t\t\t\t\t\t<\/div>\n\t\t\t\t<div class=\"elementor-element elementor-element-4a36889 elementor-widget elementor-widget-heading\" data-id=\"4a36889\" data-element_type=\"widget\" data-e-type=\"widget\" data-widget_type=\"heading.default\">\n\t\t\t\t\t<h2 class=\"elementor-heading-title elementor-size-default\">7. Limita\u00e7\u00e3o de Responsabilidade<\/h2>\t\t\t\t<\/div>\n\t\t\t\t<div class=\"elementor-element elementor-element-6b726e3 elementor-widget elementor-widget-text-editor\" data-id=\"6b726e3\" data-element_type=\"widget\" data-e-type=\"widget\" data-widget_type=\"text-editor.default\">\n\t\t\t\t\t\t\t\t\t<p>7.1. N\u00e3o podemos ser responsabilizados por perdas ou danos resultantes do n\u00e3o cumprimento ou cumprimento impr\u00f3prio destes Termos que sejam atribu\u00edveis a (i) Voc\u00ea ou (ii) ao ato imprevis\u00edvel e intranspon\u00edvel de um terceiro no contrato ou (iii) um evento de for\u00e7a maior.<\/p><p>7.2. Nada nestes termos pretende excluir ou limitar nossa responsabilidade para com Voc\u00ea quando for ilegal faz\u00ea-lo, principalmente no caso de:<\/p><p>(i) Morte ou danos pessoais resultantes de nossa neglig\u00eancia,<\/p><p>(ii) Fraude ou declara\u00e7\u00e3o falsa fraudulenta, e<\/p><p>(iii) qualquer outra responsabilidade que n\u00e3o possa ser exclu\u00edda ou limitada pela lei francesa<\/p><p>7.3. Sem derrogar a generalidade do acima exposto, n\u00e3o assumimos qualquer obriga\u00e7\u00e3o ou responsabilidade por quaisquer bugs, v\u00edrus, cavalos de Tr\u00f3ia ou similares que possam ser transmitidos para ou atrav\u00e9s do Site ou dos Servi\u00e7os por terceiros, a menos que sejamos culpados .<\/p><p>7.4. Envidamos nossos melhores esfor\u00e7os para garantir que o Site esteja livre de erros, equ\u00edvocos ou imprecis\u00f5es de qualquer conte\u00fado. Caso tais erros, enganos ou imprecis\u00f5es ocorram, n\u00f3s os corrigiremos sem demora.<\/p><p>7.5. Voc\u00ea concorda em nos isentar de quaisquer perdas causadas a qualquer outro terceiro, com rela\u00e7\u00e3o ao Site e\/ou aos Servi\u00e7os, que resultem da viola\u00e7\u00e3o destes Termos por Voc\u00ea.<\/p><p>7.6. N\u00e3o nos responsabilizamos por quaisquer problemas ou avarias t\u00e9cnicas de quaisquer linhas telef\u00f3nicas ou de rede, sistemas inform\u00e1ticos online, servidores ou fornecedores, hardware, software, falhas devido a problemas t\u00e9cnicos ou congestionamento de tr\u00e1fego na Internet (ou inacessibilidade da Internet) ou incompatibilidade entre o Site ou os Servi\u00e7os e Seu navegador e\/ou outro equipamento. Sem derrogar a generalidade do acima exposto, n\u00e3o assumimos qualquer responsabilidade ou risco pela Sua utiliza\u00e7\u00e3o da Internet.<\/p>\t\t\t\t\t\t\t\t<\/div>\n\t\t\t\t<div class=\"elementor-element elementor-element-a5e13d0 elementor-widget elementor-widget-heading\" data-id=\"a5e13d0\" data-element_type=\"widget\" data-e-type=\"widget\" data-widget_type=\"heading.default\">\n\t\t\t\t\t<h2 class=\"elementor-heading-title elementor-size-default\">8. Servi\u00e7os ou Conte\u00fado de Terceiros<\/h2>\t\t\t\t<\/div>\n\t\t\t\t<div class=\"elementor-element elementor-element-052ffd9 elementor-widget elementor-widget-text-editor\" data-id=\"052ffd9\" data-element_type=\"widget\" data-e-type=\"widget\" data-widget_type=\"text-editor.default\">\n\t\t\t\t\t\t\t\t\t<p>8.1. Ao utilizar os Servi\u00e7os, Voc\u00ea poder\u00e1 visualizar conte\u00fado ou servi\u00e7os fornecidos por terceiros, incluindo an\u00fancios e avalia\u00e7\u00f5es relacionadas \u00e0s Plataformas de Terceiros.<\/p><p>8.2. N\u00e3o controlamos, endossamos ou adotamos tais conte\u00fados ou servi\u00e7os, e eles podem nem sempre ser precisos ou atuais.<\/p><p>8.3. Conseq\u00fcentemente, recomendamos que voc\u00ea verifique todas as informa\u00e7\u00f5es de forma independente antes de confiar nelas, e quaisquer decis\u00f5es ou a\u00e7\u00f5es tomadas com base nessas informa\u00e7\u00f5es s\u00e3o de sua exclusiva responsabilidade.<\/p>\t\t\t\t\t\t\t\t<\/div>\n\t\t\t\t\t<\/div>\n\t\t<\/div>\n\t\t\t\t\t<\/div>\n\t\t<\/section>\n\t\t\t\t<\/div>","protected":false},"excerpt":{"rendered":"<p>Terms and Conditions 1. General 1.1. Welcome to https:\/\/eclipseearn.pro\/(the \u201cWebsite\u201d). 1.2. The Website includes information about third-party platforms (the\u00a0\u201cThird-Party Platforms\u201d) namely educational services on general investment techniques or market research. Eclipse Earn serves as an intermediary, connecting users with such Third-Party Platforms (the\u00a0\u201cServices\u201d). 1.3. These terms of use (the\u00a0\u201cTerms\u201d) govern your (\u201cYou\u201d,\u00a0\u201cYour\u201d\u00a0or\u00a0\u201cUser\u201d) use of the [&hellip;]<\/p>\n","protected":false},"author":1,"featured_media":0,"parent":0,"menu_order":0,"comment_status":"closed","ping_status":"closed","template":"elementor_header_footer","meta":{"footnotes":""},"class_list":["post-20","page","type-page","status-publish","hentry"],"_links":{"self":[{"href":"https:\/\/eclipseearn.pro\/pt\/wp-json\/wp\/v2\/pages\/20","targetHints":{"allow":["GET"]}}],"collection":[{"href":"https:\/\/eclipseearn.pro\/pt\/wp-json\/wp\/v2\/pages"}],"about":[{"href":"https:\/\/eclipseearn.pro\/pt\/wp-json\/wp\/v2\/types\/page"}],"author":[{"embeddable":true,"href":"https:\/\/eclipseearn.pro\/pt\/wp-json\/wp\/v2\/users\/1"}],"replies":[{"embeddable":true,"href":"https:\/\/eclipseearn.pro\/pt\/wp-json\/wp\/v2\/comments?post=20"}],"version-history":[{"count":31,"href":"https:\/\/eclipseearn.pro\/pt\/wp-json\/wp\/v2\/pages\/20\/revisions"}],"predecessor-version":[{"id":1416,"href":"https:\/\/eclipseearn.pro\/pt\/wp-json\/wp\/v2\/pages\/20\/revisions\/1416"}],"wp:attachment":[{"href":"https:\/\/eclipseearn.pro\/pt\/wp-json\/wp\/v2\/media?parent=20"}],"curies":[{"name":"wp","href":"https:\/\/api.w.org\/{rel}","templated":true}]}}