{"id":221,"date":"2024-11-13T11:28:55","date_gmt":"2024-11-13T11:28:55","guid":{"rendered":"https:\/\/eclipseearn.pro\/?page_id=221"},"modified":"2025-10-30T10:40:40","modified_gmt":"2025-10-30T10:40:40","slug":"obrigado","status":"publish","type":"page","link":"https:\/\/eclipseearn.pro\/pt\/thank-you\/","title":{"rendered":"Thank you"},"content":{"rendered":"<div data-elementor-type=\"wp-page\" data-elementor-id=\"221\" class=\"elementor elementor-221\" data-elementor-post-type=\"page\">\n\t\t\t\t<div class=\"elementor-element elementor-element-8604685 e-flex e-con-boxed e-con e-parent\" data-id=\"8604685\" data-element_type=\"container\" data-e-type=\"container\" data-settings=\"{&quot;background_background&quot;:&quot;video&quot;,&quot;background_video_link&quot;:&quot;https:\\\/\\\/eclipseearn.pro\\\/wp-content\\\/uploads\\\/2025\\\/03\\\/thankyou-file.mp4&quot;,&quot;background_play_on_mobile&quot;:&quot;yes&quot;}\">\n\t\t\t\t\t<div class=\"e-con-inner\">\n\t\t<div class=\"elementor-background-video-container\">\n\t\t\t\t\t\t\t<video class=\"elementor-background-video-hosted\" role=\"presentation\" autoplay muted playsinline loop><\/video>\n\t\t\t\t\t<\/div><div class=\"elementor-element elementor-element-645276d e-flex e-con-boxed e-con e-child\" data-id=\"645276d\" data-element_type=\"container\" data-e-type=\"container\">\n\t\t\t\t\t<div class=\"e-con-inner\">\n\t\t\t\t<div class=\"elementor-element elementor-element-df2baa7 elementor-widget elementor-widget-heading\" data-id=\"df2baa7\" data-element_type=\"widget\" data-e-type=\"widget\" data-widget_type=\"heading.default\">\n\t\t\t\t\t<h1 class=\"elementor-heading-title elementor-size-default\">Obrigado pelo seu registo!<\/h1>\t\t\t\t<\/div>\n\t\t\t\t<div class=\"elementor-element elementor-element-7fe81d8 elementor-widget__width-initial elementor-widget elementor-widget-text-editor\" data-id=\"7fe81d8\" data-element_type=\"widget\" data-e-type=\"widget\" data-widget_type=\"text-editor.default\">\n\t\t\t\t\t\t\t\t\t<p>\u00a0Estamos muito felizes por receb\u00ea-lo! Para garantir que oferecemos o melhor servi\u00e7o, mantenha o seu telefone dispon\u00edvel para chamadas. Poderemos ter de entrar em contacto consigo para obter informa\u00e7\u00f5es adicionais ou para discutir os seus dados de registo. Fique descansado, entraremos em contacto consigo em breve para entrar em contacto e responder a quaisquer d\u00favidas ou preocupa\u00e7\u00f5es que possa ter. Valorizamos a sua participa\u00e7\u00e3o e dedicamo-nos a tornar a sua experi\u00eancia connosco excepcional. Obrigado novamente por se ter registado e esperamos falar consigo em breve!<\/p>\t\t\t\t\t\t\t\t<\/div>\n\t\t\t\t<div class=\"elementor-element elementor-element-b7d89e2 elementor-align-center elementor-widget elementor-widget-button\" data-id=\"b7d89e2\" data-element_type=\"widget\" data-e-type=\"widget\" data-widget_type=\"button.default\">\n\t\t\t\t\t\t\t\t\t\t<a class=\"elementor-button elementor-button-link elementor-size-sm elementor-animation-float\" href=\"https:\/\/eclipseearn.pro\/pt\/\">\n\t\t\t\t\t\t<span class=\"elementor-button-content-wrapper\">\n\t\t\t\t\t\t<span class=\"elementor-button-icon\">\n\t\t\t\t<svg aria-hidden=\"true\" class=\"e-font-icon-svg e-fas-arrow-up\" viewbox=\"0 0 448 512\" xmlns=\"http:\/\/www.w3.org\/2000\/svg\"><path d=\"M34.9 289.5l-22.2-22.2c-9.4-9.4-9.4-24.6 0-33.9L207 39c9.4-9.4 24.6-9.4 33.9 0l194.3 194.3c9.4 9.4 9.4 24.6 0 33.9L413 289.4c-9.5 9.5-25 9.3-34.3-.4L264 168.6V456c0 13.3-10.7 24-24 24h-32c-13.3 0-24-10.7-24-24V168.6L69.2 289.1c-9.3 9.8-24.8 10-34.3.4z\"><\/path><\/svg>\t\t\t<\/span>\n\t\t\t\t\t\t\t\t\t<span class=\"elementor-button-text\">VOLTE PARA CASA<\/span>\n\t\t\t\t\t<\/span>\n\t\t\t\t\t<\/a>\n\t\t\t\t\t\t\t\t<\/div>\n\t\t\t\t\t<\/div>\n\t\t\t\t<\/div>\n\t\t\t\t\t<\/div>\n\t\t\t\t<\/div>\n\t\t\t\t<\/div>","protected":false},"excerpt":{"rendered":"<p>Thank you for your registration! \u00a0We\u2019re thrilled to welcome you! To ensure we provide the best service, please keep your phone available for a call. We may need to contact you for additional information or to discuss your registration details. Rest assured, we\u2019ll reach out soon to connect and address any questions or concerns you [&hellip;]<\/p>\n","protected":false},"author":1,"featured_media":0,"parent":0,"menu_order":0,"comment_status":"closed","ping_status":"closed","template":"elementor_header_footer","meta":{"footnotes":""},"class_list":["post-221","page","type-page","status-publish","hentry"],"_links":{"self":[{"href":"https:\/\/eclipseearn.pro\/pt\/wp-json\/wp\/v2\/pages\/221","targetHints":{"allow":["GET"]}}],"collection":[{"href":"https:\/\/eclipseearn.pro\/pt\/wp-json\/wp\/v2\/pages"}],"about":[{"href":"https:\/\/eclipseearn.pro\/pt\/wp-json\/wp\/v2\/types\/page"}],"author":[{"embeddable":true,"href":"https:\/\/eclipseearn.pro\/pt\/wp-json\/wp\/v2\/users\/1"}],"replies":[{"embeddable":true,"href":"https:\/\/eclipseearn.pro\/pt\/wp-json\/wp\/v2\/comments?post=221"}],"version-history":[{"count":43,"href":"https:\/\/eclipseearn.pro\/pt\/wp-json\/wp\/v2\/pages\/221\/revisions"}],"predecessor-version":[{"id":1538,"href":"https:\/\/eclipseearn.pro\/pt\/wp-json\/wp\/v2\/pages\/221\/revisions\/1538"}],"wp:attachment":[{"href":"https:\/\/eclipseearn.pro\/pt\/wp-json\/wp\/v2\/media?parent=221"}],"curies":[{"name":"wp","href":"https:\/\/api.w.org\/{rel}","templated":true}]}}