{"id":553,"date":"2024-12-06T05:21:21","date_gmt":"2024-12-06T05:21:21","guid":{"rendered":"https:\/\/eclipseearn.pro\/?page_id=553"},"modified":"2024-12-06T06:17:35","modified_gmt":"2024-12-06T06:17:35","slug":"nota-de-risco","status":"publish","type":"page","link":"https:\/\/eclipseearn.pro\/pt\/risk-note\/","title":{"rendered":"Nota de Risco"},"content":{"rendered":"<div data-elementor-type=\"wp-page\" data-elementor-id=\"553\" class=\"elementor elementor-553\" data-elementor-post-type=\"page\">\n\t\t\t\t\t\t<section class=\"elementor-section elementor-top-section elementor-element elementor-element-a331eb7 elementor-section-boxed elementor-section-height-default elementor-section-height-default\" data-id=\"a331eb7\" data-element_type=\"section\" data-e-type=\"section\" data-settings=\"{&quot;background_background&quot;:&quot;classic&quot;}\">\n\t\t\t\t\t\t<div class=\"elementor-container elementor-column-gap-default\">\n\t\t\t\t\t<div class=\"elementor-column elementor-col-100 elementor-top-column elementor-element elementor-element-316dcc9\" data-id=\"316dcc9\" data-element_type=\"column\" data-e-type=\"column\">\n\t\t\t<div class=\"elementor-widget-wrap elementor-element-populated\">\n\t\t\t\t\t\t<div class=\"elementor-element elementor-element-6c006df elementor-widget elementor-widget-heading\" data-id=\"6c006df\" data-element_type=\"widget\" data-e-type=\"widget\" data-widget_type=\"heading.default\">\n\t\t\t\t\t<h1 class=\"elementor-heading-title elementor-size-default\">Nota de Risco<\/h1>\t\t\t\t<\/div>\n\t\t\t\t\t<\/div>\n\t\t<\/div>\n\t\t\t\t\t<\/div>\n\t\t<\/section>\n\t\t\t\t<section class=\"elementor-section elementor-top-section elementor-element elementor-element-289ff3a elementor-section-boxed elementor-section-height-default elementor-section-height-default\" data-id=\"289ff3a\" data-element_type=\"section\" data-e-type=\"section\">\n\t\t\t\t\t\t<div class=\"elementor-container elementor-column-gap-default\">\n\t\t\t\t\t<div class=\"elementor-column elementor-col-100 elementor-top-column elementor-element elementor-element-6732eee\" data-id=\"6732eee\" data-element_type=\"column\" data-e-type=\"column\">\n\t\t\t<div class=\"elementor-widget-wrap elementor-element-populated\">\n\t\t\t\t\t\t<div class=\"elementor-element elementor-element-7013ec3 elementor-widget elementor-widget-text-editor\" data-id=\"7013ec3\" data-element_type=\"widget\" data-e-type=\"widget\" data-widget_type=\"text-editor.default\">\n\t\t\t\t\t\t\t\t\t<p>A negocia\u00e7\u00e3o apresenta uma oportunidade para recompensas substanciais, mas tamb\u00e9m traz o risco de perda potencial de fundos, o que os investidores em potencial devem considerar cuidadosamente. \u00c9 importante reconhecer que aproximadamente 70% dos investidores enfrentam contratempos financeiros.<\/p><p>O uso do nome \"Eclipse Earn\" e de quaisquer outros pseud\u00f4nimos comerciais nesta plataforma \u00e9 exclusivamente para fins comerciais. Esses nomes n\u00e3o se referem a nenhuma empresa ou prestador de servi\u00e7os espec\u00edfico.<\/p><p>O v\u00eddeo exibido neste site tem fins meramente ilustrativos e de demonstra\u00e7\u00e3o comercial. \u00c9 fundamental enfatizar que todos os indiv\u00edduos apresentados no v\u00eddeo s\u00e3o atores profissionais.<\/p><p>Antes de fazer qualquer investimento, \u00e9 altamente recomend\u00e1vel revisar e compreender completamente os Termos e Condi\u00e7\u00f5es e a p\u00e1gina de Isen\u00e7\u00e3o de Responsabilidade da plataforma do investidor terceirizado. Al\u00e9m disso, os usu\u00e1rios devem estar cientes de suas responsabilidades pessoais com rela\u00e7\u00e3o ao imposto sobre ganhos de capital em seu pa\u00eds de resid\u00eancia. A conformidade com as normas legais \u00e9 essencial, pois \u00e9 ilegal solicitar que indiv\u00edduos dos Estados Unidos participem da negocia\u00e7\u00e3o de op\u00e7\u00f5es de commodities, a menos que essas op\u00e7\u00f5es sejam listadas e negociadas em uma bolsa registrada na CFTC ou estejam legalmente isentas.<\/p><p>A Autoridade de Conduta Financeira (\"FCA\") emitiu a declara\u00e7\u00e3o de pol\u00edtica PS20\/10, que pro\u00edbe estritamente a venda, promo\u00e7\u00e3o e distribui\u00e7\u00e3o de CFDs sobre Ativos de Mercado. Tamb\u00e9m pro\u00edbe a dissemina\u00e7\u00e3o de materiais de marketing relacionados \u00e0 oferta de CFDs e outros produtos financeiros baseados em Ativos de Mercado especificamente direcionados a residentes do Reino Unido.<\/p><p>Ao fornecer suas informa\u00e7\u00f5es pessoais, voc\u00ea consente e nos autoriza a compartilhar seus dados pessoais com terceiros que oferecem servi\u00e7os de negocia\u00e7\u00e3o, conforme descrito em nossa Pol\u00edtica de Privacidade e Termos e Condi\u00e7\u00f5es.<\/p><p>H\u00e1 v\u00e1rias op\u00e7\u00f5es de negocia\u00e7\u00e3o dispon\u00edveis para os negociadores e usu\u00e1rios dessa plataforma. Essas op\u00e7\u00f5es incluem o uso de software de negocia\u00e7\u00e3o, a utiliza\u00e7\u00e3o dos servi\u00e7os de corretores humanos ou a execu\u00e7\u00e3o de negocia\u00e7\u00f5es de forma independente. \u00c9 de responsabilidade exclusiva do operador avaliar e determinar a abordagem de negocia\u00e7\u00e3o mais adequada que se alinhe \u00e0s suas circunst\u00e2ncias individuais.<\/p>\t\t\t\t\t\t\t\t<\/div>\n\t\t\t\t\t<\/div>\n\t\t<\/div>\n\t\t\t\t\t<\/div>\n\t\t<\/section>\n\t\t\t\t<\/div>","protected":false},"excerpt":{"rendered":"<p>Risk Note Trading presents an opportunity for substantial rewards, but it also carries the risk of potential loss of funds, which prospective investors should carefully consider. It\u2019s important to acknowledge that approximately 70 percent of investors face financial setbacks. The use of the name \u201cEclipse Earn\u201d and any other business aliases on this platform is [&hellip;]<\/p>\n","protected":false},"author":1,"featured_media":0,"parent":0,"menu_order":0,"comment_status":"closed","ping_status":"closed","template":"elementor_header_footer","meta":{"footnotes":""},"class_list":["post-553","page","type-page","status-publish","hentry"],"_links":{"self":[{"href":"https:\/\/eclipseearn.pro\/pt\/wp-json\/wp\/v2\/pages\/553","targetHints":{"allow":["GET"]}}],"collection":[{"href":"https:\/\/eclipseearn.pro\/pt\/wp-json\/wp\/v2\/pages"}],"about":[{"href":"https:\/\/eclipseearn.pro\/pt\/wp-json\/wp\/v2\/types\/page"}],"author":[{"embeddable":true,"href":"https:\/\/eclipseearn.pro\/pt\/wp-json\/wp\/v2\/users\/1"}],"replies":[{"embeddable":true,"href":"https:\/\/eclipseearn.pro\/pt\/wp-json\/wp\/v2\/comments?post=553"}],"version-history":[{"count":7,"href":"https:\/\/eclipseearn.pro\/pt\/wp-json\/wp\/v2\/pages\/553\/revisions"}],"predecessor-version":[{"id":627,"href":"https:\/\/eclipseearn.pro\/pt\/wp-json\/wp\/v2\/pages\/553\/revisions\/627"}],"wp:attachment":[{"href":"https:\/\/eclipseearn.pro\/pt\/wp-json\/wp\/v2\/media?parent=553"}],"curies":[{"name":"wp","href":"https:\/\/api.w.org\/{rel}","templated":true}]}}